{"id":661029,"date":"2025-04-29T05:03:16","date_gmt":"2025-04-29T04:03:16","guid":{"rendered":"https:\/\/shop.kustom.ch\/?post_type=product&#038;p=661029"},"modified":"2026-03-31T08:31:26","modified_gmt":"2026-03-31T07:31:26","slug":"high-vis-arbeitshose-mit-stretch-3","status":"publish","type":"product","link":"https:\/\/shop.kustom.ch\/en\/product\/high-vis-arbeitshose-mit-stretch-3\/","title":{"rendered":"High vis work trousers with stretch"},"content":{"rendered":"<p>Lightweight and flexible high vis trousers in a durable but soft material suitable for demanding environments. The trousers offer good freedom of movement thanks to the stretch inserts in the crotch, knees and seat. Reinforced knee pad pockets made of CORDURA\u00ae stretch material ensure better comfort when working on the knees. Certified to EN ISO 20471 Class 1, high visibility protective clothing. Produced and labelled in accordance with the OEKO-TEX\u00ae MADE IN GREEN standardThe OEKO-TEX\u00ae MADE IN GREEN standard ensures that textiles and leather products are produced in a sustainable and socially responsible manner, are free from harmful substances and are fully traceable. This guarantees a safe and environmentally friendly product.find out more about the sustainability seals on our garments.<\/p>\n<p>FUNCTIONALITY: Stretch inserts in the crotch, knees and seat. Particularly ergonomically shaped trouser legs. DETAILS: Plastic zip at the crotch. Loops, one with D-ring. POCKETS: Leg pocket with bellows, zip, pen and knife pocket. Back pocket, one with flap. Mobile phone pocket inside. Knee pad pockets. Side pockets. Reinforced, three-part tool pockets. Reinforced folding rule pocket with knife holder and pen pocket. REINFORCEMENT: CORDURA\u00ae stretch-reinforced knee pad pockets. CORDURA\u00ae reinforced tool pockets and folding rule pocket. REFLEX: 70 mm wide reflective strips. Reflective material around the legs. WASHING INSTRUCTIONS: Number of washes: 50. colour 55XX\/XX55 - household wash according to EN ISO 20471. 60\u00b0 C. Do not bleach. Do not iron. Do not dry clean. Do not spin-dry. MAIN PROPERTIES: Driver. Craftsmen. Road and construction workers. EN 14004. EN ISO 20471. FABRIC: Men. blue. High-vis yellow. Knee pad pockets. Lightweight. Stretch insert. Tool pockets. Stretch. High-visibility protection. USP: CORDURA\u00ae-reinforced tool pockets. Knee pad pockets made of reinforced CORDURA\u00ae stretch. Stretch inserts. Pre-shaped legs. Water-repellent. CERTIFICATION: EN 14404:2004+A1:2010 together with knee pads 4027, 4057, 4058 and 4032. EN ISO 20471, class 1. certification group W<\/p>\n<p>65% polyester, 35% cotton, twill, water-repellent outer fabric, 240g\/m\u00b2<\/p>","protected":false},"excerpt":{"rendered":"<p>Leichte und flexible High Vis Bundhose aus einem strapazierf\u00e4higen aber weichen Material geeignet f\u00fcr fordernde Umgebungen. Die Hose bietet gute Bewegungsfreiheit durch die Stretch Eins\u00e4tze im Schritt, an den Knien und am Ges\u00e4ss. Verst\u00e4rkte Kniepolstertaschen aus CORDURA\u00ae Stretch Material sorgen f\u00fcr besseren Komfort bei der Arbeit auf den Knien. Zertifiziert nach EN ISO 20471 Klasse [&hellip;]<\/p>\n","protected":false},"featured_media":661032,"template":"","meta":[],"product_brand":[],"product_cat":[4185],"product_tag":[],"class_list":{"0":"post-661029","1":"product","2":"type-product","3":"status-publish","4":"has-post-thumbnail","6":"product_cat-hosen","7":"pa_brand-blaklaeder","8":"pa_brand-type-workwear","9":"pa_filter-color-blau","10":"pa_filter-color-gelb","11":"pa_filter-color-grau","12":"pa_filter-color-orange","13":"pa_filter-color-rot","14":"pa_filter-color-schwarz","16":"first","17":"instock","18":"sale","19":"taxable","20":"shipping-taxable","21":"purchasable","22":"product-type-variable","23":"add-to-wishlist-before_image"},"exclude_global_add_ons":[],"addons":[],"acf":[],"_links":{"self":[{"href":"https:\/\/shop.kustom.ch\/en\/wp-json\/wp\/v2\/product\/661029"}],"collection":[{"href":"https:\/\/shop.kustom.ch\/en\/wp-json\/wp\/v2\/product"}],"about":[{"href":"https:\/\/shop.kustom.ch\/en\/wp-json\/wp\/v2\/types\/product"}],"wp:featuredmedia":[{"embeddable":true,"href":"https:\/\/shop.kustom.ch\/en\/wp-json\/wp\/v2\/media\/661032"}],"wp:attachment":[{"href":"https:\/\/shop.kustom.ch\/en\/wp-json\/wp\/v2\/media?parent=661029"}],"wp:term":[{"taxonomy":"product_brand","embeddable":true,"href":"https:\/\/shop.kustom.ch\/en\/wp-json\/wp\/v2\/product_brand?post=661029"},{"taxonomy":"product_cat","embeddable":true,"href":"https:\/\/shop.kustom.ch\/en\/wp-json\/wp\/v2\/product_cat?post=661029"},{"taxonomy":"product_tag","embeddable":true,"href":"https:\/\/shop.kustom.ch\/en\/wp-json\/wp\/v2\/product_tag?post=661029"}],"curies":[{"name":"wp","href":"https:\/\/api.w.org\/{rel}","templated":true}]}}