{"id":660431,"date":"2025-04-29T04:57:23","date_gmt":"2025-04-29T03:57:23","guid":{"rendered":"https:\/\/shop.kustom.ch\/?post_type=product&#038;p=660431"},"modified":"2026-03-31T09:14:52","modified_gmt":"2026-03-31T08:14:52","slug":"t-shirt-blaklaeder-beach-club","status":"publish","type":"product","link":"https:\/\/shop.kustom.ch\/en\/product\/t-shirt-blaklaeder-beach-club\/","title":{"rendered":"T-shirt Bl\u00e5kl\u00e4der Beach Club"},"content":{"rendered":"<p>T-shirt made from 100 % cotton, which creates a summery atmosphere both at work and in your free time. Also available as ladies' model 9417.<\/p>\n<p>FUNCTIONALITY: Regular fit. DETAILS: Print on the back. Print on the chest. Ribbed neckband. Round neck. Reinforced neck seams. Reinforced shoulder seams. WASHING INSTRUCTIONS: 40\u00b0 C. Iron - medium. Do not bleach. Do not dry clean. Do not spin. MAIN PROPERTIES: Concrete worker. Floor layers. Roofer. Drivers. Fisherman. Gardener. Handyman. Plumber. Warehouse worker. Painter. Bricklayer \/ tiler. Mechanic. Cleaner. Service employee. Plumber. FABRIC: Available for men and women. Men. black. white. Profile. USP: 100 % cotton<\/p>\n<p>100% Cotton, jersey, 150 g\/m\u00b2<\/p>","protected":false},"excerpt":{"rendered":"<p>T-Shirt aus 100 % Baumwolle, das sowohl im Job als auch in der Freizeit f\u00fcr Sommerstimmung sorgt. Auch als Damenmodell 9417 erh\u00e4ltlich. FUNKTIONALIT\u00c4T: Normale Passform. DETAILS: Aufdruck auf dem R\u00fccken. Aufdruck auf der Brust. Gerippter Halsbund. Rundhals. Verst\u00e4rkte Halsn\u00e4hte. Verst\u00e4rkte Schultern\u00e4hte. WASCHANLEITUNG: 40\u00b0 C. B\u00fcgeln &#8211; mittel. Nicht bleichen. Nicht chemisch reinigen. Nicht schleudern. HAUPTEIGENSCHAFTEN: [&hellip;]<\/p>\n","protected":false},"featured_media":660479,"template":"","meta":[],"product_brand":[],"product_cat":[4201],"product_tag":[],"class_list":{"0":"post-660431","1":"product","2":"type-product","3":"status-publish","4":"has-post-thumbnail","6":"product_cat-t-shirts","7":"pa_brand-blaklaeder","8":"pa_brand-type-workwear","9":"pa_filter-color-blau","10":"pa_filter-color-grau","11":"pa_filter-color-weiss","13":"first","14":"instock","15":"sale","16":"taxable","17":"shipping-taxable","18":"purchasable","19":"product-type-variable","20":"add-to-wishlist-before_image"},"exclude_global_add_ons":[],"addons":[],"acf":[],"_links":{"self":[{"href":"https:\/\/shop.kustom.ch\/en\/wp-json\/wp\/v2\/product\/660431"}],"collection":[{"href":"https:\/\/shop.kustom.ch\/en\/wp-json\/wp\/v2\/product"}],"about":[{"href":"https:\/\/shop.kustom.ch\/en\/wp-json\/wp\/v2\/types\/product"}],"wp:featuredmedia":[{"embeddable":true,"href":"https:\/\/shop.kustom.ch\/en\/wp-json\/wp\/v2\/media\/660479"}],"wp:attachment":[{"href":"https:\/\/shop.kustom.ch\/en\/wp-json\/wp\/v2\/media?parent=660431"}],"wp:term":[{"taxonomy":"product_brand","embeddable":true,"href":"https:\/\/shop.kustom.ch\/en\/wp-json\/wp\/v2\/product_brand?post=660431"},{"taxonomy":"product_cat","embeddable":true,"href":"https:\/\/shop.kustom.ch\/en\/wp-json\/wp\/v2\/product_cat?post=660431"},{"taxonomy":"product_tag","embeddable":true,"href":"https:\/\/shop.kustom.ch\/en\/wp-json\/wp\/v2\/product_tag?post=660431"}],"curies":[{"name":"wp","href":"https:\/\/api.w.org\/{rel}","templated":true}]}}