{"id":660429,"date":"2025-04-29T04:57:23","date_gmt":"2025-04-29T03:57:23","guid":{"rendered":"https:\/\/shop.kustom.ch\/?post_type=product&#038;p=660429"},"modified":"2026-03-31T09:14:46","modified_gmt":"2026-03-31T08:14:46","slug":"damen-t-shirt-grit-and-grind","status":"publish","type":"product","link":"https:\/\/shop.kustom.ch\/en\/product\/damen-t-shirt-grit-and-grind\/","title":{"rendered":"Ladies T-Shirt Grit and Grind"},"content":{"rendered":"<p>Women's T-shirt made from 100 % cotton to help you grit your teeth, keep going and get the job done in style. Also available as men's model 9421.<\/p>\n<p>FUNCTIONALITY: Women's size. Regular fit. Tailored cut. DETAILS: Print on the chest. Round neck. Reinforced neck seams. Reinforced shoulder seams. WASHING INSTRUCTIONS: 40\u00b0 C. Iron - medium. Do not bleach. Do not dry clean. Do not spin. MAIN PROPERTIES: Concrete worker. Floor layers. Roofer. Drivers. Fisherman. Gardener. Handyman. Plumber. Warehouse worker. Painter. Bricklayer \/ tiler. Mechanic. Cleaner. Plumber. FABRIC: Ladies. Available for men and women. green. Profile. USP: 100 % cotton<\/p>\n<p>100% Cotton, jersey, 150 g\/m\u00b2<\/p>","protected":false},"excerpt":{"rendered":"<p>Damen T-Shirt aus 100 % Baumwolle, das dir hilft, die Z\u00e4hne zusammenzubeissen, weiterzumachen und den Job mit Stil zu erledigen. Auch als Herrenmodell 9421 erh\u00e4ltlich. FUNKTIONALIT\u00c4T: Damengr\u00f6sse. Normale Passform. Tailliert geschnitten. DETAILS: Aufdruck auf der Brust. Rundhals. Verst\u00e4rkte Halsn\u00e4hte. Verst\u00e4rkte Schultern\u00e4hte. WASCHANLEITUNG: 40\u00b0 C. B\u00fcgeln &#8211; mittel. Nicht bleichen. Nicht chemisch reinigen. Nicht schleudern. HAUPTEIGENSCHAFTEN: [&hellip;]<\/p>\n","protected":false},"featured_media":660445,"template":"","meta":[],"product_brand":[],"product_cat":[4201],"product_tag":[],"class_list":{"0":"post-660429","1":"product","2":"type-product","3":"status-publish","4":"has-post-thumbnail","6":"product_cat-t-shirts","7":"pa_brand-blaklaeder","8":"pa_brand-type-workwear","9":"pa_filter-color-blau","10":"pa_filter-color-gruen","12":"first","13":"instock","14":"sale","15":"taxable","16":"shipping-taxable","17":"purchasable","18":"product-type-variable","19":"add-to-wishlist-before_image"},"exclude_global_add_ons":[],"addons":[],"acf":[],"_links":{"self":[{"href":"https:\/\/shop.kustom.ch\/en\/wp-json\/wp\/v2\/product\/660429"}],"collection":[{"href":"https:\/\/shop.kustom.ch\/en\/wp-json\/wp\/v2\/product"}],"about":[{"href":"https:\/\/shop.kustom.ch\/en\/wp-json\/wp\/v2\/types\/product"}],"wp:featuredmedia":[{"embeddable":true,"href":"https:\/\/shop.kustom.ch\/en\/wp-json\/wp\/v2\/media\/660445"}],"wp:attachment":[{"href":"https:\/\/shop.kustom.ch\/en\/wp-json\/wp\/v2\/media?parent=660429"}],"wp:term":[{"taxonomy":"product_brand","embeddable":true,"href":"https:\/\/shop.kustom.ch\/en\/wp-json\/wp\/v2\/product_brand?post=660429"},{"taxonomy":"product_cat","embeddable":true,"href":"https:\/\/shop.kustom.ch\/en\/wp-json\/wp\/v2\/product_cat?post=660429"},{"taxonomy":"product_tag","embeddable":true,"href":"https:\/\/shop.kustom.ch\/en\/wp-json\/wp\/v2\/product_tag?post=660429"}],"curies":[{"name":"wp","href":"https:\/\/api.w.org\/{rel}","templated":true}]}}