{"id":660365,"date":"2025-04-29T04:56:58","date_gmt":"2025-04-29T03:56:58","guid":{"rendered":"https:\/\/shop.kustom.ch\/?post_type=product&#038;p=660365"},"modified":"2026-03-31T09:14:45","modified_gmt":"2026-03-31T08:14:45","slug":"poloshirt-grit-and-grind","status":"publish","type":"product","link":"https:\/\/shop.kustom.ch\/en\/product\/poloshirt-grit-and-grind\/","title":{"rendered":"Grit and Grind polo shirt"},"content":{"rendered":"<p>Short-sleeved polo shirt to help you grit your teeth, work hard and get the job done in style.<\/p>\n<p>DETAILS: Neckline with buttons. Ribbed collar. Reinforced neck seams. Reinforced shoulder seams. FINISH: Ribbed cuffs. Extended back. WASHING INSTRUCTIONS: 40\u00b0 C. Iron - medium. Do not bleach. Do not dry clean. Do not spin. MAIN PROPERTIES: Flooring. Roofer. Driver. Fisherman. Gardener. Handyman. Plumber. Warehouse worker. Painter. Bricklayer \/ tiler. Mechanic. Cleaner. Plumber. FABRIC: Men. green. Profile<\/p>\n<p>60% cotton, 40% polyester, 220 g\/m\u00b2<\/p>","protected":false},"excerpt":{"rendered":"<p>Kurz\u00e4rmeliges Poloshirt, das dir hilft, die Z\u00e4hne zusammenzubeissen, dich anzustrengen und die Arbeit stilvoll zu erledigen. DETAILS: Halsausschnitt mit Kn\u00f6pfen. Gerippter Kragen. Verst\u00e4rkte Halsn\u00e4hte. Verst\u00e4rkte Schultern\u00e4hte. ABSCHLUSS: Rippstrickb\u00fcndchen. Verl\u00e4ngerter R\u00fccken. WASCHANLEITUNG: 40\u00b0 C. B\u00fcgeln &#8211; mittel. Nicht bleichen. Nicht chemisch reinigen. Nicht schleudern. HAUPTEIGENSCHAFTEN: Bodenleger. Dachdecker. Fahrer. Fischer. Gartenarbeiter. Handwerker. Installateur. Lagerarbeiter. Maler. Maurer \/ [&hellip;]<\/p>\n","protected":false},"featured_media":660424,"template":"","meta":[],"product_brand":[],"product_cat":[4193],"product_tag":[],"class_list":{"0":"post-660365","1":"product","2":"type-product","3":"status-publish","4":"has-post-thumbnail","6":"product_cat-polos","7":"pa_brand-blaklaeder","8":"pa_brand-type-workwear","9":"pa_filter-color-blau","10":"pa_filter-color-gruen","12":"first","13":"instock","14":"sale","15":"taxable","16":"shipping-taxable","17":"purchasable","18":"product-type-variable","19":"add-to-wishlist-before_image"},"exclude_global_add_ons":[],"addons":[],"acf":[],"_links":{"self":[{"href":"https:\/\/shop.kustom.ch\/en\/wp-json\/wp\/v2\/product\/660365"}],"collection":[{"href":"https:\/\/shop.kustom.ch\/en\/wp-json\/wp\/v2\/product"}],"about":[{"href":"https:\/\/shop.kustom.ch\/en\/wp-json\/wp\/v2\/types\/product"}],"wp:featuredmedia":[{"embeddable":true,"href":"https:\/\/shop.kustom.ch\/en\/wp-json\/wp\/v2\/media\/660424"}],"wp:attachment":[{"href":"https:\/\/shop.kustom.ch\/en\/wp-json\/wp\/v2\/media?parent=660365"}],"wp:term":[{"taxonomy":"product_brand","embeddable":true,"href":"https:\/\/shop.kustom.ch\/en\/wp-json\/wp\/v2\/product_brand?post=660365"},{"taxonomy":"product_cat","embeddable":true,"href":"https:\/\/shop.kustom.ch\/en\/wp-json\/wp\/v2\/product_cat?post=660365"},{"taxonomy":"product_tag","embeddable":true,"href":"https:\/\/shop.kustom.ch\/en\/wp-json\/wp\/v2\/product_tag?post=660365"}],"curies":[{"name":"wp","href":"https:\/\/api.w.org\/{rel}","templated":true}]}}