{"id":660303,"date":"2025-04-29T04:56:30","date_gmt":"2025-04-29T03:56:30","guid":{"rendered":"https:\/\/shop.kustom.ch\/?post_type=product&#038;p=660303"},"modified":"2026-03-31T09:12:07","modified_gmt":"2026-03-31T08:12:07","slug":"striker-damen-handwerker-arbeitshose-stretch","status":"publish","type":"product","link":"https:\/\/shop.kustom.ch\/en\/product\/striker-damen-handwerker-arbeitshose-stretch\/","title":{"rendered":"STRIKER ladies craftsman work trousers stretch"},"content":{"rendered":"<p>Hard-wearing craftsman trousers made from 2-way CORDURA\u00ae stretch twill, offering the ultimate in durability and comfort. 4-way stretch panels at the crotch, yoke and back of the knees ensure optimum freedom of movement. The trousers have a high waist at the back, detachable nail pockets and tapered legs. Ventilated knees and yoke for greater comfort. Durable knee pad pockets made of CORDURA\u00ae Stretch Dobby. Also available as men's model 1970. 2-way CORDURA\u00ae Stretch Twill with improved colour fastness and durability4-way stretch in the crotch, yoke and back of the kneesNew, high-quality CORDURA\u00ae Stretch Dobby knee pad pocketsVentilation in the yoke and back of the kneesRaised waistband in the back areaPre-shaped design for optimum comfortRemovable and replaceable tool pocketsMesh mobile phone pocketsReflective detailsRemovable and replaceable loop for hammer holder<\/p>\n<p>FUNCTIONALITY: 2-way stretch with 4-way stretch inserts. Ventilation in the yoke, back of the knees and inside of the knee pockets. Particularly ergonomically shaped trouser legs. Women's size. Raised back at the waist for additional comfort when kneeling. DETAILS: Detachable ID card pocket. Hammer loop on the side. Metal buttons. Inside leg seam with triple stitching. Plastic zip at the crotch. Zip pendant with reflective cord. Wide loop at the back. D-ring on the waistband. High waistband at the back. Adjustable waist. Good surface for finishing. POCKETS: Leg pocket with bellows and flap with Velcro fastening and internal mesh mobile phone pocket. Leg pocket with zip. Back pocket with bellows. Knee pad pockets with stretch material on the inside and outside for a better ergonomic fit. Side pockets. Hanging tool pockets removable and interchangeable, extra wide, equipped with tool hooks, tool compartment and additional pockets with zip. Reinforced folding rule pocket with knife holder and pen pocket. REINFORCEMENT: CORDURA\u00ae stretch-reinforced knee pad pockets. CORDURA\u00ae-reinforced pockets. REFLEX: Black reflective stripes on the back of the leg. WASHING INSTRUCTIONS: 60\u00b0 C. Iron - low. Do not bleach. Do not dry clean. Do not spin. MAIN PROPERTIES: Electrician. Gardener. Handyman. Plumber. Warehouse worker. Tinsmith. EN 14004. FABRIC: Ladies. Available for men and women. brown. black. Knee pad pockets. Stretch. Tool pockets. Craft. Stretch. USP: Detachable tool pockets. Raised waist at the back. Reflective details. Pre-shaped legs. CERTIFICATION: EN 14404:2004+A1:2010 together with knee pads 4027, 4057, 4058 and 4032<\/p>\n<p>51% cotton, 32% polyester, 17% polyamide, twill, stretch, 340 g\/m\u00b2<\/p>","protected":false},"excerpt":{"rendered":"<p>Strapazierf\u00e4hige Handwerkerhose aus 2-Wege-CORDURA\u00ae-Stretch-Twill, die wirklich ultimative Strapazierf\u00e4higkeit und Komfort bietet. 4-Wege-Stretcheins\u00e4tze im Schritt, an der Passe und in den Kniekehlen sorgen f\u00fcr optimale Bewegungsfreiheit. Die Hose hat eine hohe Taille an der R\u00fcckseite, abnehmbare Nageltaschen und schmal zulaufende Beine. Bel\u00fcftung an Knie und Passe f\u00fcr mehr Komfort. Strapazierf\u00e4hige Kniepolstertaschen aus CORDURA\u00ae Stretch Dobby. Auch [&hellip;]<\/p>\n","protected":false},"featured_media":660347,"template":"","meta":[],"product_brand":[],"product_cat":[4185],"product_tag":[],"class_list":{"0":"post-660303","1":"product","2":"type-product","3":"status-publish","4":"has-post-thumbnail","6":"product_cat-hosen","7":"pa_brand-blaklaeder","8":"pa_brand-type-workwear","9":"pa_filter-color-blau","10":"pa_filter-color-gruen","11":"pa_filter-color-orange","12":"pa_filter-color-schwarz","14":"first","15":"instock","16":"sale","17":"taxable","18":"shipping-taxable","19":"purchasable","20":"product-type-variable","21":"add-to-wishlist-before_image"},"exclude_global_add_ons":[],"addons":[],"acf":[],"_links":{"self":[{"href":"https:\/\/shop.kustom.ch\/en\/wp-json\/wp\/v2\/product\/660303"}],"collection":[{"href":"https:\/\/shop.kustom.ch\/en\/wp-json\/wp\/v2\/product"}],"about":[{"href":"https:\/\/shop.kustom.ch\/en\/wp-json\/wp\/v2\/types\/product"}],"wp:featuredmedia":[{"embeddable":true,"href":"https:\/\/shop.kustom.ch\/en\/wp-json\/wp\/v2\/media\/660347"}],"wp:attachment":[{"href":"https:\/\/shop.kustom.ch\/en\/wp-json\/wp\/v2\/media?parent=660303"}],"wp:term":[{"taxonomy":"product_brand","embeddable":true,"href":"https:\/\/shop.kustom.ch\/en\/wp-json\/wp\/v2\/product_brand?post=660303"},{"taxonomy":"product_cat","embeddable":true,"href":"https:\/\/shop.kustom.ch\/en\/wp-json\/wp\/v2\/product_cat?post=660303"},{"taxonomy":"product_tag","embeddable":true,"href":"https:\/\/shop.kustom.ch\/en\/wp-json\/wp\/v2\/product_tag?post=660303"}],"curies":[{"name":"wp","href":"https:\/\/api.w.org\/{rel}","templated":true}]}}