{"id":660189,"date":"2025-04-29T04:55:36","date_gmt":"2025-04-29T03:55:36","guid":{"rendered":"https:\/\/shop.kustom.ch\/?post_type=product&#038;p=660189"},"modified":"2026-03-31T09:07:50","modified_gmt":"2026-03-31T08:07:50","slug":"overall-inhaerent","status":"publish","type":"product","link":"https:\/\/shop.kustom.ch\/en\/product\/overall-inhaerent\/","title":{"rendered":"Overall Inherent"},"content":{"rendered":"<p>Dungarees made of soft, comfortable material with high durability and oil, dirt and water-repellent properties. Metal-free with plastic buttons and two-way zip. Adjustable waist from the inside, several multifunctional pockets and reflective details in carefully selected places, applied by thermal appliqu\u00e9. External knee pad pockets that can be opened from the outside. Cuffs and ankles can be adjusted with press studs. Tested and approved for industrial laundering - EN 15797, max. 50 washes. Certified according to EN 1149-5, EN ISO 11611, EN ISO 11612, EN 13034, EN 61482-2.<\/p>\n<p>FUNCTIONALITY: Metal-free. Oil, dirt and water-repellent surface. DETAILS: Detachable ID card pocket for flame-retardant clothing. External certification labels. Plastic buttons. Extra high collar at the back. Stand-up collar. Loops on both sides of the chest for gas detector \/ oxygen analyser \/ microphone. Adjustable elasticated waist. POCKETS: Leg pockets with bellows, flap with button. Chest pocket with zip and D-ring. Back pockets with bellows and flap. External knee pad pockets. Side pockets. FRONT CLOSURE: Concealed 2-way plastic zip. REFLEX: Reflective tape in selected areas for better visibility. CLOSURE: Adjustable cuffs with press studs. Extension option at the leg hem, does not apply to size D. Adjustable leg cuffs with buttons. WASHING INSTRUCTIONS: 60\u00b0 C. Do not bleach. Do not iron. Do not dry clean. PRO: suitable for tumble drying. Tumble dryer - low. MAIN PROPERTIES: Electrician. Craftsmen. Men's. EN 1149-5. EN 13034. EN 14004. EN 61482-2. EN ISO 11611. EN ISO 11612. FABRIC: blue. Knee pad pockets. Metal-free. Flame retardant. CERTIFICATION: EN 1149-5. max. 50 washes. EN 13034 PB (6). Max. 20 washes. ATPV - 11 cal\/cm\u00b2. ELIM - 10 cal\/cm\u00b2. EN 61482-2, APC 1. max. 50 washes. EN ISO 11611, class 1 A1+A2. Max. 50 washes. EN ISO 11612 A1, A2, B1, C1, E2, F1. Max. 50 washes<\/p>\n<p>44% modacrylic, 30% cotton, 20% FR polyamide, 5% aramid, 1% antistatic, ripstop, flame-retardant, antistatic, 260 g\/m\u00b2<\/p>","protected":false},"excerpt":{"rendered":"<p>Latzhose aus weichem, bequemem Material mit hoher Strapazierf\u00e4higkeit und \u00f6l-, schmutz- und wasserabweisenden Eigenschaften. Metallfrei mit Kunststoffkn\u00f6pfen und Zwei-Wege-Reissverschluss. Von innen verstellbare Taille, mehrere Multifunktionstaschen und reflektierende Details an sorgf\u00e4ltig ausgew\u00e4hlten Stellen, die durch W\u00e4rmeapplikation aufgebracht wurden. Externe Kniepolstertaschen, die sich von aussen \u00f6ffnen lassen. \u00c4rmelb\u00fcndchen und Kn\u00f6chel k\u00f6nnen mit Druckkn\u00f6pfen verstellt werden. Getestet und [&hellip;]<\/p>\n","protected":false},"featured_media":660202,"template":"","meta":[],"product_brand":[],"product_cat":[10454],"product_tag":[],"class_list":{"0":"post-660189","1":"product","2":"type-product","3":"status-publish","4":"has-post-thumbnail","6":"product_cat-overalls","7":"pa_brand-blaklaeder","8":"pa_brand-type-workwear","9":"pa_filter-color-blau","11":"first","12":"instock","13":"sale","14":"taxable","15":"shipping-taxable","16":"purchasable","17":"product-type-variable","18":"add-to-wishlist-before_image"},"exclude_global_add_ons":[],"addons":[],"acf":[],"_links":{"self":[{"href":"https:\/\/shop.kustom.ch\/en\/wp-json\/wp\/v2\/product\/660189"}],"collection":[{"href":"https:\/\/shop.kustom.ch\/en\/wp-json\/wp\/v2\/product"}],"about":[{"href":"https:\/\/shop.kustom.ch\/en\/wp-json\/wp\/v2\/types\/product"}],"wp:featuredmedia":[{"embeddable":true,"href":"https:\/\/shop.kustom.ch\/en\/wp-json\/wp\/v2\/media\/660202"}],"wp:attachment":[{"href":"https:\/\/shop.kustom.ch\/en\/wp-json\/wp\/v2\/media?parent=660189"}],"wp:term":[{"taxonomy":"product_brand","embeddable":true,"href":"https:\/\/shop.kustom.ch\/en\/wp-json\/wp\/v2\/product_brand?post=660189"},{"taxonomy":"product_cat","embeddable":true,"href":"https:\/\/shop.kustom.ch\/en\/wp-json\/wp\/v2\/product_cat?post=660189"},{"taxonomy":"product_tag","embeddable":true,"href":"https:\/\/shop.kustom.ch\/en\/wp-json\/wp\/v2\/product_tag?post=660189"}],"curies":[{"name":"wp","href":"https:\/\/api.w.org\/{rel}","templated":true}]}}