{"id":660136,"date":"2025-04-29T04:55:09","date_gmt":"2025-04-29T03:55:09","guid":{"rendered":"https:\/\/shop.kustom.ch\/?post_type=product&#038;p=660136"},"modified":"2026-03-31T09:06:57","modified_gmt":"2026-03-31T08:06:57","slug":"striker-winterjacke-stretch","status":"publish","type":"product","link":"https:\/\/shop.kustom.ch\/en\/product\/striker-winterjacke-stretch\/","title":{"rendered":"STRIKER winter jacket stretch"},"content":{"rendered":"<p>A comfortable and functional winter jacket made from high-quality stretch material, ideal as a second\/outer layer. The windproof and waterproof jacket with taped seams is thermally insulated and has a stretchy lining for greater comfort. The hood is adjustable and detachable, and zips under the arms provide additional ventilation if required. Also available as ladies' model 4707. Warmly lined and fully windproof and waterproof with taped seamsPFAS-free waterproof fabricRemovable, adjustable hoodZip in lining for transferUnderarm zips for extra ventilationFront pockets with water-repellent zipiPad pocket with zip and open inside pocketWrist pocket with water-repellent zipAdjustable hem with drawcordThumbhole cuffsBlack reflective details for increased visibility<\/p>\n<p>FUNCTIONALITY: Completely waterproof with taped seams. Ventilation under the sleeves. DETAILS: Detachable, adjustable hood. Zip in the lining for easy textile finishing. POCKETS: Left forearm pocket with water-repellent zip. Ipad pocket with zip and \u201copen\u201d inside pocket. Front pockets with water-repellent zip. FRONT CLOSURE: Plastic zip. REFLEX: Black reflective details for better visibility. CLOSURE: Inner cuff with thumb hole. Adjustable waistband with drawstring. WASHING INSTRUCTIONS: 40\u00b0 C. Do not bleach. Do not iron. Do not dry clean. Do not spin. MAIN PROPERTIES: Driver. Handyman. Service staff. EN 342. EN 343. FABRIC: Available for men and women. Men. blue. green. Breathability. Stretch. waterproof. windproof. stretch. Wind \/ wet \/ cold. USP: Detachable hood. Cuffs with thumb holes. Breathable. iPad pocket with zip. Zips under the sleeves for additional ventilation. Black reflective details. Taped seams. Heat-insulating lining. Wind and waterproof. CERTIFICATION: EN 342 together with Art. 1810. EN 343, class 4.1<\/p>\n<p>83% polyamide, 17% spandex, laminated, waterproof 15000 mm, windproof, breathable Ret 11.3, stretch, 170 g\/m\u00b2<\/p>","protected":false},"excerpt":{"rendered":"<p>Eine bequeme und funktionelle Winterjacke aus hochwertigem Stretchmaterial, ideal als zweite\/ausserste Schicht. Die wind- und wasserdichte Jacke mit versiegelten N\u00e4hten ist w\u00e4rmeisoliert und hat ein dehnbares Futter f\u00fcr mehr Komfort. Die Kapuze ist verstellbar und abnehmbar, und Reissverschl\u00fcsse unter den Armen sorgen bei Bedarf f\u00fcr zus\u00e4tzliche Bel\u00fcftung. Auch als Damenmodell 4707 erh\u00e4ltlich. Warm gef\u00fcttert und [&hellip;]<\/p>\n","protected":false},"featured_media":660162,"template":"","meta":[],"product_brand":[],"product_cat":[4186],"product_tag":[],"class_list":{"0":"post-660136","1":"product","2":"type-product","3":"status-publish","4":"has-post-thumbnail","6":"product_cat-jacken","7":"pa_brand-blaklaeder","8":"pa_brand-type-workwear","9":"pa_filter-color-blau","10":"pa_filter-color-gruen","11":"pa_filter-color-schwarz","13":"first","14":"instock","15":"sale","16":"taxable","17":"shipping-taxable","18":"purchasable","19":"product-type-variable","20":"add-to-wishlist-before_image"},"exclude_global_add_ons":[],"addons":[],"acf":[],"_links":{"self":[{"href":"https:\/\/shop.kustom.ch\/en\/wp-json\/wp\/v2\/product\/660136"}],"collection":[{"href":"https:\/\/shop.kustom.ch\/en\/wp-json\/wp\/v2\/product"}],"about":[{"href":"https:\/\/shop.kustom.ch\/en\/wp-json\/wp\/v2\/types\/product"}],"wp:featuredmedia":[{"embeddable":true,"href":"https:\/\/shop.kustom.ch\/en\/wp-json\/wp\/v2\/media\/660162"}],"wp:attachment":[{"href":"https:\/\/shop.kustom.ch\/en\/wp-json\/wp\/v2\/media?parent=660136"}],"wp:term":[{"taxonomy":"product_brand","embeddable":true,"href":"https:\/\/shop.kustom.ch\/en\/wp-json\/wp\/v2\/product_brand?post=660136"},{"taxonomy":"product_cat","embeddable":true,"href":"https:\/\/shop.kustom.ch\/en\/wp-json\/wp\/v2\/product_cat?post=660136"},{"taxonomy":"product_tag","embeddable":true,"href":"https:\/\/shop.kustom.ch\/en\/wp-json\/wp\/v2\/product_tag?post=660136"}],"curies":[{"name":"wp","href":"https:\/\/api.w.org\/{rel}","templated":true}]}}