{"id":660046,"date":"2025-04-29T04:54:14","date_gmt":"2025-04-29T03:54:14","guid":{"rendered":"https:\/\/shop.kustom.ch\/?post_type=product&#038;p=660046"},"modified":"2026-03-31T09:03:24","modified_gmt":"2026-03-31T08:03:24","slug":"damen-shell-jacke-high-vis","status":"publish","type":"product","link":"https:\/\/shop.kustom.ch\/en\/product\/damen-shell-jacke-high-vis\/","title":{"rendered":"Ladies Shell Jacket High Vis"},"content":{"rendered":"<p>Durable high-visibility shell jacket for women with two-way zip, sealed seams and windproof and waterproof outer material that protects against wind, wet weather and surface abrasion. The jacket has a thin mesh lining and concealed zips at the back for additional ventilation when required. Can be supplemented with a high-visibility fabric hood with press studs (2166 with mesh lining, 2165 with light lining or 2175 with helmet). Also available as a men's model 4760.<\/p>\n<p>FUNCTIONALITY: Ventilation at the back. Windproof and waterproof material with breathability, welded seams. Women's size. Pre-shaped sleeves. DETAILS: D-ring. Logo print on the chest. Detachable and adjustable hood (sold separately, item no. 2165, 2166, 2175). Zipper in lining for easy textile finishing. POCKETS: Chest pockets with zipper. Inside pocket with zipper. Side pockets with zipper. FRONT CLOSURE: Robust 2-way plastic zipper. REFLEX: Transfer reflective stripes. Reflective details. Reflective material on torso, sleeves and shoulders. FINISH: Inner cuffs with thumb holes. Adjustable sleeve cuffs with Velcro fastening. Adjustable waistband with drawstring. WASHING INSTRUCTIONS: Number of washes: 25. 40\u00b0C. Do not bleach. Do not iron. Do not dry clean. Do not spin dry. MAIN FEATURES: Roofers. Drivers. Craftsmen. Road and construction workers. EN 343. EN ISO 20471. FABRIC: Women. Available for women and men. Blue. High-vis yellow. High-vis orange. Breathable. Waterproof. Windproof. High visibility. USP: Breathable. Wide reflective strips. Lightly lined. Zip in the lining allows for profiling. Extended back. Pre-shaped sleeves. Windproof and waterproof. CERTIFICATION: EN 343, Class 4.2. EN ISO 20471 XS-S Class 2, M Class 3. Certification group C -&gt;M<\/p>\n<p>100% polyester, Oxford, coated, waterproof 15,000 mm, windproof, breathable Ret 8.5, 200g\/m\u00b2<\/p>","protected":false},"excerpt":{"rendered":"<p>Strapazierf\u00e4hige High Vis Shell Jacke f\u00fcr Frauen mit Zwei-Wege-Reissverschluss, versiegelten N\u00e4hten und wind- und wasserdichtem Aussenmaterial, das vor Wind, N\u00e4sse und Oberfl\u00e4chenabrieb sch\u00fctzt. Die Jacke hat ein d\u00fcnnes Netzfutter und versteckte Reissverschl\u00fcsse am R\u00fccken, die bei Bedarf f\u00fcr zus\u00e4tzliche Luftzufuhr sorgen.. Kann mit einer Kapuze aus High Vis Gewebe mit Druckkn\u00f6pfen erg\u00e4nzt werden (2166 mit [&hellip;]<\/p>\n","protected":false},"featured_media":660082,"template":"","meta":[],"product_brand":[],"product_cat":[4186],"product_tag":[],"class_list":{"0":"post-660046","1":"product","2":"type-product","3":"status-publish","4":"has-post-thumbnail","6":"product_cat-jacken","7":"pa_brand-blaklaeder","8":"pa_brand-type-workwear","9":"pa_filter-color-blau","10":"pa_filter-color-gelb","11":"pa_filter-color-orange","12":"pa_filter-color-rot","13":"pa_filter-color-schwarz","15":"first","16":"instock","17":"sale","18":"taxable","19":"shipping-taxable","20":"purchasable","21":"product-type-variable","22":"add-to-wishlist-before_image"},"exclude_global_add_ons":[],"addons":[],"acf":[],"_links":{"self":[{"href":"https:\/\/shop.kustom.ch\/en\/wp-json\/wp\/v2\/product\/660046"}],"collection":[{"href":"https:\/\/shop.kustom.ch\/en\/wp-json\/wp\/v2\/product"}],"about":[{"href":"https:\/\/shop.kustom.ch\/en\/wp-json\/wp\/v2\/types\/product"}],"wp:featuredmedia":[{"embeddable":true,"href":"https:\/\/shop.kustom.ch\/en\/wp-json\/wp\/v2\/media\/660082"}],"wp:attachment":[{"href":"https:\/\/shop.kustom.ch\/en\/wp-json\/wp\/v2\/media?parent=660046"}],"wp:term":[{"taxonomy":"product_brand","embeddable":true,"href":"https:\/\/shop.kustom.ch\/en\/wp-json\/wp\/v2\/product_brand?post=660046"},{"taxonomy":"product_cat","embeddable":true,"href":"https:\/\/shop.kustom.ch\/en\/wp-json\/wp\/v2\/product_cat?post=660046"},{"taxonomy":"product_tag","embeddable":true,"href":"https:\/\/shop.kustom.ch\/en\/wp-json\/wp\/v2\/product_tag?post=660046"}],"curies":[{"name":"wp","href":"https:\/\/api.w.org\/{rel}","templated":true}]}}