{"id":659958,"date":"2025-04-29T04:53:19","date_gmt":"2025-04-29T03:53:19","guid":{"rendered":"https:\/\/shop.kustom.ch\/?post_type=product&#038;p=659958"},"modified":"2026-03-31T09:02:53","modified_gmt":"2026-03-31T08:02:53","slug":"hybrid-jacke-4","status":"publish","type":"product","link":"https:\/\/shop.kustom.ch\/en\/product\/hybrid-jacke-4\/","title":{"rendered":"Hybrid jacket"},"content":{"rendered":"<p>This multifunctional hybrid jacket could easily become your new favourite when it comes to comfort, warmth and style. With a warm, quilted back and chest area complemented by moulded softshell sleeves and a detachable hood, this hybrid jacket is an invaluable companion for work and leisure. Also available as ladies' model 4733.<\/p>\n<p>FUNCTIONALITY: Side inserts, sleeves and hood made of windproof and waterproof material, no taped seams. Warmly lined upper body at the front and back. DETAILS: Detachable, adjustable hood. Fleece-lined collar. POCKETS: Chest pocket with zip. Front pockets with zips. FRONT CLOSURE: Plastic zip. Inside wind flap. CLOSURE: Adjustable cuffs with Velcro fastening. Extended back. Adjustable waistband with drawstring. WASHING INSTRUCTIONS: 40\u00b0 C. Do not bleach. Do not iron. Do not dry clean. Do not spin. MAIN PROPERTIES: Driver. Gardener. Handyman. Warehouse worker. Cleaner. Service employee. FABRIC: Available for men and women. Men. blue. High-vis yellow. Unite. Wind \/ wet \/ cold. USP: 3-layer softshell material. Detachable hood. Breathable. Half lined. Extended back. Wind and waterproof<\/p>\n<p>92% polyester, 8% elastane, 3-layer softshell, waterproof 11,000 mm, windproof, breathable Ret 20.0, stretch, 265 g\/m\u00b2<\/p>","protected":false},"excerpt":{"rendered":"<p>Diese multifunktionale Hybrid Jacke k\u00f6nnte leicht dein neuer Favorit werden, wenn es um Komfort, W\u00e4rme und Stil geht. Mit einem warmen, gesteppten R\u00fccken- und Brustbereich, der durch geformte Softshell-\u00c4rmel und eine abnehmbare Kapuze erg\u00e4nzt wird, ist diese Hybrid Jacke ein unsch\u00e4tzbarer Begleiter bei der Arbeit und in der Freizeit. Auch als Damenmodell 4733 erh\u00e4ltlich. FUNKTIONALIT\u00c4T: [&hellip;]<\/p>\n","protected":false},"featured_media":659983,"template":"","meta":[],"product_brand":[],"product_cat":[4186],"product_tag":[],"class_list":{"0":"post-659958","1":"product","2":"type-product","3":"status-publish","4":"has-post-thumbnail","6":"product_cat-jacken","7":"pa_brand-blaklaeder","8":"pa_brand-type-workwear","9":"pa_filter-color-blau","10":"pa_filter-color-gelb","11":"pa_filter-color-grau","12":"pa_filter-color-rot","13":"pa_filter-color-schwarz","15":"first","16":"instock","17":"sale","18":"taxable","19":"shipping-taxable","20":"purchasable","21":"product-type-variable","22":"add-to-wishlist-before_image"},"exclude_global_add_ons":[],"addons":[],"acf":[],"_links":{"self":[{"href":"https:\/\/shop.kustom.ch\/en\/wp-json\/wp\/v2\/product\/659958"}],"collection":[{"href":"https:\/\/shop.kustom.ch\/en\/wp-json\/wp\/v2\/product"}],"about":[{"href":"https:\/\/shop.kustom.ch\/en\/wp-json\/wp\/v2\/types\/product"}],"wp:featuredmedia":[{"embeddable":true,"href":"https:\/\/shop.kustom.ch\/en\/wp-json\/wp\/v2\/media\/659983"}],"wp:attachment":[{"href":"https:\/\/shop.kustom.ch\/en\/wp-json\/wp\/v2\/media?parent=659958"}],"wp:term":[{"taxonomy":"product_brand","embeddable":true,"href":"https:\/\/shop.kustom.ch\/en\/wp-json\/wp\/v2\/product_brand?post=659958"},{"taxonomy":"product_cat","embeddable":true,"href":"https:\/\/shop.kustom.ch\/en\/wp-json\/wp\/v2\/product_cat?post=659958"},{"taxonomy":"product_tag","embeddable":true,"href":"https:\/\/shop.kustom.ch\/en\/wp-json\/wp\/v2\/product_tag?post=659958"}],"curies":[{"name":"wp","href":"https:\/\/api.w.org\/{rel}","templated":true}]}}