{"id":659868,"date":"2025-04-29T04:52:25","date_gmt":"2025-04-29T03:52:25","guid":{"rendered":"https:\/\/shop.kustom.ch\/?post_type=product&#038;p=659868"},"modified":"2026-03-31T09:02:43","modified_gmt":"2026-03-31T08:02:43","slug":"damen-hybrid-jacke-2","status":"publish","type":"product","link":"https:\/\/shop.kustom.ch\/en\/product\/damen-hybrid-jacke-2\/","title":{"rendered":"Ladies hybrid jacket"},"content":{"rendered":"<p>This multifunctional women's hybrid jacket with two-way zip could become your new favourite piece when it comes to comfort, warmth and style. With a warm, padded chest section complemented by softshell sleeves for added waterproofing and a detachable hood, this hybrid jacket is an invaluable companion in and out of work. Also available as men's model 4743.<\/p>\n<p>FUNCTIONALITY: Side inserts, sleeves and hood made of windproof and waterproof material, no taped seams. Warmly lined upper body at the front and back. Women's size. DETAILS: Detachable, adjustable hood. Fleece lined collar. POCKETS: Chest pocket with zip. Front pockets with zips. FRONT CLOSURE: 2-way plastic zip. Wind flap inside. REFLEX: Reflective details on the sleeves. Black reflective details. CLOSURE: Adjustable cuffs with Velcro fastening. Extended back. Adjustable waistband with drawstring. WASHING INSTRUCTIONS: 40\u00b0 C. Do not bleach. Do not iron. Do not dry clean. Do not spin. MAIN PROPERTIES: Driver. Gardener. Handyman. Warehouse worker. Cleaner. Service staff. FABRIC: Ladies. Available for men and women. blue. High-vis yellow. black. Unite. Wind \/ wet \/ cold<\/p>\n<p>92% polyester, 8% elastane, 3-layer softshell, waterproof 11,000 mm, windproof, breathable Ret 20.0, stretch, 265 g\/m\u00b2<\/p>","protected":false},"excerpt":{"rendered":"<p>Diese multifunktionale Damen Hybrid Jacke mit Zwei-Wege-Reissverschluss k\u00f6nnte dein neues Lieblingsst\u00fcck werden, wenn es um Komfort, W\u00e4rme und Stil geht. Mit einer warmen, gepolsterten Brustpartie, die durch Softshell-\u00c4rmel f\u00fcr zus\u00e4tzliche Wasserdichtigkeit erg\u00e4nzt wird, sowie einer abnehmbaren Kapuze ist diese Hybrid Jacke ein unsch\u00e4tzbarer Begleiter in und ausserhalb der Arbeit. Auch als Herrenmodell 4743 erh\u00e4ltlich. FUNKTIONALIT\u00c4T: [&hellip;]<\/p>\n","protected":false},"featured_media":659932,"template":"","meta":[],"product_brand":[],"product_cat":[4186],"product_tag":[],"class_list":{"0":"post-659868","1":"product","2":"type-product","3":"status-publish","4":"has-post-thumbnail","6":"product_cat-jacken","7":"pa_brand-blaklaeder","8":"pa_brand-type-workwear","9":"pa_filter-color-blau","10":"pa_filter-color-gelb","11":"pa_filter-color-rot","12":"pa_filter-color-schwarz","14":"first","15":"instock","16":"sale","17":"taxable","18":"shipping-taxable","19":"purchasable","20":"product-type-variable","21":"add-to-wishlist-before_image"},"exclude_global_add_ons":[],"addons":[],"acf":[],"_links":{"self":[{"href":"https:\/\/shop.kustom.ch\/en\/wp-json\/wp\/v2\/product\/659868"}],"collection":[{"href":"https:\/\/shop.kustom.ch\/en\/wp-json\/wp\/v2\/product"}],"about":[{"href":"https:\/\/shop.kustom.ch\/en\/wp-json\/wp\/v2\/types\/product"}],"wp:featuredmedia":[{"embeddable":true,"href":"https:\/\/shop.kustom.ch\/en\/wp-json\/wp\/v2\/media\/659932"}],"wp:attachment":[{"href":"https:\/\/shop.kustom.ch\/en\/wp-json\/wp\/v2\/media?parent=659868"}],"wp:term":[{"taxonomy":"product_brand","embeddable":true,"href":"https:\/\/shop.kustom.ch\/en\/wp-json\/wp\/v2\/product_brand?post=659868"},{"taxonomy":"product_cat","embeddable":true,"href":"https:\/\/shop.kustom.ch\/en\/wp-json\/wp\/v2\/product_cat?post=659868"},{"taxonomy":"product_tag","embeddable":true,"href":"https:\/\/shop.kustom.ch\/en\/wp-json\/wp\/v2\/product_tag?post=659868"}],"curies":[{"name":"wp","href":"https:\/\/api.w.org\/{rel}","templated":true}]}}