{"id":659793,"date":"2025-04-29T04:51:31","date_gmt":"2025-04-29T03:51:31","guid":{"rendered":"https:\/\/shop.kustom.ch\/?post_type=product&#038;p=659793"},"modified":"2026-03-31T09:01:20","modified_gmt":"2026-03-31T08:01:20","slug":"shell-jacke-stretch","status":"publish","type":"product","link":"https:\/\/shop.kustom.ch\/en\/product\/shell-jacke-stretch\/","title":{"rendered":"Stretch shell jacket"},"content":{"rendered":"<p>Wind and waterproof shell jacket with taped seams that offers full protection from the elements when needed. The jacket has a thin mesh lining and is made from fantastically soft and supple 4-way stretch. Also available in the women's version 4403.<\/p>\n<p>FUNCTIONALITY: 4-way stretch. Wind &amp; waterproof material with breathability, taped seams. DETAILS: Detachable hood with mesh lining. Zip in the lining for easy textile finishing. POCKETS: Chest pocket with zip. Front pockets, one with D-ring. Front pockets with zips. FRONT CLOSURE: Plastic zip. Wind flap with Velcro fastening, Hypalon handle with reflective transfer. REFLEX: Reflective material on the sleeves. CLOSURE: Inner cuffs with thumb hole. Adjustable cuffs. Extended back. Adjustable waistband with drawstring. WASHING INSTRUCTIONS: 40\u00b0 C. Do not bleach. Do not iron. Do not dry clean. Do not spin. MAIN PROPERTIES: Flooring. Roofer. Drivers. Handyman. Painter. Bricklayer \/ tiler. EN 343. FABRIC: Available for men and women. Men. blue. High-vis yellow. black. Breathability. Stretch. waterproof. windproof. Unite. Wind \/ wet \/ cold. USP: 4-way stretch. Detachable hood. Breathable. Lightly lined. Zip in the lining allows profiling. Extended back. Taped seams. Adjustable cuffs with thumb holes. Wind and waterproof. CERTIFICATION: EN 343, class 4.4, not High Vis certified<\/p>\n<p>83% polyamide, 17% spandex, laminated, waterproof 15000 mm, windproof, breathable Ret 11.3, stretch, 170 g\/m\u00b2<\/p>","protected":false},"excerpt":{"rendered":"<p>Wind- und wasserdichte Shell Jacke mit versiegelten N\u00e4hten, die bei Bedarf vollen Schutz vor den Elementen bietet. Die Jacke hat ein d\u00fcnnes Netzfutter und ist aus fantastisch weichem und geschmeidigem 4-Wege-Stretch gefertigt. Auch in der Damenvariante 4403 erh\u00e4ltlich. FUNKTIONALIT\u00c4T: 4-Wege-Stretch. Wind- &amp; wasserdichtes Material mit Atmungsaktivit\u00e4t, verschweisste N\u00e4hte. DETAILS: Abnehmbare Kapuze mit Meshfutter. Reissverschluss im [&hellip;]<\/p>\n","protected":false},"featured_media":659820,"template":"","meta":[],"product_brand":[],"product_cat":[4186],"product_tag":[],"class_list":{"0":"post-659793","1":"product","2":"type-product","3":"status-publish","4":"has-post-thumbnail","6":"product_cat-jacken","7":"pa_brand-blaklaeder","8":"pa_brand-type-workwear","9":"pa_filter-color-blau","10":"pa_filter-color-gelb","11":"pa_filter-color-rot","12":"pa_filter-color-schwarz","14":"first","15":"instock","16":"sale","17":"taxable","18":"shipping-taxable","19":"purchasable","20":"product-type-variable","21":"add-to-wishlist-before_image"},"exclude_global_add_ons":[],"addons":[],"acf":[],"_links":{"self":[{"href":"https:\/\/shop.kustom.ch\/en\/wp-json\/wp\/v2\/product\/659793"}],"collection":[{"href":"https:\/\/shop.kustom.ch\/en\/wp-json\/wp\/v2\/product"}],"about":[{"href":"https:\/\/shop.kustom.ch\/en\/wp-json\/wp\/v2\/types\/product"}],"wp:featuredmedia":[{"embeddable":true,"href":"https:\/\/shop.kustom.ch\/en\/wp-json\/wp\/v2\/media\/659820"}],"wp:attachment":[{"href":"https:\/\/shop.kustom.ch\/en\/wp-json\/wp\/v2\/media?parent=659793"}],"wp:term":[{"taxonomy":"product_brand","embeddable":true,"href":"https:\/\/shop.kustom.ch\/en\/wp-json\/wp\/v2\/product_brand?post=659793"},{"taxonomy":"product_cat","embeddable":true,"href":"https:\/\/shop.kustom.ch\/en\/wp-json\/wp\/v2\/product_cat?post=659793"},{"taxonomy":"product_tag","embeddable":true,"href":"https:\/\/shop.kustom.ch\/en\/wp-json\/wp\/v2\/product_tag?post=659793"}],"curies":[{"name":"wp","href":"https:\/\/api.w.org\/{rel}","templated":true}]}}