{"id":659707,"date":"2025-04-29T04:50:37","date_gmt":"2025-04-29T03:50:37","guid":{"rendered":"https:\/\/shop.kustom.ch\/?post_type=product&#038;p=659707"},"modified":"2026-03-31T08:59:56","modified_gmt":"2026-03-31T07:59:56","slug":"damen-shell-jacke-stretch","status":"publish","type":"product","link":"https:\/\/shop.kustom.ch\/en\/product\/damen-shell-jacke-stretch\/","title":{"rendered":"Ladies Shell Jacket Stretch"},"content":{"rendered":"<p>Wind and waterproof shell jacket with taped seams that offers full protection from the elements when needed. This jacket for women with two-way zip and thin mesh lining is made from fantastically soft and supple 4-way stretch. Also available as men's model 4483.<\/p>\n<p>FUNCTIONALITY: 4-way stretch. Wind &amp; waterproof material with breathability, taped seams. DETAILS: Detachable hood with mesh lining. Zip in the lining for easy textile finishing. POCKETS: Chest pocket with zip. Front pockets, one with D-ring. Front pockets with zips. FRONT CLOSURE: 2-way plastic zip. Wind flap with Velcro fastening, Hypalon handle with reflective transfer. REFLEX: Reflective material on the sleeves. CLOSURE: Inner cuffs with thumb hole. Adjustable cuffs. Extended back. Adjustable waistband with drawstring. WASHING INSTRUCTIONS: 40\u00b0 C. Do not bleach. Do not iron. Do not dry clean. Do not spin. MAIN PROPERTIES: Flooring. Roofer. Drivers. Handyman. Painter. Bricklayer \/ tiler. EN 343. FABRIC: Ladies. Available for men and women. blue. High-vis yellow. Breathability. Stretch. waterproof. windproof. Unite. Wind \/ wet \/ cold. USP: 4-way stretch. Detachable hood. Breathable. Lightly lined. Reflective details. Zip in the lining for profiling. Extended back. Adjustable cuffs. Wind and waterproof. Two-way plastic zip. CERTIFICATION: EN 343, class 4.1, not High Vis certified<\/p>\n<p>83% polyamide, 17% spandex, laminated, waterproof 15000 mm, windproof, breathable Ret 11.3, stretch, 170 g\/m\u00b2<\/p>","protected":false},"excerpt":{"rendered":"<p>Wind- und wasserdichte Shell Jacke mit versiegelten N\u00e4hten, die bei Bedarf vollen Schutz vor den Elementen bietet. Diese Jacke f\u00fcr Frauen mit Zwei-Wege-Reissverschluss und d\u00fcnnem Netzfutter ist aus fantastisch weichem und geschmeidigem 4-Wege-Stretch gefertigt. Auch als Herrenmodell 4483 erh\u00e4ltlich. FUNKTIONALIT\u00c4T: 4-Wege-Stretch. Wind- &amp; wasserdichtes Material mit Atmungsaktivit\u00e4t, verschweisste N\u00e4hte. DETAILS: Abnehmbare Kapuze mit Meshfutter. Reissverschluss [&hellip;]<\/p>\n","protected":false},"featured_media":659739,"template":"","meta":[],"product_brand":[],"product_cat":[4186],"product_tag":[],"class_list":{"0":"post-659707","1":"product","2":"type-product","3":"status-publish","4":"has-post-thumbnail","6":"product_cat-jacken","7":"pa_brand-blaklaeder","8":"pa_brand-type-workwear","9":"pa_filter-color-blau","10":"pa_filter-color-gelb","11":"pa_filter-color-rot","12":"pa_filter-color-schwarz","14":"first","15":"instock","16":"sale","17":"taxable","18":"shipping-taxable","19":"purchasable","20":"product-type-variable","21":"add-to-wishlist-before_image"},"exclude_global_add_ons":[],"addons":[],"acf":[],"_links":{"self":[{"href":"https:\/\/shop.kustom.ch\/en\/wp-json\/wp\/v2\/product\/659707"}],"collection":[{"href":"https:\/\/shop.kustom.ch\/en\/wp-json\/wp\/v2\/product"}],"about":[{"href":"https:\/\/shop.kustom.ch\/en\/wp-json\/wp\/v2\/types\/product"}],"wp:featuredmedia":[{"embeddable":true,"href":"https:\/\/shop.kustom.ch\/en\/wp-json\/wp\/v2\/media\/659739"}],"wp:attachment":[{"href":"https:\/\/shop.kustom.ch\/en\/wp-json\/wp\/v2\/media?parent=659707"}],"wp:term":[{"taxonomy":"product_brand","embeddable":true,"href":"https:\/\/shop.kustom.ch\/en\/wp-json\/wp\/v2\/product_brand?post=659707"},{"taxonomy":"product_cat","embeddable":true,"href":"https:\/\/shop.kustom.ch\/en\/wp-json\/wp\/v2\/product_cat?post=659707"},{"taxonomy":"product_tag","embeddable":true,"href":"https:\/\/shop.kustom.ch\/en\/wp-json\/wp\/v2\/product_tag?post=659707"}],"curies":[{"name":"wp","href":"https:\/\/api.w.org\/{rel}","templated":true}]}}