{"id":659588,"date":"2025-04-29T04:49:10","date_gmt":"2025-04-29T03:49:10","guid":{"rendered":"https:\/\/shop.kustom.ch\/?post_type=product&#038;p=659588"},"modified":"2026-03-31T08:56:48","modified_gmt":"2026-03-31T07:56:48","slug":"sweatshirt-mit-high-vis-full-zip","status":"publish","type":"product","link":"https:\/\/shop.kustom.ch\/en\/product\/sweatshirt-mit-high-vis-full-zip\/","title":{"rendered":"Sweatshirt with high vis full zip"},"content":{"rendered":"<p>Sweatshirt with distinctive high-vis sections and full-length zip. The sweatshirt has ribbed cuffs and an extended back hem for greater comfort. Also available in a women's version 3568.<\/p>\n<p>FUNCTIONALITY: Regular fit. DETAILS: High collar with zip. High vis inserts for increased visibility. FRONT CLOSURE: Plastic zip. CLOSURE: Cuffs with cuffs. Ribbed waistband. WASHING INSTRUCTIONS: 60\u00b0 C. Iron - low. Do not bleach. Do not dry clean. Tumble dry - low. MAIN PROPERTIES: Flooring. Roofer. Electrician. Driver. Gardener. Handyman. Woodcutter. Plumber. Warehouse worker. Bricklayer \/ tiler. Mechanic. Cleaner. Service employee. Plumber. Available for men and women. Gents. FABRIC: Available for men and women. Men. blue. High-vis yellow. black. Profile. Visible. Fluorescent material in High Vis 100% polyester. USP: 100 % cotton. High Vis inserts. Extended back. CERTIFICATION: Not High Vis certified<\/p>\n<p>100% Cotton, French Terry, 320 g\/m\u00b2<\/p>","protected":false},"excerpt":{"rendered":"<p>Sweatshirt mit markanten High Vis Abschnitten und durchgehendem Reissverschluss. Das Sweatshirt hat Rippenb\u00fcndchen und einen verl\u00e4ngerten R\u00fcckensaum f\u00fcr mehr Komfort. Auch in einer Damenversion 3568 erh\u00e4ltlich. FUNKTIONALIT\u00c4T: Normale Passform. DETAILS: Hoher Kragen mit Reissverschluss. Eins\u00e4tze in High Vis, f\u00fcr h\u00f6here Sichtbarkeit. FRONTVERSCHLUSS: Reissverschluss aus Kunststoff. ABSCHLUSS: Armabschluss mit B\u00fcndchen. Gerippter Bund. WASCHANLEITUNG: 60\u00b0 C. B\u00fcgeln [&hellip;]<\/p>\n","protected":false},"featured_media":659613,"template":"","meta":[],"product_brand":[],"product_cat":[4184],"product_tag":[],"class_list":{"0":"post-659588","1":"product","2":"type-product","3":"status-publish","4":"has-post-thumbnail","6":"product_cat-hoodies-pullover","7":"pa_brand-blaklaeder","8":"pa_brand-type-workwear","9":"pa_filter-color-blau","10":"pa_filter-color-gelb","12":"first","13":"instock","14":"sale","15":"taxable","16":"shipping-taxable","17":"purchasable","18":"product-type-variable","19":"add-to-wishlist-before_image"},"exclude_global_add_ons":[],"addons":[],"acf":[],"_links":{"self":[{"href":"https:\/\/shop.kustom.ch\/en\/wp-json\/wp\/v2\/product\/659588"}],"collection":[{"href":"https:\/\/shop.kustom.ch\/en\/wp-json\/wp\/v2\/product"}],"about":[{"href":"https:\/\/shop.kustom.ch\/en\/wp-json\/wp\/v2\/types\/product"}],"wp:featuredmedia":[{"embeddable":true,"href":"https:\/\/shop.kustom.ch\/en\/wp-json\/wp\/v2\/media\/659613"}],"wp:attachment":[{"href":"https:\/\/shop.kustom.ch\/en\/wp-json\/wp\/v2\/media?parent=659588"}],"wp:term":[{"taxonomy":"product_brand","embeddable":true,"href":"https:\/\/shop.kustom.ch\/en\/wp-json\/wp\/v2\/product_brand?post=659588"},{"taxonomy":"product_cat","embeddable":true,"href":"https:\/\/shop.kustom.ch\/en\/wp-json\/wp\/v2\/product_cat?post=659588"},{"taxonomy":"product_tag","embeddable":true,"href":"https:\/\/shop.kustom.ch\/en\/wp-json\/wp\/v2\/product_tag?post=659588"}],"curies":[{"name":"wp","href":"https:\/\/api.w.org\/{rel}","templated":true}]}}