{"id":659542,"date":"2025-04-29T04:48:44","date_gmt":"2025-04-29T03:48:44","guid":{"rendered":"https:\/\/shop.kustom.ch\/?post_type=product&#038;p=659542"},"modified":"2026-03-31T08:56:47","modified_gmt":"2026-03-31T07:56:47","slug":"damen-sweatshirt-mit-high-vis","status":"publish","type":"product","link":"https:\/\/shop.kustom.ch\/en\/product\/damen-sweatshirt-mit-high-vis\/","title":{"rendered":"Ladies sweatshirt with high vis"},"content":{"rendered":"<p>Sweatshirt with distinctive high-vis sections, women's fit and half zip. The sweatshirt has ribbed cuffs and an extended back hem for greater comfort. The dark-coloured sections are made of cotton, the high-vis sections of polyester. Also available as men's model 3550.<\/p>\n<p>DETAILS: High collar with zip. High-vis inserts for increased visibility. CLOSURE: Cuffs with cuffs. Extended back. WASHING INSTRUCTIONS: 60\u00b0 C. Iron - low. Do not bleach. Do not dry clean. Tumble dry - low. MAIN PROPERTIES: Concrete worker. Floor layers. Roofer. Electrician. Driver. Garden labourer. Handyman. Woodcutter. Plumber. Warehouse worker. Bricklayer \/ tiler. Mechanic. Cleaner. Service employee. Plumber. Ladies. Available for men and women. FABRIC: Ladies. Available for men and women. blue. High-vis yellow. black. Profile. Visible. Fluorescent material in High Vis 100% polyester. CERTIFICATION: Not High Vis certified<\/p>\n<p>100% Cotton, French Terry, 320 g\/m\u00b2<\/p>","protected":false},"excerpt":{"rendered":"<p>Sweatshirt mit markanten High Vis Abschnitten, Damenpassform und halbem Reissverschluss. Das Sweatshirt hat Rippenb\u00fcndchen und einen verl\u00e4ngerten R\u00fcckensaum f\u00fcr mehr Komfort. Die dunklen Teile bestehen aus Baumwolle, die High Vis Teile aus Polyester. Auch als Herrenmodell 3550 erh\u00e4ltlich. DETAILS: Hoher Kragen mit Reissverschluss. Eins\u00e4tze in High Vis, f\u00fcr h\u00f6here Sichtbarkeit. ABSCHLUSS: Armabschluss mit B\u00fcndchen. Verl\u00e4ngerter [&hellip;]<\/p>\n","protected":false},"featured_media":659597,"template":"","meta":[],"product_brand":[],"product_cat":[4184],"product_tag":[],"class_list":{"0":"post-659542","1":"product","2":"type-product","3":"status-publish","4":"has-post-thumbnail","6":"product_cat-hoodies-pullover","7":"pa_brand-blaklaeder","8":"pa_brand-type-workwear","9":"pa_filter-color-blau","10":"pa_filter-color-gelb","12":"first","13":"instock","14":"sale","15":"taxable","16":"shipping-taxable","17":"purchasable","18":"product-type-variable","19":"add-to-wishlist-before_image"},"exclude_global_add_ons":[],"addons":[],"acf":[],"_links":{"self":[{"href":"https:\/\/shop.kustom.ch\/en\/wp-json\/wp\/v2\/product\/659542"}],"collection":[{"href":"https:\/\/shop.kustom.ch\/en\/wp-json\/wp\/v2\/product"}],"about":[{"href":"https:\/\/shop.kustom.ch\/en\/wp-json\/wp\/v2\/types\/product"}],"wp:featuredmedia":[{"embeddable":true,"href":"https:\/\/shop.kustom.ch\/en\/wp-json\/wp\/v2\/media\/659597"}],"wp:attachment":[{"href":"https:\/\/shop.kustom.ch\/en\/wp-json\/wp\/v2\/media?parent=659542"}],"wp:term":[{"taxonomy":"product_brand","embeddable":true,"href":"https:\/\/shop.kustom.ch\/en\/wp-json\/wp\/v2\/product_brand?post=659542"},{"taxonomy":"product_cat","embeddable":true,"href":"https:\/\/shop.kustom.ch\/en\/wp-json\/wp\/v2\/product_cat?post=659542"},{"taxonomy":"product_tag","embeddable":true,"href":"https:\/\/shop.kustom.ch\/en\/wp-json\/wp\/v2\/product_tag?post=659542"}],"curies":[{"name":"wp","href":"https:\/\/api.w.org\/{rel}","templated":true}]}}