{"id":659463,"date":"2025-04-29T04:47:48","date_gmt":"2025-04-29T03:47:48","guid":{"rendered":"https:\/\/shop.kustom.ch\/?post_type=product&#038;p=659463"},"modified":"2026-03-31T08:55:10","modified_gmt":"2026-03-31T07:55:10","slug":"damen-t-shirt-mit-high-vis","status":"publish","type":"product","link":"https:\/\/shop.kustom.ch\/en\/product\/damen-t-shirt-mit-high-vis\/","title":{"rendered":"Ladies T-shirt with high vis"},"content":{"rendered":"<p>Cotton T-shirt with yellow high-vis sections for good visibility. Ideal for industries where reflectors are not permitted on work clothing. Also available as men's model 3523.<\/p>\n<p>FUNCTIONALITY: Women's size. Regular fit. DETAILS: Bl\u00e5kl\u00e4der print on the shoulder. Round neck. Reinforced neck seams. High vis inserts for increased visibility. Slits on the sides. FINISH: Extended back. WASHING INSTRUCTIONS: 60\u00b0 C. Iron - low. Do not bleach. Do not dry clean. Tumble dry - low. MAIN PROPERTIES: Concrete worker. Floor layers. Roofer. Drivers. Garden labourer. Handyman. Plumber. Warehouse worker. Bricklayer \/ tiler. Mechanic. Cleaner. Service employee. Plumber. FABRIC: Ladies. Available for men and women. blue. High-vis yellow. Profile. Visible. CERTIFICATION: Not High Vis certified<\/p>\n<p>100% Cotton, jersey, 180 g\/m\u00b2<\/p>","protected":false},"excerpt":{"rendered":"<p>Baumwoll T-Shirt mit gelben High Vis Abschnitten f\u00fcr gute Sichtbarkeit. Ideal f\u00fcr Branchen, in denen Reflektoren an der Arbeitskleidung nicht erlaubt sind. Auch als Herrenmodell 3523 erh\u00e4ltlich. FUNKTIONALIT\u00c4T: Damengr\u00f6sse. Normale Passform. DETAILS: Bl\u00e5kl\u00e4der-Aufdruck an der Schulter. Rundhals. Verst\u00e4rkte Halsn\u00e4hte. Eins\u00e4tze in High Vis, f\u00fcr h\u00f6here Sichtbarkeit. Schlitze an den Seiten. ABSCHLUSS: Verl\u00e4ngerter R\u00fccken. WASCHANLEITUNG: 60\u00b0 [&hellip;]<\/p>\n","protected":false},"featured_media":659504,"template":"","meta":[],"product_brand":[],"product_cat":[4201],"product_tag":[],"class_list":{"0":"post-659463","1":"product","2":"type-product","3":"status-publish","4":"has-post-thumbnail","6":"product_cat-t-shirts","7":"pa_brand-blaklaeder","8":"pa_brand-type-workwear","9":"pa_filter-color-blau","10":"pa_filter-color-gelb","12":"first","13":"instock","14":"sale","15":"taxable","16":"shipping-taxable","17":"purchasable","18":"product-type-variable","19":"add-to-wishlist-before_image"},"exclude_global_add_ons":[],"addons":[],"acf":[],"_links":{"self":[{"href":"https:\/\/shop.kustom.ch\/en\/wp-json\/wp\/v2\/product\/659463"}],"collection":[{"href":"https:\/\/shop.kustom.ch\/en\/wp-json\/wp\/v2\/product"}],"about":[{"href":"https:\/\/shop.kustom.ch\/en\/wp-json\/wp\/v2\/types\/product"}],"wp:featuredmedia":[{"embeddable":true,"href":"https:\/\/shop.kustom.ch\/en\/wp-json\/wp\/v2\/media\/659504"}],"wp:attachment":[{"href":"https:\/\/shop.kustom.ch\/en\/wp-json\/wp\/v2\/media?parent=659463"}],"wp:term":[{"taxonomy":"product_brand","embeddable":true,"href":"https:\/\/shop.kustom.ch\/en\/wp-json\/wp\/v2\/product_brand?post=659463"},{"taxonomy":"product_cat","embeddable":true,"href":"https:\/\/shop.kustom.ch\/en\/wp-json\/wp\/v2\/product_cat?post=659463"},{"taxonomy":"product_tag","embeddable":true,"href":"https:\/\/shop.kustom.ch\/en\/wp-json\/wp\/v2\/product_tag?post=659463"}],"curies":[{"name":"wp","href":"https:\/\/api.w.org\/{rel}","templated":true}]}}