{"id":659333,"date":"2025-04-29T04:46:19","date_gmt":"2025-04-29T03:46:19","guid":{"rendered":"https:\/\/shop.kustom.ch\/?post_type=product&#038;p=659333"},"modified":"2026-03-31T08:48:36","modified_gmt":"2026-03-31T07:48:36","slug":"damen-flanellhemd","status":"publish","type":"product","link":"https:\/\/shop.kustom.ch\/en\/product\/damen-flanellhemd\/","title":{"rendered":"Ladies flannel shirt"},"content":{"rendered":"<p>Robust, fashionable flannel shirt in a women's fit. This long-sleeved shirt is made from thick, cosy flannel and has a loose fit for greater comfort. Ideal for work and leisure wear. Also available as men's model 3288.<\/p>\n<p>FUNCTIONALITY: Women's size. DETAILS: Plastic buttons. POCKETS: Chest pocket with flap and pen pocket. CLOSURE: Cuffs with cuffs. WASHING INSTRUCTIONS: 40\u00b0 C. Iron - medium. Do not bleach. Do not dry clean. Do not spin. MAIN PROPERTIES: Flooring. Roofer. Driver. Fisherman. Gardener. Handyman. Plumber. Warehouse worker. Painter. Bricklayer \/ tiler. Mechanic. Cleaner. Plumber. FABRIC: Ladies. green. red. black. USP: 100 % cotton. Brushed on both sides<\/p>\n<p>100% cotton, twill, brushed on both sides, 233g\/m\u00b2<\/p>","protected":false},"excerpt":{"rendered":"<p>Robustes, modisches Flanellhemd in Damenpassform. Dieses lang\u00e4rmelige Hemd ist aus dickem, kuscheligem Flanell gefertigt und hat eine lockere Passform f\u00fcr mehr Komfort. Ideal zum Tragen im Beruf und in der Freizeit. Auch als Herrenmodell 3288 erh\u00e4ltlich. FUNKTIONALIT\u00c4T: Damengr\u00f6sse. DETAILS: Kunststoff-Kn\u00f6pfe. TASCHEN: Brusttasche mit Patte und Stifttasche. ABSCHLUSS: Armabschluss mit B\u00fcndchen. WASCHANLEITUNG: 40\u00b0 C. B\u00fcgeln &#8211; [&hellip;]<\/p>\n","protected":false},"featured_media":659381,"template":"","meta":[],"product_brand":[],"product_cat":[9874],"product_tag":[],"class_list":{"0":"post-659333","1":"product","2":"type-product","3":"status-publish","4":"has-post-thumbnail","6":"product_cat-hemden","7":"pa_brand-blaklaeder","8":"pa_brand-type-workwear","9":"pa_filter-color-gruen","10":"pa_filter-color-rot","11":"pa_filter-color-schwarz","13":"first","14":"instock","15":"sale","16":"taxable","17":"shipping-taxable","18":"purchasable","19":"product-type-variable","20":"add-to-wishlist-before_image"},"exclude_global_add_ons":[],"addons":[],"acf":[],"_links":{"self":[{"href":"https:\/\/shop.kustom.ch\/en\/wp-json\/wp\/v2\/product\/659333"}],"collection":[{"href":"https:\/\/shop.kustom.ch\/en\/wp-json\/wp\/v2\/product"}],"about":[{"href":"https:\/\/shop.kustom.ch\/en\/wp-json\/wp\/v2\/types\/product"}],"wp:featuredmedia":[{"embeddable":true,"href":"https:\/\/shop.kustom.ch\/en\/wp-json\/wp\/v2\/media\/659381"}],"wp:attachment":[{"href":"https:\/\/shop.kustom.ch\/en\/wp-json\/wp\/v2\/media?parent=659333"}],"wp:term":[{"taxonomy":"product_brand","embeddable":true,"href":"https:\/\/shop.kustom.ch\/en\/wp-json\/wp\/v2\/product_brand?post=659333"},{"taxonomy":"product_cat","embeddable":true,"href":"https:\/\/shop.kustom.ch\/en\/wp-json\/wp\/v2\/product_cat?post=659333"},{"taxonomy":"product_tag","embeddable":true,"href":"https:\/\/shop.kustom.ch\/en\/wp-json\/wp\/v2\/product_tag?post=659333"}],"curies":[{"name":"wp","href":"https:\/\/api.w.org\/{rel}","templated":true}]}}