{"id":659314,"date":"2025-04-29T04:45:51","date_gmt":"2025-04-29T03:45:51","guid":{"rendered":"https:\/\/shop.kustom.ch\/?post_type=product&#038;p=659314"},"modified":"2026-03-31T08:47:58","modified_gmt":"2026-03-31T07:47:58","slug":"weste-inhaerent","status":"publish","type":"product","link":"https:\/\/shop.kustom.ch\/en\/product\/weste-inhaerent\/","title":{"rendered":"Waistcoat Inherent"},"content":{"rendered":"<p>Waistcoat made of soft, supple material with high durability. A favourite among plumbers and electricians who are used to carrying a lot of equipment. Several multifunctional pockets that make everyday work easier. The waistcoat is metal-free and has plastic press studs and zip. Reflective details applied with heat application for better visibility and loops around the waist for a belt that can take the strain off.<\/p>\n<p>FUNCTIONALITY: Metal-free. Oil, dirt and water-repellent surface. DETAILS: D-ring. External certification labels. Plastic press studs. Wide belt loops. Loops on both sides of the chest for gas detector \/ oxygen analyser \/ microphone. POCKETS: Chest pockets with bellows, flap and press studs, one with a tool strap. Reinforced, three-part tool pockets. Tool pockets - front and back. FRONT CLOSURE: Concealed, reinforced plastic zip. REFLEX: Reflective tape in selected areas for better visibility. WASHING INSTRUCTIONS: 60\u00b0 C. Do not bleach. Do not iron. Do not dry clean. PRO: suitable for tumble drying. Tumble dryer - low. MAIN PROPERTIES: Electrician. Craftsmen. EN 1149-5. EN 61482-2. EN ISO 11612. FABRIC: blue. Metal-free. Flame retardant. WASHING: Industrial laundry EN ISO 15797. CERTIFICATION: EN 1149-5. 50 wash cycles max. ATPV - 11 cal\/cm\u00b2. ELIM - 10 cal\/cm\u00b2. EN 61482-2, APC 1. max. 50 washes. EN ISO 11612 A1,A2,B1,C1,F1. Max. 50 washes<\/p>\n<p>44% modacrylic, 30% cotton, 20% FR polyamide, 5% aramid, 1% antistatic, ripstop, flame-retardant, antistatic, 260 g\/m\u00b2<\/p>","protected":false},"excerpt":{"rendered":"<p>Weste aus weichem, geschmeidigem Material mit hoher Strapazierf\u00e4higkeit. Ein beliebtes Modell bei Installateuren und Elektrikern, die es gewohnt sind, viel Ausr\u00fcstung zu tragen. Mehrere Multifunktionstaschen, die die t\u00e4gliche Arbeit erleichtern. Die Weste ist metallfrei und hat Druckkn\u00f6pfe und Reissverschluss aus Kunststoff. Mit W\u00e4rmeapplikation aufgebrachte reflektierende Details f\u00fcr bessere Sichtbarkeit und Schlaufen um die Taille f\u00fcr [&hellip;]<\/p>\n","protected":false},"featured_media":659373,"template":"","meta":[],"product_brand":[],"product_cat":[4208],"product_tag":[],"class_list":{"0":"post-659314","1":"product","2":"type-product","3":"status-publish","4":"has-post-thumbnail","6":"product_cat-westen","7":"pa_brand-blaklaeder","8":"pa_brand-type-workwear","9":"pa_filter-color-blau","11":"first","12":"instock","13":"sale","14":"taxable","15":"shipping-taxable","16":"purchasable","17":"product-type-variable","18":"add-to-wishlist-before_image"},"exclude_global_add_ons":[],"addons":[],"acf":[],"_links":{"self":[{"href":"https:\/\/shop.kustom.ch\/en\/wp-json\/wp\/v2\/product\/659314"}],"collection":[{"href":"https:\/\/shop.kustom.ch\/en\/wp-json\/wp\/v2\/product"}],"about":[{"href":"https:\/\/shop.kustom.ch\/en\/wp-json\/wp\/v2\/types\/product"}],"wp:featuredmedia":[{"embeddable":true,"href":"https:\/\/shop.kustom.ch\/en\/wp-json\/wp\/v2\/media\/659373"}],"wp:attachment":[{"href":"https:\/\/shop.kustom.ch\/en\/wp-json\/wp\/v2\/media?parent=659314"}],"wp:term":[{"taxonomy":"product_brand","embeddable":true,"href":"https:\/\/shop.kustom.ch\/en\/wp-json\/wp\/v2\/product_brand?post=659314"},{"taxonomy":"product_cat","embeddable":true,"href":"https:\/\/shop.kustom.ch\/en\/wp-json\/wp\/v2\/product_cat?post=659314"},{"taxonomy":"product_tag","embeddable":true,"href":"https:\/\/shop.kustom.ch\/en\/wp-json\/wp\/v2\/product_tag?post=659314"}],"curies":[{"name":"wp","href":"https:\/\/api.w.org\/{rel}","templated":true}]}}