{"id":659303,"date":"2025-04-29T04:45:23","date_gmt":"2025-04-29T03:45:23","guid":{"rendered":"https:\/\/shop.kustom.ch\/?post_type=product&#038;p=659303"},"modified":"2026-03-31T08:46:32","modified_gmt":"2026-03-31T07:46:32","slug":"inhaerenter-aermelloser-overall","status":"publish","type":"product","link":"https:\/\/shop.kustom.ch\/en\/product\/inhaerenter-aermelloser-overall\/","title":{"rendered":"Inherent sleeveless jumpsuit"},"content":{"rendered":"<p>Oil, dirt and water repellent sleeveless coverall that provides the right protection in harsh environments. This lightweight, durable, comfortable and metal-free sleeveless coverall is made from an inherent material and features stretch panels at the back for comfort and freedom of movement. The chest pockets can be detached at the bottom to work leaning forwards. Reinforced knee pad pockets that can be opened from below. Certified according to EN 1149-5, EN 61482-2, EN ISO 11612, EN ISO 20471.<\/p>\n<p>FUNCTIONALITY: Oil, dirt and water-repellent surface. Stretch at the back. DETAILS: Detachable ID card pocket for flame-retardant clothing. External certification labels. Loops. POCKETS: Leg pocket with bellows, flap and pen pocket, additional pocket, mobile phone pocket and ID card pocket. Chest pockets with bellows, flap and press studs, one with a tool strap. Back pockets with bellows and flap. External knee pad pockets. Front pockets with flaps. Reinforced folding rule pocket with knife holder and pen pocket. FRONT CLOSURE: Concealed 2-way plastic zip. REINFORCEMENT: CORDURA\u00ae\/Kevlar\u00ae\/Protal\u00ae - reinforced at the knees. Reinforced ruler pocket and back pockets. REFLEX: Flame-retardant reflective strips with double stitching. CLOSURE: Extension option at the leg hem, does not apply to size D. Adjustable width of the leg hem with plastic press studs. WASHING INSTRUCTIONS: 60\u00b0 C. Do not bleach. Do not iron. Do not dry clean. Tumble dry - low. MAIN PROPERTIES: Electrician. Handyman. Service personnel. EN 1149-5. EN 14004. EN 61482-2. EN ISO 11612. EN ISO 20471. FABRIC: blue. High-vis yellow. Knee pad pockets. Metal-free. Stretch insert. Flame protection. CERTIFICATION: EN 1149-5. EN 14404 2004+A1 2010, Type 1, Level 1 together with knee pad Art. 4027. EN ISO 11612 A1, B1, C1, F1. EN ISO 20471, class 1. certification group W. ATPV - 10.7 cal\/cm\u00b2. IEC 61482-2, APC 1<\/p>\n<p>44% modacrylic, 30% cotton, 20% FR polyamide, 5% aramid, 1% antistatic, ripstop, flame-retardant, antistatic, 260 g\/m\u00b2<\/p>","protected":false},"excerpt":{"rendered":"<p>\u00d6l-, schmutz- und wasserabweisender, \u00e4rmelloser Overall, der in rauen Umgebungen den richtigen Schutz bietet. Dieser leichte, strapazierf\u00e4hige, bequeme und metallfreie \u00e4rmellose Overall besteht aus einem inh\u00e4renten Material und verf\u00fcgt \u00fcber Stretcheins\u00e4tze im R\u00fcckenbereich f\u00fcr mehr Komfort und Bewegungsfreiheit. Die Brusttaschen k\u00f6nnen unten abgetrennt werden, um nach vorne gelehnt zu arbeiten. Verst\u00e4rkte Kniepolstertaschen, die sich von [&hellip;]<\/p>\n","protected":false},"featured_media":659352,"template":"","meta":[],"product_brand":[],"product_cat":[10454],"product_tag":[],"class_list":{"0":"post-659303","1":"product","2":"type-product","3":"status-publish","4":"has-post-thumbnail","6":"product_cat-overalls","7":"pa_brand-blaklaeder","8":"pa_brand-type-workwear","9":"pa_filter-color-blau","10":"pa_filter-color-gelb","12":"first","13":"instock","14":"sale","15":"taxable","16":"shipping-taxable","17":"purchasable","18":"product-type-variable","19":"add-to-wishlist-before_image"},"exclude_global_add_ons":[],"addons":[],"acf":[],"_links":{"self":[{"href":"https:\/\/shop.kustom.ch\/en\/wp-json\/wp\/v2\/product\/659303"}],"collection":[{"href":"https:\/\/shop.kustom.ch\/en\/wp-json\/wp\/v2\/product"}],"about":[{"href":"https:\/\/shop.kustom.ch\/en\/wp-json\/wp\/v2\/types\/product"}],"wp:featuredmedia":[{"embeddable":true,"href":"https:\/\/shop.kustom.ch\/en\/wp-json\/wp\/v2\/media\/659352"}],"wp:attachment":[{"href":"https:\/\/shop.kustom.ch\/en\/wp-json\/wp\/v2\/media?parent=659303"}],"wp:term":[{"taxonomy":"product_brand","embeddable":true,"href":"https:\/\/shop.kustom.ch\/en\/wp-json\/wp\/v2\/product_brand?post=659303"},{"taxonomy":"product_cat","embeddable":true,"href":"https:\/\/shop.kustom.ch\/en\/wp-json\/wp\/v2\/product_cat?post=659303"},{"taxonomy":"product_tag","embeddable":true,"href":"https:\/\/shop.kustom.ch\/en\/wp-json\/wp\/v2\/product_tag?post=659303"}],"curies":[{"name":"wp","href":"https:\/\/api.w.org\/{rel}","templated":true}]}}