{"id":659264,"date":"2025-04-29T04:44:50","date_gmt":"2025-04-29T03:44:50","guid":{"rendered":"https:\/\/shop.kustom.ch\/?post_type=product&#038;p=659264"},"modified":"2026-03-31T08:43:33","modified_gmt":"2026-03-31T07:43:33","slug":"funktionssocken-dry-2er-pack","status":"publish","type":"product","link":"https:\/\/shop.kustom.ch\/en\/product\/funktionssocken-dry-2er-pack\/","title":{"rendered":"Functional socks Dry 2-pack"},"content":{"rendered":"<p>Functional sock made of Dryarn\u00ae with effective moisture transport to keep your feet dry at any temperature, both indoors and outdoors. Piqu\u00e9 knit sections in selected areas for extra ventilation and reinforcements on the toes, sole and heel for maximum durability. The arch support and tight fit support the foot and prevent the sock from slipping down. Supplied in a pack of 2 pairs.<\/p>\n<p>FUNCTIONALITY: Ankle-length socks. Elasticated knitted material on the sole of the foot. Good moisture transport. Reinforced heel, sole and toe. PACKAGING: Pack of 2. WASHING INSTRUCTIONS: 40\u00b0 C. Do not bleach. Do not iron. Do not dry clean. Do not spin. MAIN FEATURES: Unisex. FABRIC: black<\/p>\n<p>60% polyamide, 37% polypropylene, 3% elastane<\/p>","protected":false},"excerpt":{"rendered":"<p>Funktionssocke aus Dryarn\u00ae mit effektivem Feuchtigkeitstransport, um Ihre F\u00fcsse bei jeder Temperatur trocken zu halten, sowohl drinnen als auch draussen. Piqu\u00e9-Strickpartien an ausgew\u00e4hlten Stellen f\u00fcr zus\u00e4tzliche Bel\u00fcftung und Verst\u00e4rkungen an Zehen, Sohle und Ferse f\u00fcr maximale Haltbarkeit. Die Fussgew\u00f6lbest\u00fctze und die enge Passform st\u00fctzen den Fuss und verhindern ein Herunterrutschen der Socke. Wird in einer [&hellip;]<\/p>\n","protected":false},"featured_media":659320,"template":"","meta":[],"product_brand":[],"product_cat":[4199],"product_tag":[],"class_list":{"0":"post-659264","1":"product","2":"type-product","3":"status-publish","4":"has-post-thumbnail","6":"product_cat-socken","7":"pa_brand-blaklaeder","8":"pa_brand-type-workwear","9":"pa_filter-color-schwarz","11":"first","12":"instock","13":"sale","14":"taxable","15":"shipping-taxable","16":"purchasable","17":"product-type-variable","18":"add-to-wishlist-before_image"},"exclude_global_add_ons":[],"addons":[],"acf":[],"_links":{"self":[{"href":"https:\/\/shop.kustom.ch\/en\/wp-json\/wp\/v2\/product\/659264"}],"collection":[{"href":"https:\/\/shop.kustom.ch\/en\/wp-json\/wp\/v2\/product"}],"about":[{"href":"https:\/\/shop.kustom.ch\/en\/wp-json\/wp\/v2\/types\/product"}],"wp:featuredmedia":[{"embeddable":true,"href":"https:\/\/shop.kustom.ch\/en\/wp-json\/wp\/v2\/media\/659320"}],"wp:attachment":[{"href":"https:\/\/shop.kustom.ch\/en\/wp-json\/wp\/v2\/media?parent=659264"}],"wp:term":[{"taxonomy":"product_brand","embeddable":true,"href":"https:\/\/shop.kustom.ch\/en\/wp-json\/wp\/v2\/product_brand?post=659264"},{"taxonomy":"product_cat","embeddable":true,"href":"https:\/\/shop.kustom.ch\/en\/wp-json\/wp\/v2\/product_cat?post=659264"},{"taxonomy":"product_tag","embeddable":true,"href":"https:\/\/shop.kustom.ch\/en\/wp-json\/wp\/v2\/product_tag?post=659264"}],"curies":[{"name":"wp","href":"https:\/\/api.w.org\/{rel}","templated":true}]}}