{"id":659260,"date":"2025-04-29T04:44:50","date_gmt":"2025-04-29T03:44:50","guid":{"rendered":"https:\/\/shop.kustom.ch\/?post_type=product&#038;p=659260"},"modified":"2026-03-31T08:39:04","modified_gmt":"2026-03-31T07:39:04","slug":"flammschutz-halstuch-schlauchschal-2","status":"publish","type":"product","link":"https:\/\/shop.kustom.ch\/en\/product\/flammschutz-halstuch-schlauchschal-2\/","title":{"rendered":"Flame protection scarf\/hose scarf"},"content":{"rendered":"<p>Protects the neck and nape from wind and draughts. Can be used as a cap, sweatband, headgear, etc. Thanks to the comfortable, flame-retardant material, it offers long-lasting protection against heat, flames and electric arcs, among other things. The garment is certified in accordance with EN ISO 14116, EN 1149-5 and quality 1764 is tested and approved in accordance with APC 1 and has an ELIM value of 7.3 cal\/cm\u00b2.<\/p>\n<p>FUNCTIONALITY: Can be worn as a hat, scarf or headband. DETAILS: External certification labels. WASHING INSTRUCTIONS: 60\u00b0 C. Do not bleach. Do not iron. Do not dry clean. Tumble dry - low. MAIN PROPERTIES: Unisex. EN 1149-5. EN ISO 14116. FABRIC: black. Flame retardant. CERTIFICATION: EN 1149-5. EN ISO 14116, Index 3<\/p>\n<p>59% modacrylic, 39% cotton, 2% other fibres, rib knit, flame retardant, antistatic, 250g\/m\u00b2<\/p>","protected":false},"excerpt":{"rendered":"<p>Sch\u00fctzt Hals und Nacken vor Wind und Zugluft. Kann als M\u00fctze, Schweissband, Stirnhaube usw. verwendet werden. Dank des bequemen, schwer entflammbaren Materials bietet er dauerhaften Schutz u. a. gegen Hitze, Flammen und Lichtbogen. Das Kleidungsst\u00fcck ist nach EN ISO 14116, EN 1149-5 zertifiziert.Die Qualit\u00e4t 1764 ist nach APC 1 gepr\u00fcft und zugelassen und hat einen [&hellip;]<\/p>\n","protected":false},"featured_media":659301,"template":"","meta":[],"product_brand":[],"product_cat":[4209],"product_tag":[],"class_list":{"0":"post-659260","1":"product","2":"type-product","3":"status-publish","4":"has-post-thumbnail","6":"product_cat-zubehoer","7":"pa_brand-blaklaeder","8":"pa_brand-type-workwear","9":"pa_filter-color-schwarz","11":"first","12":"instock","13":"sale","14":"taxable","15":"shipping-taxable","16":"purchasable","17":"product-type-variable","18":"add-to-wishlist-before_image"},"exclude_global_add_ons":[],"addons":[],"acf":[],"_links":{"self":[{"href":"https:\/\/shop.kustom.ch\/en\/wp-json\/wp\/v2\/product\/659260"}],"collection":[{"href":"https:\/\/shop.kustom.ch\/en\/wp-json\/wp\/v2\/product"}],"about":[{"href":"https:\/\/shop.kustom.ch\/en\/wp-json\/wp\/v2\/types\/product"}],"wp:featuredmedia":[{"embeddable":true,"href":"https:\/\/shop.kustom.ch\/en\/wp-json\/wp\/v2\/media\/659301"}],"wp:attachment":[{"href":"https:\/\/shop.kustom.ch\/en\/wp-json\/wp\/v2\/media?parent=659260"}],"wp:term":[{"taxonomy":"product_brand","embeddable":true,"href":"https:\/\/shop.kustom.ch\/en\/wp-json\/wp\/v2\/product_brand?post=659260"},{"taxonomy":"product_cat","embeddable":true,"href":"https:\/\/shop.kustom.ch\/en\/wp-json\/wp\/v2\/product_cat?post=659260"},{"taxonomy":"product_tag","embeddable":true,"href":"https:\/\/shop.kustom.ch\/en\/wp-json\/wp\/v2\/product_tag?post=659260"}],"curies":[{"name":"wp","href":"https:\/\/api.w.org\/{rel}","templated":true}]}}