{"id":659010,"date":"2025-04-29T04:43:30","date_gmt":"2025-04-29T03:43:30","guid":{"rendered":"https:\/\/shop.kustom.ch\/?post_type=product&#038;p=659010"},"modified":"2026-03-31T08:31:17","modified_gmt":"2026-03-31T07:31:17","slug":"handwerker-arbeitshose-ohne-nageltaschen","status":"publish","type":"product","link":"https:\/\/shop.kustom.ch\/en\/product\/handwerker-arbeitshose-ohne-nageltaschen\/","title":{"rendered":"Craftsman work trousers without nail pockets"},"content":{"rendered":"<p>Functional and comfortable craftsman work trousers with easily accessible pockets, including a mobile phone pocket in stretch material suitable for most mobile phones. Knee pad pockets in CORDURA\u00ae stretch fabric for optimum fit and durability. Two back pockets with gusset and loop for hammer holder and reinforced ruler pocket with pen pocket and knife holder. Pre-shaped legs ensure a good fit.<\/p>\n<p>FUNCTIONALITY: Stretch inserts at the back yoke, at the knees and at the back of the knees. Particularly ergonomically shaped trouser legs. DETAILS: Detachable ID card pocket. Metal buttons. Inside leg seam with triple stitching. Plastic zip at the crotch. Two belt loops at the sides with a button for a hammer loop, one belt loop with D-ring at the front. Wide belt loop at the back. POCKETS: Leg pocket with bellows, pen pocket, flexible mobile phone pocket and two large pockets - one with zip and detachable ID card pocket. Back pockets reinforced with bellows. Knee pad pockets. Side pockets. Reinforced folding rule pocket with knife holder and pen pocket. REINFORCEMENT: CORDURA\u00ae stretch-reinforced knee pad pockets. CORDURA\u00ae reinforcement on the back pockets. WASHING INSTRUCTIONS: 60\u00b0 C. Iron - medium. Do not bleach. Do not dry clean. Tumble dry - low. MAIN PROPERTIES: Concrete worker. Electrician. Handyman. Plumber. Warehouse worker. Mechanic. EN 14004. FABRIC: Men's. blue. black. Knee pad pockets. Craftsmanship. Unite. CERTIFICATION: EN 14404:2004+A1:2010 together with knee pads 4027, 4057, 4058 and 4032<\/p>\n<p>65% polyester, 35% cotton, twill, 300g\/m\u00b2<\/p>","protected":false},"excerpt":{"rendered":"<p>Funktionelle und komfortable Handwerker Arbeitshose mit leicht zug\u00e4nglichen Taschen, einschliesslich einer Handytasche aus Stretchmaterial, in die f\u00fcr die meisten Handys geeignet ist. Kniepolstertaschen aus CORDURA\u00ae Stretch Stoff f\u00fcr optimale Passform und Haltbarkeit. Zwei Ges\u00e4sstaschen mit Faltenbalg und Schlaufe f\u00fcr Hammerhalter und verst\u00e4rkte Zollstocktasche mit Stifttasche und Messerhalter. Vorgeformte Beine sorgen f\u00fcr einen guten Sitz. FUNKTIONALIT\u00c4T: [&hellip;]<\/p>\n","protected":false},"featured_media":659051,"template":"","meta":[],"product_brand":[],"product_cat":[4185],"product_tag":[],"class_list":{"0":"post-659010","1":"product","2":"type-product","3":"status-publish","4":"has-post-thumbnail","6":"product_cat-hosen","7":"pa_brand-blaklaeder","8":"pa_brand-type-workwear","9":"pa_filter-color-blau","10":"pa_filter-color-gelb","11":"pa_filter-color-grau","12":"pa_filter-color-rot","13":"pa_filter-color-schwarz","15":"first","16":"instock","17":"sale","18":"taxable","19":"shipping-taxable","20":"purchasable","21":"product-type-variable","22":"add-to-wishlist-before_image"},"exclude_global_add_ons":[],"addons":[],"acf":[],"_links":{"self":[{"href":"https:\/\/shop.kustom.ch\/en\/wp-json\/wp\/v2\/product\/659010"}],"collection":[{"href":"https:\/\/shop.kustom.ch\/en\/wp-json\/wp\/v2\/product"}],"about":[{"href":"https:\/\/shop.kustom.ch\/en\/wp-json\/wp\/v2\/types\/product"}],"wp:featuredmedia":[{"embeddable":true,"href":"https:\/\/shop.kustom.ch\/en\/wp-json\/wp\/v2\/media\/659051"}],"wp:attachment":[{"href":"https:\/\/shop.kustom.ch\/en\/wp-json\/wp\/v2\/media?parent=659010"}],"wp:term":[{"taxonomy":"product_brand","embeddable":true,"href":"https:\/\/shop.kustom.ch\/en\/wp-json\/wp\/v2\/product_brand?post=659010"},{"taxonomy":"product_cat","embeddable":true,"href":"https:\/\/shop.kustom.ch\/en\/wp-json\/wp\/v2\/product_cat?post=659010"},{"taxonomy":"product_tag","embeddable":true,"href":"https:\/\/shop.kustom.ch\/en\/wp-json\/wp\/v2\/product_tag?post=659010"}],"curies":[{"name":"wp","href":"https:\/\/api.w.org\/{rel}","templated":true}]}}