{"id":658715,"date":"2025-04-29T04:41:32","date_gmt":"2025-04-29T03:41:32","guid":{"rendered":"https:\/\/shop.kustom.ch\/?post_type=product&#038;p=658715"},"modified":"2026-03-31T08:54:56","modified_gmt":"2026-03-31T07:54:56","slug":"damen-tank-top","status":"publish","type":"product","link":"https:\/\/shop.kustom.ch\/en\/product\/damen-tank-top\/","title":{"rendered":"Ladies tank top"},"content":{"rendered":"<p>A basic garment with a women's fit that is useful in all situations. Also available as men's model 3511.<\/p>\n<p>FUNCTIONALITY: Women's size. Slim fit. Tailored cut. DETAILS: Round neck. WASHING INSTRUCTIONS: 40\u00b0 C. Iron - low. Do not bleach. Do not dry clean. Do not spin. MAIN PROPERTIES: Concrete worker. Floor layers. Roofer. Drivers. Fisherman. Gardener. Handyman. Woodcutter. Plumber. Warehouse worker. Painter. Bricklayer \/ tiler. Mechanic. Cleaner. Service employee. Plumber. FABRIC: Ladies. Available for men and women. grey. Profile<\/p>\n<p>80% cotton, 15% viscose, 5% elastane, single jersey, 160 g\/m\u00b2<\/p>","protected":false},"excerpt":{"rendered":"<p>Ein Basis-Kleidungsst\u00fcck mit Damenpassform, das in allen Situationen n\u00fctzlich ist. Auch als Herrenmodellmodell 3511 erh\u00e4ltlich. FUNKTIONALIT\u00c4T: Damengr\u00f6sse. Slim Fit. Tailliert geschnitten. DETAILS: Rundhals. WASCHANLEITUNG: 40\u00b0 C. B\u00fcgeln &#8211; niedrig. Nicht bleichen. Nicht chemisch reinigen. Nicht schleudern. HAUPTEIGENSCHAFTEN: Betonbauer. Bodenleger. Dachdecker. Fahrer. Fischer. Gartenarbeiter. Handwerker. Holzf\u00e4ller. Installateur. Lagerarbeiter. Maler. Maurer \/ Fliesenleger. Mechaniker. Reinigungskraft. Service Mitarbeiter. [&hellip;]<\/p>\n","protected":false},"featured_media":658733,"template":"","meta":[],"product_brand":[],"product_cat":[4201],"product_tag":[],"class_list":{"0":"post-658715","1":"product","2":"type-product","3":"status-publish","4":"has-post-thumbnail","6":"product_cat-t-shirts","7":"pa_brand-blaklaeder","8":"pa_brand-type-workwear","9":"pa_filter-color-blau","10":"pa_filter-color-grau","11":"pa_filter-color-schwarz","12":"pa_filter-color-weiss","14":"first","15":"instock","16":"sale","17":"taxable","18":"shipping-taxable","19":"purchasable","20":"product-type-variable","21":"add-to-wishlist-before_image"},"exclude_global_add_ons":[],"addons":[],"acf":[],"_links":{"self":[{"href":"https:\/\/shop.kustom.ch\/en\/wp-json\/wp\/v2\/product\/658715"}],"collection":[{"href":"https:\/\/shop.kustom.ch\/en\/wp-json\/wp\/v2\/product"}],"about":[{"href":"https:\/\/shop.kustom.ch\/en\/wp-json\/wp\/v2\/types\/product"}],"wp:featuredmedia":[{"embeddable":true,"href":"https:\/\/shop.kustom.ch\/en\/wp-json\/wp\/v2\/media\/658733"}],"wp:attachment":[{"href":"https:\/\/shop.kustom.ch\/en\/wp-json\/wp\/v2\/media?parent=658715"}],"wp:term":[{"taxonomy":"product_brand","embeddable":true,"href":"https:\/\/shop.kustom.ch\/en\/wp-json\/wp\/v2\/product_brand?post=658715"},{"taxonomy":"product_cat","embeddable":true,"href":"https:\/\/shop.kustom.ch\/en\/wp-json\/wp\/v2\/product_cat?post=658715"},{"taxonomy":"product_tag","embeddable":true,"href":"https:\/\/shop.kustom.ch\/en\/wp-json\/wp\/v2\/product_tag?post=658715"}],"curies":[{"name":"wp","href":"https:\/\/api.w.org\/{rel}","templated":true}]}}