{"id":658651,"date":"2025-04-29T04:41:05","date_gmt":"2025-04-29T03:41:05","guid":{"rendered":"https:\/\/shop.kustom.ch\/?post_type=product&#038;p=658651"},"modified":"2026-03-31T08:52:46","modified_gmt":"2026-03-31T07:52:46","slug":"hybrid-sweater-3","status":"publish","type":"product","link":"https:\/\/shop.kustom.ch\/en\/product\/hybrid-sweater-3\/","title":{"rendered":"Hybrid Sweater"},"content":{"rendered":"<p>This sweatshirt is the ultimate all-rounder. Works equally well as a jacket, depending on what you're doing. This jacket-sweatshirt has a quilted front and is unlined. An excellent garment for printing with your company logo. Also available in a women's model 3419.<\/p>\n<p>FUNCTIONALITY: Padded material at the front. DETAILS: High collar with zip. Good surfaces for finishing. POCKETS: Front pockets with zips. FRONT CLOSURE: Plastic zip. Wind flap inside. CLOSURE: Cuffs with cuffs. Ribbed waistband. WASHING INSTRUCTIONS: 40\u00b0 C. Do not bleach. Do not iron. Do not dry clean. Do not spin. MAIN PROPERTIES: Driver. Garden labourer. Warehouse worker. Cleaner. Service employee. Available for men and women. Gents. FABRIC: Available for men and women. Men. blue. red. black. Profile. Unite. USP: Soft, brushed inside<\/p>\n<p>100% polyester, piqu\u00e9 fleece, brushed on one side, 260 g\/m\u00b2<\/p>","protected":false},"excerpt":{"rendered":"<p>This sweatshirt is the ultimate all-rounder. Works equally well as a jacket, depending on what you&#8217;re doing. This jacket-sweatshirt has a quilted front and is unlined. An excellent garment for printing with your company logo. Also available in a women&#8217;s model 3419. FUNKTIONALIT\u00c4T: Wattiertes Material vorne. DETAILS: Hoher Kragen mit Reissverschluss. Gute Oberfl\u00e4chen f\u00fcr Veredelung. [&hellip;]<\/p>\n","protected":false},"featured_media":658686,"template":"","meta":[],"product_brand":[],"product_cat":[4186],"product_tag":[],"class_list":{"0":"post-658651","1":"product","2":"type-product","3":"status-publish","4":"has-post-thumbnail","6":"product_cat-jacken","7":"pa_brand-blaklaeder","8":"pa_brand-type-workwear","9":"pa_filter-color-blau","10":"pa_filter-color-gelb","11":"pa_filter-color-grau","12":"pa_filter-color-gruen","13":"pa_filter-color-rot","14":"pa_filter-color-schwarz","16":"first","17":"instock","18":"sale","19":"taxable","20":"shipping-taxable","21":"purchasable","22":"product-type-variable","23":"add-to-wishlist-before_image"},"exclude_global_add_ons":[],"addons":[],"acf":[],"_links":{"self":[{"href":"https:\/\/shop.kustom.ch\/en\/wp-json\/wp\/v2\/product\/658651"}],"collection":[{"href":"https:\/\/shop.kustom.ch\/en\/wp-json\/wp\/v2\/product"}],"about":[{"href":"https:\/\/shop.kustom.ch\/en\/wp-json\/wp\/v2\/types\/product"}],"wp:featuredmedia":[{"embeddable":true,"href":"https:\/\/shop.kustom.ch\/en\/wp-json\/wp\/v2\/media\/658686"}],"wp:attachment":[{"href":"https:\/\/shop.kustom.ch\/en\/wp-json\/wp\/v2\/media?parent=658651"}],"wp:term":[{"taxonomy":"product_brand","embeddable":true,"href":"https:\/\/shop.kustom.ch\/en\/wp-json\/wp\/v2\/product_brand?post=658651"},{"taxonomy":"product_cat","embeddable":true,"href":"https:\/\/shop.kustom.ch\/en\/wp-json\/wp\/v2\/product_cat?post=658651"},{"taxonomy":"product_tag","embeddable":true,"href":"https:\/\/shop.kustom.ch\/en\/wp-json\/wp\/v2\/product_tag?post=658651"}],"curies":[{"name":"wp","href":"https:\/\/api.w.org\/{rel}","templated":true}]}}