{"id":657722,"date":"2025-04-15T23:08:33","date_gmt":"2025-04-15T22:08:33","guid":{"rendered":"https:\/\/shop.kustom.ch\/?post_type=product&#038;p=657722"},"modified":"2026-03-27T16:04:38","modified_gmt":"2026-03-27T15:04:38","slug":"kype-pro-m","status":"publish","type":"product","link":"https:\/\/shop.kustom.ch\/en\/product\/kype-pro-m\/","title":{"rendered":"Kype PRO M"},"content":{"rendered":"<p>Kype Pro represents the new generation of fast running shoes from CRAFT and is designed for those who want to push the boundaries and break records. Marathon runners benefit from an advanced combination of speed, comfort and technology.<\/p>\n<p>Combining cutting-edge technology with unrivalled efficiency, these technically advanced running shoes have been developed for elite runners. At the centre of the design is the Xx-Foam\u2122 midsole with Pebax\u2122, a nitrogen-enriched innovation that provides lightweight, durable and highly resilient cushioning. ARRIS' advanced carbon fibre plate makes these running shoes light and strong at the same time, achieving high speeds and improved propulsion. The standout feature of the shoe is its unique split heel design, which provides independent suspension for superior deceleration, stable energy transfer with every stride and maximum propulsion. The new Lightsole\u2122 outsole was developed in collaboration with Vittoria, inspired by the Corsa PRO Control bicycle tyre, and impresses with its unparalleled grip. In addition, the upper is made from a lightweight and robust AeroMesh fabric that offers excellent breathability and comfort. A close-fitting, figure-hugging design ensures a powerful racing feel. <\/p>\n<p>Xx Foam\u2122<br \/>\nXx Foam\u2122 is reinforced with Arkema's revolutionary pearlised Pebax\u2122. This elite foam technology combines powerful energy return with durable lightness and is designed for the serious runner. The Pebax\u2122 material is known for its unique combination of flexibility, strength and low density. It offers unrivalled rebound that turns every step you take into a true feat of strength. In Xx Foam\u2122, these innovative beads have been carefully engineered to provide a consistent, responsive ride from start to finish, ensuring that energy expenditure is minimised while speed and comfort are maximised.<\/p>\n<p>Craft Lightsole\u2122<br \/>\nThis lightweight, high-performance outsole was developed in collaboration with the world's leading bicycle tyre manufacturer Vittoria. Inspired by the Corsa PRO Control bicycle tyre, this sole is designed for the highest demands in running.<\/p>\n<p>Craft Endurance Fit\u00ae<br \/>\nCraft Endurance Fit\u00ae fit features a narrow heel counter, a supportive midfoot bridge and a roomy forefoot area. The narrow heel counter ensures a snug fit without slipping and unrivalled stability on any terrain. The midfoot bridge ensures a secure hold and provides confidence with every step. The spacious forefoot area allows the toes and metatarsals to move naturally, providing even more comfort.<\/p>\n<p>- Lightweight and highly resilient Xx-Foam\u2122 midsole with Pebax\u00ae<br \/>\n- Carbon fibre plate from ARRIS for stability and speed<br \/>\n- Split heel design for improved shock absorption and energy transfer<br \/>\n- Lightsole\u2122 outsole designed by Vittoria for exceptional traction, inspired by the Corsa PRO Control bicycle tyre<br \/>\n- Breathable and flexible upper made from open AeroMesh fabric made from 50 % recycled polyester<br \/>\n- Microfibre details made from 50 % recycled material<br \/>\nCraft Endurance Fit\u00ae<br \/>\n- Weight: 200 g in size UK8<br \/>\n- Heel 40 mm, forefoot 32 mm incl. insole<br \/>\n- Countersink: 8 mm<\/p>\n<p>Material: Upper 49% Polyester, 49% Recycled Polyester, 2% Thermoplastic urethanes, Midsole 100% ETPU Foam, Midsole insert 100% Carbon Fibre, Outsole 100% GCU Rubber, Insole 20% Polyester, 80% Recycled Polyester<\/p>","protected":false},"excerpt":{"rendered":"<p>Kype Pro repr\u00e4sentiert die neue Generation von schnellen Laufschuhen von CRAFT und wurde f\u00fcr alle entwickelt, die Grenzen \u00fcberschreiten und Rekorde brechen m\u00f6chten. Marathonl\u00e4ufer profitieren aus einer fortschrittlichen Kombination aus Geschwindigkeit, Komfort und Technologie. Diese technisch fortschrittlichen Laufschuhe, die Spitzentechnologie mit beispielloser Effizienz kombinieren, wurden f\u00fcr Spitzenl\u00e4ufer entwickelt. Im Mittelpunkt des Designs steht die Xx-Foam\u2122-Zwischensohle [&hellip;]<\/p>\n","protected":false},"featured_media":706234,"template":"","meta":[],"product_brand":[],"product_cat":[4197],"product_tag":[],"class_list":{"0":"post-657722","1":"product","2":"type-product","3":"status-publish","4":"has-post-thumbnail","6":"product_cat-schuhe-sandalen","7":"pa_brand-craft","8":"pa_brand-type-sportswear","9":"pa_filter-color-gruen","10":"pa_filter-color-orange","12":"first","13":"instock","14":"sale","15":"taxable","16":"shipping-taxable","17":"purchasable","18":"product-type-variable","19":"add-to-wishlist-before_image"},"exclude_global_add_ons":[],"addons":[],"acf":[],"_links":{"self":[{"href":"https:\/\/shop.kustom.ch\/en\/wp-json\/wp\/v2\/product\/657722"}],"collection":[{"href":"https:\/\/shop.kustom.ch\/en\/wp-json\/wp\/v2\/product"}],"about":[{"href":"https:\/\/shop.kustom.ch\/en\/wp-json\/wp\/v2\/types\/product"}],"wp:featuredmedia":[{"embeddable":true,"href":"https:\/\/shop.kustom.ch\/en\/wp-json\/wp\/v2\/media\/706234"}],"wp:attachment":[{"href":"https:\/\/shop.kustom.ch\/en\/wp-json\/wp\/v2\/media?parent=657722"}],"wp:term":[{"taxonomy":"product_brand","embeddable":true,"href":"https:\/\/shop.kustom.ch\/en\/wp-json\/wp\/v2\/product_brand?post=657722"},{"taxonomy":"product_cat","embeddable":true,"href":"https:\/\/shop.kustom.ch\/en\/wp-json\/wp\/v2\/product_cat?post=657722"},{"taxonomy":"product_tag","embeddable":true,"href":"https:\/\/shop.kustom.ch\/en\/wp-json\/wp\/v2\/product_tag?post=657722"}],"curies":[{"name":"wp","href":"https:\/\/api.w.org\/{rel}","templated":true}]}}