{"id":654518,"date":"2025-04-15T04:32:54","date_gmt":"2025-04-15T03:32:54","guid":{"rendered":"https:\/\/shop.kustom.ch\/?post_type=product&#038;p=654518"},"modified":"2026-03-31T13:39:44","modified_gmt":"2026-03-31T12:39:44","slug":"ziptop-dynamic","status":"publish","type":"product","link":"https:\/\/shop.kustom.ch\/en\/product\/ziptop-dynamic\/","title":{"rendered":"Ziptop Dynamic"},"content":{"rendered":"<p>Contrasting collar and sleeves<br \/>\nSleeves made from a highly elasticated polyester\/elastane blend<br \/>\nPolyester double knit mesh<br \/>\n100 % polyester (recycled)<br \/>\nSleeves: 90 % polyester (recycled), 10 % elastane<\/p>","protected":false},"excerpt":{"rendered":"<p>Kragen und \u00c4rmel in Kontrast \u00c4rmel aus hochelastischem Polyester-Elasthan-Mix Polyester-Double Knit Mesh 100 % Polyester (recycelt) \u00c4rmel: 90 % Polyester (recycelt), 10 % Elasthan<\/p>","protected":false},"featured_media":654519,"template":"","meta":[],"product_brand":[],"product_cat":[4184],"product_tag":[],"class_list":{"0":"post-654518","1":"product","2":"type-product","3":"status-publish","4":"has-post-thumbnail","6":"product_cat-hoodies-pullover","7":"pa_brand-jako","8":"pa_brand-type-sportswear","9":"pa_filter-color-blau","10":"pa_filter-color-gelb","11":"pa_filter-color-grau","12":"pa_filter-color-gruen","13":"pa_filter-color-rot","14":"pa_filter-color-schwarz","15":"pa_filter-color-weiss","17":"first","18":"instock","19":"sale","20":"taxable","21":"shipping-taxable","22":"purchasable","23":"product-type-variable","24":"add-to-wishlist-before_image"},"exclude_global_add_ons":[],"addons":[],"acf":[],"_links":{"self":[{"href":"https:\/\/shop.kustom.ch\/en\/wp-json\/wp\/v2\/product\/654518"}],"collection":[{"href":"https:\/\/shop.kustom.ch\/en\/wp-json\/wp\/v2\/product"}],"about":[{"href":"https:\/\/shop.kustom.ch\/en\/wp-json\/wp\/v2\/types\/product"}],"wp:featuredmedia":[{"embeddable":true,"href":"https:\/\/shop.kustom.ch\/en\/wp-json\/wp\/v2\/media\/654519"}],"wp:attachment":[{"href":"https:\/\/shop.kustom.ch\/en\/wp-json\/wp\/v2\/media?parent=654518"}],"wp:term":[{"taxonomy":"product_brand","embeddable":true,"href":"https:\/\/shop.kustom.ch\/en\/wp-json\/wp\/v2\/product_brand?post=654518"},{"taxonomy":"product_cat","embeddable":true,"href":"https:\/\/shop.kustom.ch\/en\/wp-json\/wp\/v2\/product_cat?post=654518"},{"taxonomy":"product_tag","embeddable":true,"href":"https:\/\/shop.kustom.ch\/en\/wp-json\/wp\/v2\/product_tag?post=654518"}],"curies":[{"name":"wp","href":"https:\/\/api.w.org\/{rel}","templated":true}]}}