{"id":654133,"date":"2025-04-15T04:29:48","date_gmt":"2025-04-15T03:29:48","guid":{"rendered":"https:\/\/shop.kustom.ch\/?post_type=product&#038;p=654133"},"modified":"2026-03-31T15:20:10","modified_gmt":"2026-03-31T14:20:10","slug":"bomberjacke","status":"publish","type":"product","link":"https:\/\/shop.kustom.ch\/en\/product\/bomberjacke\/","title":{"rendered":"Bomber jacket"},"content":{"rendered":"<p>40 \u00b0C washable<br \/>\nWind and water-repellent outer material with lamination<br \/>\nInsulating, lightweight padding<br \/>\nQuilted inner lining<br \/>\nKnitted ribbed cuffs and hem<br \/>\nSide pockets with zip<br \/>\nInner pocket with Velcro<br \/>\nJAKO logo in main colour<br \/>\n100 % Polyester<br \/>\n3000 mm TPU<br \/>\nPadding: 100 % polyester<br \/>\nInner lining: 100 % nylon<\/p>","protected":false},"excerpt":{"rendered":"<p>40 \u00b0C waschbar Wind- und wasserabweisendes Obermaterial mit Laminierung W\u00e4rmeisolierende, leichte Wattierung Gestepptes Innenfutter \u00c4rmelb\u00fcndchen und Saum aus Strick-Ripp Seitentaschen mit Reissverschluss Innentasche mit Klett JAKO Logo in Hauptfarbe 100 % Polyester 3000 mm TPU Wattierung: 100 % Polyester Innenfutter: 100 % Nylon<\/p>","protected":false},"featured_media":654135,"template":"","meta":[],"product_brand":[],"product_cat":[4186],"product_tag":[],"class_list":{"0":"post-654133","1":"product","2":"type-product","3":"status-publish","4":"has-post-thumbnail","6":"product_cat-jacken","7":"pa_brand-jako","8":"pa_brand-type-sportswear","9":"pa_filter-color-gruen","10":"pa_filter-color-schwarz","12":"first","13":"instock","14":"sale","15":"taxable","16":"shipping-taxable","17":"purchasable","18":"product-type-variable","19":"add-to-wishlist-before_image"},"exclude_global_add_ons":[],"addons":[],"acf":[],"_links":{"self":[{"href":"https:\/\/shop.kustom.ch\/en\/wp-json\/wp\/v2\/product\/654133"}],"collection":[{"href":"https:\/\/shop.kustom.ch\/en\/wp-json\/wp\/v2\/product"}],"about":[{"href":"https:\/\/shop.kustom.ch\/en\/wp-json\/wp\/v2\/types\/product"}],"wp:featuredmedia":[{"embeddable":true,"href":"https:\/\/shop.kustom.ch\/en\/wp-json\/wp\/v2\/media\/654135"}],"wp:attachment":[{"href":"https:\/\/shop.kustom.ch\/en\/wp-json\/wp\/v2\/media?parent=654133"}],"wp:term":[{"taxonomy":"product_brand","embeddable":true,"href":"https:\/\/shop.kustom.ch\/en\/wp-json\/wp\/v2\/product_brand?post=654133"},{"taxonomy":"product_cat","embeddable":true,"href":"https:\/\/shop.kustom.ch\/en\/wp-json\/wp\/v2\/product_cat?post=654133"},{"taxonomy":"product_tag","embeddable":true,"href":"https:\/\/shop.kustom.ch\/en\/wp-json\/wp\/v2\/product_tag?post=654133"}],"curies":[{"name":"wp","href":"https:\/\/api.w.org\/{rel}","templated":true}]}}