{"id":651970,"date":"2025-04-15T04:02:35","date_gmt":"2025-04-15T03:02:35","guid":{"rendered":"https:\/\/shop.kustom.ch\/?post_type=product&#038;p=651970"},"modified":"2026-03-31T13:24:21","modified_gmt":"2026-03-31T12:24:21","slug":"spielball-glory","status":"publish","type":"product","link":"https:\/\/shop.kustom.ch\/en\/product\/spielball-glory\/","title":{"rendered":"Match ball Glory"},"content":{"rendered":"<p>FIFA QUALITY PRO-licensed, official match ball<br \/>\nBonding technology<br \/>\n14 Panel<br \/>\nWrapped butyl bladder<br \/>\nParticularly suitable for artificial turf thanks to its hard-wearing surface with polyurethane layer<\/p>","protected":false},"excerpt":{"rendered":"<p>FIFA QUALITY PRO-lizenzierter, offizieller Spielball Bonding Technologie 14 Panel Umwickelte-Butyl-Blase Durch widerstandsf\u00e4hige Oberfl\u00e4che mit Polyurethan-Schicht besonders f\u00fcr Kunstrasen geeignet<\/p>","protected":false},"featured_media":651989,"template":"","meta":[],"product_brand":[],"product_cat":[4175,4209],"product_tag":[],"class_list":{"0":"post-651970","1":"product","2":"type-product","3":"status-publish","4":"has-post-thumbnail","6":"product_cat-baelle","7":"product_cat-zubehoer","8":"pa_brand-jako","9":"pa_brand-type-sportswear","10":"pa_filter-color-weiss","12":"first","13":"instock","14":"sale","15":"taxable","16":"shipping-taxable","17":"purchasable","18":"product-type-variable","19":"add-to-wishlist-before_image"},"exclude_global_add_ons":[],"addons":[],"acf":[],"_links":{"self":[{"href":"https:\/\/shop.kustom.ch\/en\/wp-json\/wp\/v2\/product\/651970"}],"collection":[{"href":"https:\/\/shop.kustom.ch\/en\/wp-json\/wp\/v2\/product"}],"about":[{"href":"https:\/\/shop.kustom.ch\/en\/wp-json\/wp\/v2\/types\/product"}],"wp:featuredmedia":[{"embeddable":true,"href":"https:\/\/shop.kustom.ch\/en\/wp-json\/wp\/v2\/media\/651989"}],"wp:attachment":[{"href":"https:\/\/shop.kustom.ch\/en\/wp-json\/wp\/v2\/media?parent=651970"}],"wp:term":[{"taxonomy":"product_brand","embeddable":true,"href":"https:\/\/shop.kustom.ch\/en\/wp-json\/wp\/v2\/product_brand?post=651970"},{"taxonomy":"product_cat","embeddable":true,"href":"https:\/\/shop.kustom.ch\/en\/wp-json\/wp\/v2\/product_cat?post=651970"},{"taxonomy":"product_tag","embeddable":true,"href":"https:\/\/shop.kustom.ch\/en\/wp-json\/wp\/v2\/product_tag?post=651970"}],"curies":[{"name":"wp","href":"https:\/\/api.w.org\/{rel}","templated":true}]}}