{"id":651723,"date":"2025-04-15T04:00:45","date_gmt":"2025-04-15T03:00:45","guid":{"rendered":"https:\/\/shop.kustom.ch\/?post_type=product&#038;p=651723"},"modified":"2026-03-31T13:28:38","modified_gmt":"2026-03-31T12:28:38","slug":"rs89-academy-fg-ag","status":"publish","type":"product","link":"https:\/\/shop.kustom.ch\/en\/product\/rs89-academy-fg-ag\/","title":{"rendered":"RS89 Academy FG\/AG"},"content":{"rendered":"<p>Made in Europe<br \/>\nCam shoe for children<br \/>\nSuitable for natural and artificial turf<br \/>\nOptimum fit thanks to European lasts<br \/>\nProduction with state-of-the-art direct injection technology<br \/>\nLightweight, technical upper material for more dynamism<br \/>\nKnitted tongue construction with asymmetric lacing<br \/>\nUpper: Textile + Synthetic<br \/>\nLining: Synthetic<br \/>\nInsole: Textile + Synthetic<\/p>","protected":false},"excerpt":{"rendered":"<p>Made in Europe Nockenschuh f\u00fcr Kinder Geeignet f\u00fcr Natur- und Kunstrasen Optimaler Fit durch europ\u00e4ischen Leisten Fertigung mit modernster Direct Injection Technologie Leichtes, technisches Obermaterial f\u00fcr mehr Dynamik Gestrickte Zungenkonstruktion mit asymmetrischer Schn\u00fcrung Obermaterial: Textile + Synthetic Futter: Synthetik Innensohle: Textile + Synthetic<\/p>","protected":false},"featured_media":651724,"template":"","meta":[],"product_brand":[],"product_cat":[4197,4209],"product_tag":[],"class_list":{"0":"post-651723","1":"product","2":"type-product","3":"status-publish","4":"has-post-thumbnail","6":"product_cat-schuhe-sandalen","7":"product_cat-zubehoer","8":"pa_brand-jako","9":"pa_brand-type-sportswear","10":"pa_filter-color-rot","11":"pa_filter-color-schwarz","12":"pa_filter-color-weiss","14":"first","15":"instock","16":"sale","17":"taxable","18":"shipping-taxable","19":"purchasable","20":"product-type-variable","21":"add-to-wishlist-before_image"},"exclude_global_add_ons":[],"addons":[],"acf":[],"_links":{"self":[{"href":"https:\/\/shop.kustom.ch\/en\/wp-json\/wp\/v2\/product\/651723"}],"collection":[{"href":"https:\/\/shop.kustom.ch\/en\/wp-json\/wp\/v2\/product"}],"about":[{"href":"https:\/\/shop.kustom.ch\/en\/wp-json\/wp\/v2\/types\/product"}],"wp:featuredmedia":[{"embeddable":true,"href":"https:\/\/shop.kustom.ch\/en\/wp-json\/wp\/v2\/media\/651724"}],"wp:attachment":[{"href":"https:\/\/shop.kustom.ch\/en\/wp-json\/wp\/v2\/media?parent=651723"}],"wp:term":[{"taxonomy":"product_brand","embeddable":true,"href":"https:\/\/shop.kustom.ch\/en\/wp-json\/wp\/v2\/product_brand?post=651723"},{"taxonomy":"product_cat","embeddable":true,"href":"https:\/\/shop.kustom.ch\/en\/wp-json\/wp\/v2\/product_cat?post=651723"},{"taxonomy":"product_tag","embeddable":true,"href":"https:\/\/shop.kustom.ch\/en\/wp-json\/wp\/v2\/product_tag?post=651723"}],"curies":[{"name":"wp","href":"https:\/\/api.w.org\/{rel}","templated":true}]}}