{"id":651396,"date":"2025-04-15T03:58:42","date_gmt":"2025-04-15T02:58:42","guid":{"rendered":"https:\/\/shop.kustom.ch\/?post_type=product&#038;p=651396"},"modified":"2026-03-31T13:28:35","modified_gmt":"2026-03-31T12:28:35","slug":"opura-team-fg-ag","status":"publish","type":"product","link":"https:\/\/shop.kustom.ch\/en\/product\/opura-team-fg-ag\/","title":{"rendered":"OPURA Team FG\/AG"},"content":{"rendered":"<p>Made in Europe<br \/>\nCam shoe for adults<br \/>\nSuitable for natural and artificial turf<br \/>\nOptimum fit thanks to European lasts<br \/>\nProduction with state-of-the-art direct injection technology<br \/>\nSynthetic leather upper for optimum feel for the ball<br \/>\nClassic tongue construction with symmetrical lacing<br \/>\nUpper material: Synthetic<br \/>\nLining: Synthetic<br \/>\nInsole: Textile + Synthetic<\/p>","protected":false},"excerpt":{"rendered":"<p>Made in Europe Nockenschuh f\u00fcr Erwachsene Geeignet f\u00fcr Natur- und Kunstrasen Optimaler Fit durch europ\u00e4ischen Leisten Fertigung mit modernster Direct Injection Technologie Obermaterial aus synthetischem Leder f\u00fcr optimales Ballgef\u00fchl Klassische Zungenkonstruktion mit symmetrischer Schn\u00fcrung Obermaterial: Synthetic Futter: Synthetik Innensohle: Textile + Synthetic<\/p>","protected":false},"featured_media":651404,"template":"","meta":[],"product_brand":[],"product_cat":[4197,4209],"product_tag":[],"class_list":{"0":"post-651396","1":"product","2":"type-product","3":"status-publish","4":"has-post-thumbnail","6":"product_cat-schuhe-sandalen","7":"product_cat-zubehoer","8":"pa_brand-jako","9":"pa_brand-type-sportswear","10":"pa_filter-color-schwarz","11":"pa_filter-color-weiss","13":"first","14":"instock","15":"sale","16":"taxable","17":"shipping-taxable","18":"purchasable","19":"product-type-variable","20":"add-to-wishlist-before_image"},"exclude_global_add_ons":[],"addons":[],"acf":[],"_links":{"self":[{"href":"https:\/\/shop.kustom.ch\/en\/wp-json\/wp\/v2\/product\/651396"}],"collection":[{"href":"https:\/\/shop.kustom.ch\/en\/wp-json\/wp\/v2\/product"}],"about":[{"href":"https:\/\/shop.kustom.ch\/en\/wp-json\/wp\/v2\/types\/product"}],"wp:featuredmedia":[{"embeddable":true,"href":"https:\/\/shop.kustom.ch\/en\/wp-json\/wp\/v2\/media\/651404"}],"wp:attachment":[{"href":"https:\/\/shop.kustom.ch\/en\/wp-json\/wp\/v2\/media?parent=651396"}],"wp:term":[{"taxonomy":"product_brand","embeddable":true,"href":"https:\/\/shop.kustom.ch\/en\/wp-json\/wp\/v2\/product_brand?post=651396"},{"taxonomy":"product_cat","embeddable":true,"href":"https:\/\/shop.kustom.ch\/en\/wp-json\/wp\/v2\/product_cat?post=651396"},{"taxonomy":"product_tag","embeddable":true,"href":"https:\/\/shop.kustom.ch\/en\/wp-json\/wp\/v2\/product_tag?post=651396"}],"curies":[{"name":"wp","href":"https:\/\/api.w.org\/{rel}","templated":true}]}}