{"id":650498,"date":"2025-04-08T03:23:08","date_gmt":"2025-04-08T02:23:08","guid":{"rendered":"https:\/\/shop.kustom.ch\/?post_type=product&#038;p=650498"},"modified":"2026-03-30T13:17:05","modified_gmt":"2026-03-30T12:17:05","slug":"haengetaschen-complete-4","status":"publish","type":"product","link":"https:\/\/shop.kustom.ch\/en\/product\/haengetaschen-complete-4\/","title":{"rendered":"COMPLETE hanging bags"},"content":{"rendered":"<p>Spacious bag, 40 litres. The material is waterproof and has taped seams. The opening of the bag can be folded and closed with buckles. External pocket with zip, which is not waterproof. Removable, padded shoulder strap. Padded shoulder strap.<br \/>\n70% polychloride\/30% polyester<br \/>\nDo not wash; Do not bleach; Do not tumble dry; Do not iron; Do not dry clean<\/p>\n<p><a href=\"https:\/\/mascotsitecore-1ccb8.kxcdn.com\/pdf\/24150-M99-09-de.pdf\" target=\"_blank\" rel=\"noopener\"><u>Open product data sheet<\/u><\/a><\/p>","protected":false},"excerpt":{"rendered":"<p>Ger\u00e4umige Tasche, 40 Liter. Das Material ist wasserdicht und hat geklebte N\u00e4hte. Die \u00d6ffnung der Tasche l\u00e4sst sich falten und mit Schnallen verschliessen. Externe Tasche mit Reissverschluss, die nicht wasserdicht ist. Abnehmbarer, gepolsteter Schultergurt. Gepolsterter Tragegurt. 70% Polychlorid\/30% Polyester Nicht w\u00e4sche; Nicht bleichen; Nicht im W\u00e4schetrockner trocknen; Nicht b\u00fcgeln; F\u00fcr chemische Reinigung nicht geeignet Produktdatenblatt [&hellip;]<\/p>\n","protected":false},"featured_media":650499,"template":"","meta":[],"product_brand":[],"product_cat":[10507,4209],"product_tag":[],"class_list":{"0":"post-650498","1":"product","2":"type-product","3":"status-publish","4":"has-post-thumbnail","6":"product_cat-haengetaschen","7":"product_cat-zubehoer","8":"pa_brand-mascot","9":"pa_brand-type-workwear","10":"pa_filter-color-schwarz","12":"first","13":"instock","14":"sale","15":"taxable","16":"shipping-taxable","17":"purchasable","18":"product-type-variable","19":"add-to-wishlist-before_image"},"exclude_global_add_ons":[],"addons":[],"acf":[],"_links":{"self":[{"href":"https:\/\/shop.kustom.ch\/en\/wp-json\/wp\/v2\/product\/650498"}],"collection":[{"href":"https:\/\/shop.kustom.ch\/en\/wp-json\/wp\/v2\/product"}],"about":[{"href":"https:\/\/shop.kustom.ch\/en\/wp-json\/wp\/v2\/types\/product"}],"wp:featuredmedia":[{"embeddable":true,"href":"https:\/\/shop.kustom.ch\/en\/wp-json\/wp\/v2\/media\/650499"}],"wp:attachment":[{"href":"https:\/\/shop.kustom.ch\/en\/wp-json\/wp\/v2\/media?parent=650498"}],"wp:term":[{"taxonomy":"product_brand","embeddable":true,"href":"https:\/\/shop.kustom.ch\/en\/wp-json\/wp\/v2\/product_brand?post=650498"},{"taxonomy":"product_cat","embeddable":true,"href":"https:\/\/shop.kustom.ch\/en\/wp-json\/wp\/v2\/product_cat?post=650498"},{"taxonomy":"product_tag","embeddable":true,"href":"https:\/\/shop.kustom.ch\/en\/wp-json\/wp\/v2\/product_tag?post=650498"}],"curies":[{"name":"wp","href":"https:\/\/api.w.org\/{rel}","templated":true}]}}