{"id":648633,"date":"2025-04-07T19:48:13","date_gmt":"2025-04-07T18:48:13","guid":{"rendered":"https:\/\/shop.kustom.ch\/?post_type=product&#038;p=648633"},"modified":"2026-03-31T09:25:31","modified_gmt":"2026-03-31T08:25:31","slug":"grab-windbreaker-men","status":"publish","type":"product","link":"https:\/\/shop.kustom.ch\/en\/product\/grab-windbreaker-men\/","title":{"rendered":"Grab Windbreaker Men"},"content":{"rendered":"<p>The Grab is the ultimate blend of style and functionality, perfect for windy days. This windbreaker has a matte finish for a modern look and features like-coloured zips for a seamless design. The hood is surrounded by a soft band, while the elasticated cuffs ensure a snug fit. Inside, a breathable mesh lining and smooth taffeta in the hood and sleeves ensure all-day comfort. The jacket is finished with a water-repellent C0 Bionic Finish Eco.<\/p>\n<p>Material: Outer material: 100% polyester, 75g\/m\u00b2. Lining(Mesh): 100% certified recycled polyester, 70g\/m\u00b2. Lining(Taffeta): 100% certified recycled polyester, 80g\/m\u00b2. Feature: Water repellent treatment C0<\/p>","protected":false},"excerpt":{"rendered":"<p>Die Grab ist die ultimative Mischung aus Stil und Funktionalit\u00e4t, perfekt f\u00fcr windige Tage. Diese Windjacke hat ein mattes Finish f\u00fcr einen modernen Look und verf\u00fcgt \u00fcber gleichfarbige Reissverschl\u00fcsse f\u00fcr ein nahtloses Design. Die Kapuze ist von einem weichen Band umgeben, w\u00e4hrend die elastischen \u00c4rmelabschl\u00fcsse f\u00fcr einen guten Sitz sorgen. Innen sorgen ein atmungsaktives Netzfutter [&hellip;]<\/p>\n","protected":false},"featured_media":648660,"template":"","meta":[],"product_brand":[],"product_cat":[4186],"product_tag":[],"class_list":{"0":"post-648633","1":"product","2":"type-product","3":"status-publish","4":"has-post-thumbnail","6":"product_cat-jacken","7":"pa_brand-printer-red","8":"pa_brand-type-workwear","9":"pa_filter-color-blau","10":"pa_filter-color-rot","11":"pa_filter-color-schwarz","13":"first","14":"instock","15":"sale","16":"taxable","17":"shipping-taxable","18":"purchasable","19":"product-type-variable","20":"add-to-wishlist-before_image"},"exclude_global_add_ons":[],"addons":[],"acf":[],"_links":{"self":[{"href":"https:\/\/shop.kustom.ch\/en\/wp-json\/wp\/v2\/product\/648633"}],"collection":[{"href":"https:\/\/shop.kustom.ch\/en\/wp-json\/wp\/v2\/product"}],"about":[{"href":"https:\/\/shop.kustom.ch\/en\/wp-json\/wp\/v2\/types\/product"}],"wp:featuredmedia":[{"embeddable":true,"href":"https:\/\/shop.kustom.ch\/en\/wp-json\/wp\/v2\/media\/648660"}],"wp:attachment":[{"href":"https:\/\/shop.kustom.ch\/en\/wp-json\/wp\/v2\/media?parent=648633"}],"wp:term":[{"taxonomy":"product_brand","embeddable":true,"href":"https:\/\/shop.kustom.ch\/en\/wp-json\/wp\/v2\/product_brand?post=648633"},{"taxonomy":"product_cat","embeddable":true,"href":"https:\/\/shop.kustom.ch\/en\/wp-json\/wp\/v2\/product_cat?post=648633"},{"taxonomy":"product_tag","embeddable":true,"href":"https:\/\/shop.kustom.ch\/en\/wp-json\/wp\/v2\/product_tag?post=648633"}],"curies":[{"name":"wp","href":"https:\/\/api.w.org\/{rel}","templated":true}]}}