{"id":648566,"date":"2025-04-07T19:47:47","date_gmt":"2025-04-07T18:47:47","guid":{"rendered":"https:\/\/shop.kustom.ch\/?post_type=product&#038;p=648566"},"modified":"2026-03-31T09:27:05","modified_gmt":"2026-03-31T08:27:05","slug":"boardslide","status":"publish","type":"product","link":"https:\/\/shop.kustom.ch\/en\/product\/boardslide\/","title":{"rendered":"Boardslide"},"content":{"rendered":"<p>Introducing the Boardslide Jacket, a softshell made from 5 layers of fabric for unrivalled performance. With a functional membrane bonded to warming fleece and finished with a padded recycled polyester lining, this jacket offers both warmth and protection. With its regular fit and adjustable cuffs and hem, the Boardslide jacket ensures a customisable fit for any adventure. Three easily accessible zip pockets provide ample storage space for your essentials on the go. Equipped with a fixed hood that can be adjusted at the side with stoppers, this jacket offers additional versatility and protection against the elements. Whether you're conquering the slopes or exploring the city, the Boardslide Jacket is your ideal choice for flexible protection and style. Packaged in a bio-based, compostable bag.<\/p>\n<p>Material: Outer fabric: 100% recycled polyester. Filling: 100% recycled polyester. Lining: 100% recycled polyester. Oeko-Tex Standard 100. WP 1000\/MVP 200<\/p>","protected":false},"excerpt":{"rendered":"<p>Pr\u00e4sentieren wir Ihnen die Boardslide Jacke, eine Softshell, die aus 5 Lagen Stoff f\u00fcr unvergleichliche Leistung gefertigt ist. Mit einer funktionalen Membran, die mit w\u00e4rmendem Fleece verbunden und mit einem gepolsterten Innenfutter aus Recycling-Polyester abgeschlossen ist, bietet diese Jacke sowohl W\u00e4rme als auch Schutz. Mit ihrem Regular Fit und den verstellbaren \u00c4rmelb\u00fcndchen und dem Saum [&hellip;]<\/p>\n","protected":false},"featured_media":648590,"template":"","meta":[],"product_brand":[],"product_cat":[4186],"product_tag":[],"class_list":{"0":"post-648566","1":"product","2":"type-product","3":"status-publish","4":"has-post-thumbnail","6":"product_cat-jacken","7":"pa_brand-printer-red","8":"pa_brand-type-workwear","9":"pa_filter-color-blau","10":"pa_filter-color-rot","11":"pa_filter-color-schwarz","13":"first","14":"instock","15":"sale","16":"taxable","17":"shipping-taxable","18":"purchasable","19":"product-type-variable","20":"add-to-wishlist-before_image"},"exclude_global_add_ons":[],"addons":[],"acf":[],"_links":{"self":[{"href":"https:\/\/shop.kustom.ch\/en\/wp-json\/wp\/v2\/product\/648566"}],"collection":[{"href":"https:\/\/shop.kustom.ch\/en\/wp-json\/wp\/v2\/product"}],"about":[{"href":"https:\/\/shop.kustom.ch\/en\/wp-json\/wp\/v2\/types\/product"}],"wp:featuredmedia":[{"embeddable":true,"href":"https:\/\/shop.kustom.ch\/en\/wp-json\/wp\/v2\/media\/648590"}],"wp:attachment":[{"href":"https:\/\/shop.kustom.ch\/en\/wp-json\/wp\/v2\/media?parent=648566"}],"wp:term":[{"taxonomy":"product_brand","embeddable":true,"href":"https:\/\/shop.kustom.ch\/en\/wp-json\/wp\/v2\/product_brand?post=648566"},{"taxonomy":"product_cat","embeddable":true,"href":"https:\/\/shop.kustom.ch\/en\/wp-json\/wp\/v2\/product_cat?post=648566"},{"taxonomy":"product_tag","embeddable":true,"href":"https:\/\/shop.kustom.ch\/en\/wp-json\/wp\/v2\/product_tag?post=648566"}],"curies":[{"name":"wp","href":"https:\/\/api.w.org\/{rel}","templated":true}]}}