{"id":648518,"date":"2025-04-07T19:47:27","date_gmt":"2025-04-07T18:47:27","guid":{"rendered":"https:\/\/shop.kustom.ch\/?post_type=product&#038;p=648518"},"modified":"2026-03-31T09:26:56","modified_gmt":"2026-03-31T08:26:56","slug":"airwalk","status":"publish","type":"product","link":"https:\/\/shop.kustom.ch\/en\/product\/airwalk\/","title":{"rendered":"Airwalk"},"content":{"rendered":"<p>An ultimate softshell jacket designed for versatility and performance. Made from three layers of fabric, including a functional membrane and a warming fleece lining, it offers superior protection and comfort. With its regular fit and adjustable cuffs and hem, this jacket ensures a customisable fit for any adventure. With three easily accessible zipped pockets, you'll always have your essentials to hand wherever you go. Oeko-Tex 100 certified. Packed in a bio-based, compostable bag.<\/p>\n<p>Material: Outer fabric: 100% recycled polyester 280 g\/m2. Filling: 100% recycled polyester 80 g\/m2. Lining: 100% recycled polyester 58 g\/m2. WP 1000 \/ MVP 200. Oeko-Tex Standard 100<\/p>","protected":false},"excerpt":{"rendered":"<p>Eine ultimative Softshell Jacke, die f\u00fcr Vielseitigkeit und Leistung entwickelt wurde. Gefertigt aus drei Lagen Stoff, einschliesslich einer funktionalen Membran und einem w\u00e4rmenden Fleece Innenfutter, bietet sie \u00fcberlegenen Schutz und Komfort. Mit ihrem Regular Fit und den verstellbaren \u00c4rmelb\u00fcndchen und dem Saum gew\u00e4hrleistet diese Jacke eine individuell anpassbare Passform f\u00fcr jedes Abenteuer. Mit drei leicht [&hellip;]<\/p>\n","protected":false},"featured_media":648520,"template":"","meta":[],"product_brand":[],"product_cat":[4186],"product_tag":[],"class_list":{"0":"post-648518","1":"product","2":"type-product","3":"status-publish","4":"has-post-thumbnail","6":"product_cat-jacken","7":"pa_brand-printer-red","8":"pa_brand-type-workwear","9":"pa_filter-color-blau","10":"pa_filter-color-rot","11":"pa_filter-color-schwarz","13":"first","14":"instock","15":"sale","16":"taxable","17":"shipping-taxable","18":"purchasable","19":"product-type-variable","20":"add-to-wishlist-before_image"},"exclude_global_add_ons":[],"addons":[],"acf":[],"_links":{"self":[{"href":"https:\/\/shop.kustom.ch\/en\/wp-json\/wp\/v2\/product\/648518"}],"collection":[{"href":"https:\/\/shop.kustom.ch\/en\/wp-json\/wp\/v2\/product"}],"about":[{"href":"https:\/\/shop.kustom.ch\/en\/wp-json\/wp\/v2\/types\/product"}],"wp:featuredmedia":[{"embeddable":true,"href":"https:\/\/shop.kustom.ch\/en\/wp-json\/wp\/v2\/media\/648520"}],"wp:attachment":[{"href":"https:\/\/shop.kustom.ch\/en\/wp-json\/wp\/v2\/media?parent=648518"}],"wp:term":[{"taxonomy":"product_brand","embeddable":true,"href":"https:\/\/shop.kustom.ch\/en\/wp-json\/wp\/v2\/product_brand?post=648518"},{"taxonomy":"product_cat","embeddable":true,"href":"https:\/\/shop.kustom.ch\/en\/wp-json\/wp\/v2\/product_cat?post=648518"},{"taxonomy":"product_tag","embeddable":true,"href":"https:\/\/shop.kustom.ch\/en\/wp-json\/wp\/v2\/product_tag?post=648518"}],"curies":[{"name":"wp","href":"https:\/\/api.w.org\/{rel}","templated":true}]}}