{"id":648370,"date":"2025-04-07T19:35:38","date_gmt":"2025-04-07T18:35:38","guid":{"rendered":"https:\/\/shop.kustom.ch\/?post_type=product&#038;p=648370"},"modified":"2026-03-31T09:51:00","modified_gmt":"2026-03-31T08:51:00","slug":"flex-sneakers","status":"publish","type":"product","link":"https:\/\/shop.kustom.ch\/en\/product\/flex-sneakers\/","title":{"rendered":"Flex Sneakers"},"content":{"rendered":"<p>Introducing our latest model from the Essentials collection: the Flex sneakers. Designed to enhance your daily active experience, these sneakers are the perfect companion. Featuring a special Px Foam midsole, our green technology offers unrivalled flexibility, support and comfort. Crafted to respect the natural shape of your foot, the technical mesh ensures breathability and is made from 75% recycled polyester. As part of our commitment to sustainability, each pair of trainers is packaged in a recycled cardboard box.<\/p>\n<p>Material: Mesh: 75% certified recycled polyester, 25% PU. Midsole: 100% ETPU. Outsole: 100% rubber<\/p>","protected":false},"excerpt":{"rendered":"<p>Pr\u00e4sentieren wir Ihnen unser neuestes Modell aus der Essentials-Kollektion: die Flex Sneakers. Entworfen, um Ihr t\u00e4gliches aktives Erlebnis zu verbessern, sind diese Sneakers die perfekten Begleiter. Mit einer speziellen Zwischensohle aus Px Foam bietet unsere gr\u00fcne Technologie unvergleichliche Flexibilit\u00e4t, Unterst\u00fctzung und Komfort. Hergestellt, um die nat\u00fcrliche Form Ihres Fusses zu respektieren, sorgt das technische Mesh [&hellip;]<\/p>\n","protected":false},"featured_media":648385,"template":"","meta":[],"product_brand":[],"product_cat":[4197],"product_tag":[],"class_list":{"0":"post-648370","1":"product","2":"type-product","3":"status-publish","4":"has-post-thumbnail","6":"product_cat-schuhe-sandalen","7":"pa_brand-printer","8":"pa_brand-type-workwear","9":"pa_filter-color-blau","10":"pa_filter-color-grau","11":"pa_filter-color-gruen","12":"pa_filter-color-rot","13":"pa_filter-color-schwarz","14":"pa_filter-color-weiss","16":"first","17":"instock","18":"sale","19":"taxable","20":"shipping-taxable","21":"purchasable","22":"product-type-variable","23":"add-to-wishlist-before_image"},"exclude_global_add_ons":[],"addons":[],"acf":[],"_links":{"self":[{"href":"https:\/\/shop.kustom.ch\/en\/wp-json\/wp\/v2\/product\/648370"}],"collection":[{"href":"https:\/\/shop.kustom.ch\/en\/wp-json\/wp\/v2\/product"}],"about":[{"href":"https:\/\/shop.kustom.ch\/en\/wp-json\/wp\/v2\/types\/product"}],"wp:featuredmedia":[{"embeddable":true,"href":"https:\/\/shop.kustom.ch\/en\/wp-json\/wp\/v2\/media\/648385"}],"wp:attachment":[{"href":"https:\/\/shop.kustom.ch\/en\/wp-json\/wp\/v2\/media?parent=648370"}],"wp:term":[{"taxonomy":"product_brand","embeddable":true,"href":"https:\/\/shop.kustom.ch\/en\/wp-json\/wp\/v2\/product_brand?post=648370"},{"taxonomy":"product_cat","embeddable":true,"href":"https:\/\/shop.kustom.ch\/en\/wp-json\/wp\/v2\/product_cat?post=648370"},{"taxonomy":"product_tag","embeddable":true,"href":"https:\/\/shop.kustom.ch\/en\/wp-json\/wp\/v2\/product_tag?post=648370"}],"curies":[{"name":"wp","href":"https:\/\/api.w.org\/{rel}","templated":true}]}}