{"id":648197,"date":"2025-04-07T19:33:52","date_gmt":"2025-04-07T18:33:52","guid":{"rendered":"https:\/\/shop.kustom.ch\/?post_type=product&#038;p=648197"},"modified":"2026-03-31T09:51:36","modified_gmt":"2026-03-31T08:51:36","slug":"base-lady-jacket","status":"publish","type":"product","link":"https:\/\/shop.kustom.ch\/en\/product\/base-lady-jacket\/","title":{"rendered":"Base Lady Jacket"},"content":{"rendered":"<p>An essential lightweight padded jacket for any occasion. Designed in a regular fit and quilted with dynamic diagonal lines, Base combines style and functionality. With a detachable hood and elasticated trims along the edges, this jacket offers versatility and comfort. The upper chest front and back are strategically designed to highlight your personalisation. Made from 100% certified recycled polyamide, Base is not only environmentally friendly but also Oeko-Tex 100 certified. Packaged in a bio-based, compostable bag.<\/p>\n<p>Material: Outer fabric: 100% recycled polyamide 38 g\/m2. Lining: 100% recycled polyester. Filling: 100% recycled polyester 37 g\/m2. Oeko-Tex Standard 100<\/p>","protected":false},"excerpt":{"rendered":"<p>Eine essenzielle leichte wattierte Jacke f\u00fcr jede Gelegenheit. Im Regular Fit gestaltet und mit dynamischen diagonalen Linien gesteppt, vereint Base Stil und Funktionalit\u00e4t. Mit einer abnehmbaren Kapuze und elastischen Einfassungen entlang der R\u00e4nder bietet diese Jacke Vielseitigkeit und Komfort. Die obere Brustfront und der R\u00fccken sind strategisch gestaltet, um Ihre Personalisierung hervorzuheben. Hergestellt aus 100% [&hellip;]<\/p>\n","protected":false},"featured_media":648239,"template":"","meta":[],"product_brand":[],"product_cat":[4186],"product_tag":[],"class_list":{"0":"post-648197","1":"product","2":"type-product","3":"status-publish","4":"has-post-thumbnail","6":"product_cat-jacken","7":"pa_brand-printer","8":"pa_brand-type-workwear","9":"pa_filter-color-blau","10":"pa_filter-color-grau","11":"pa_filter-color-gruen","12":"pa_filter-color-rot","13":"pa_filter-color-schwarz","14":"pa_filter-color-weiss","16":"first","17":"instock","18":"sale","19":"taxable","20":"shipping-taxable","21":"purchasable","22":"product-type-variable","23":"add-to-wishlist-before_image"},"exclude_global_add_ons":[],"addons":[],"acf":[],"_links":{"self":[{"href":"https:\/\/shop.kustom.ch\/en\/wp-json\/wp\/v2\/product\/648197"}],"collection":[{"href":"https:\/\/shop.kustom.ch\/en\/wp-json\/wp\/v2\/product"}],"about":[{"href":"https:\/\/shop.kustom.ch\/en\/wp-json\/wp\/v2\/types\/product"}],"wp:featuredmedia":[{"embeddable":true,"href":"https:\/\/shop.kustom.ch\/en\/wp-json\/wp\/v2\/media\/648239"}],"wp:attachment":[{"href":"https:\/\/shop.kustom.ch\/en\/wp-json\/wp\/v2\/media?parent=648197"}],"wp:term":[{"taxonomy":"product_brand","embeddable":true,"href":"https:\/\/shop.kustom.ch\/en\/wp-json\/wp\/v2\/product_brand?post=648197"},{"taxonomy":"product_cat","embeddable":true,"href":"https:\/\/shop.kustom.ch\/en\/wp-json\/wp\/v2\/product_cat?post=648197"},{"taxonomy":"product_tag","embeddable":true,"href":"https:\/\/shop.kustom.ch\/en\/wp-json\/wp\/v2\/product_tag?post=648197"}],"curies":[{"name":"wp","href":"https:\/\/api.w.org\/{rel}","templated":true}]}}