{"id":647686,"date":"2025-04-05T01:57:24","date_gmt":"2025-04-05T00:57:24","guid":{"rendered":"https:\/\/shop.kustom.ch\/?post_type=product&#038;p=647686"},"modified":"2026-03-31T12:02:15","modified_gmt":"2026-03-31T11:02:15","slug":"yellow-bow-57-regular","status":"publish","type":"product","link":"https:\/\/shop.kustom.ch\/en\/product\/yellow-bow-57-regular\/","title":{"rendered":"Yellow Bow 57 Regular"},"content":{"rendered":"<p>The King Knit technique gives this shirt a beautiful structure and natural stretch. The fabric is easy-care treated and made from a blend of favourite materials. The white version is plain-coloured, while the structure is clearly visible in the light blue and green versions. The body length is 3 cm shorter.<\/p>\n<p>Material: 63% organic cotton, 37% recycled polyester. King Knit, Easy Care.<\/p>","protected":false},"excerpt":{"rendered":"<p>Die King Knit-Technik verleiht diesem Hemd eine sch\u00f6ne Struktur und nat\u00fcrliche Dehnbarkeit. Der Stoff ist Easy-Care-behandelt und aus einer Mischung bevorzugter Materialien gefertigt. Die weisse Variante ist einfarbig, w\u00e4hrend die Struktur bei den Varianten in Hellblau und Gr\u00fcn deutlich sichtbar ist. Die K\u00f6rperl\u00e4nge ist um 3 cm k\u00fcrzer. Material: 63% Bio baumwolle, 37% recyceltes Polyester. [&hellip;]<\/p>\n","protected":false},"featured_media":647731,"template":"","meta":[],"product_brand":[],"product_cat":[9874],"product_tag":[],"class_list":{"0":"post-647686","1":"product","2":"type-product","3":"status-publish","4":"has-post-thumbnail","6":"product_cat-hemden","7":"pa_brand-harvest-frost","8":"pa_brand-type-workwear","9":"pa_filter-color-blau","10":"pa_filter-color-gruen","11":"pa_filter-color-weiss","13":"first","14":"instock","15":"sale","16":"taxable","17":"shipping-taxable","18":"purchasable","19":"product-type-variable","20":"add-to-wishlist-before_image"},"exclude_global_add_ons":[],"addons":[],"acf":[],"_links":{"self":[{"href":"https:\/\/shop.kustom.ch\/en\/wp-json\/wp\/v2\/product\/647686"}],"collection":[{"href":"https:\/\/shop.kustom.ch\/en\/wp-json\/wp\/v2\/product"}],"about":[{"href":"https:\/\/shop.kustom.ch\/en\/wp-json\/wp\/v2\/types\/product"}],"wp:featuredmedia":[{"embeddable":true,"href":"https:\/\/shop.kustom.ch\/en\/wp-json\/wp\/v2\/media\/647731"}],"wp:attachment":[{"href":"https:\/\/shop.kustom.ch\/en\/wp-json\/wp\/v2\/media?parent=647686"}],"wp:term":[{"taxonomy":"product_brand","embeddable":true,"href":"https:\/\/shop.kustom.ch\/en\/wp-json\/wp\/v2\/product_brand?post=647686"},{"taxonomy":"product_cat","embeddable":true,"href":"https:\/\/shop.kustom.ch\/en\/wp-json\/wp\/v2\/product_cat?post=647686"},{"taxonomy":"product_tag","embeddable":true,"href":"https:\/\/shop.kustom.ch\/en\/wp-json\/wp\/v2\/product_tag?post=647686"}],"curies":[{"name":"wp","href":"https:\/\/api.w.org\/{rel}","templated":true}]}}