{"id":647385,"date":"2025-04-05T01:33:39","date_gmt":"2025-04-05T00:33:39","guid":{"rendered":"https:\/\/shop.kustom.ch\/?post_type=product&#038;p=647385"},"modified":"2026-03-31T10:49:59","modified_gmt":"2026-03-31T09:49:59","slug":"pinnacles","status":"publish","type":"product","link":"https:\/\/shop.kustom.ch\/en\/product\/pinnacles\/","title":{"rendered":"Pinnacles"},"content":{"rendered":"<p>Pinnacles, a 3-in-1 multifunctional outer jacket designed for maximum protection and comfort in wet conditions. The outer jacket is made from recycled polyester and features taped seams and waterproof zips to ensure complete water resistance. Two zipped side pockets and a zipped chest pocket for secure storage. Both the sleeves and hem are adjustable, with Velcro fastening on the sleeves and an elasticated drawcord at the hem, allowing for a customised fit. The hood is both adjustable and detachable, offering versatility, and the chin guard increases comfort by preventing chafing.<br \/>\nThe inner jacket is a padded jacket made from certified recycled polyamide and offers additional warmth. It also has two zipped pockets on the sides for secure storage and includes a chin guard for added comfort. This combination of functional rain jacket and padded inner jacket creates a versatile and protective layering system, ideal for a range of weather conditions. Packed in a bio-based, compostable bag.<\/p>\n<p>Material: Outer jacket: 100% recycled polyester, 38 g\/m2. Inner jacket: Outer fabric: 100% recycled polyamide, C.0 DWR. Lining: 100% recycled polyester 37 g\/m2. Filling: 95% recycled polyester, 5% polyester 160 g\/m2 body \/ 100 g\/m2 sleeves. Oeko-Tex Standard 100. WP 20000 \/ MVP 5000<\/p>","protected":false},"excerpt":{"rendered":"<p>Pinnacles, eine 3-in-1 Multifunktions Aussenjacke, entwickelt f\u00fcr maximalen Schutz und Komfort bei nassen Bedingungen. Die Aussenjacke besteht aus recyceltem Polyester und verf\u00fcgt \u00fcber versiegelte N\u00e4hte und wasserdichte Reissverschl\u00fcsse, um vollst\u00e4ndige Wasserresistenz zu gew\u00e4hrleisten. Zwei Reissverschlusstaschen an den Seiten und eine Reissverschluss-Brusttasche f\u00fcr sicheren Stauraum. Sowohl die \u00c4rmel als auch der Saum sind verstellbar, mit Klettverschluss [&hellip;]<\/p>\n","protected":false},"featured_media":647422,"template":"","meta":[],"product_brand":[],"product_cat":[4186],"product_tag":[],"class_list":{"0":"post-647385","1":"product","2":"type-product","3":"status-publish","4":"has-post-thumbnail","6":"product_cat-jacken","7":"pa_brand-harvest","8":"pa_brand-type-workwear","9":"pa_filter-color-blau","10":"pa_filter-color-grau","11":"pa_filter-color-schwarz","13":"first","14":"instock","15":"sale","16":"taxable","17":"shipping-taxable","18":"purchasable","19":"product-type-variable","20":"add-to-wishlist-before_image"},"exclude_global_add_ons":[],"addons":[],"acf":[],"_links":{"self":[{"href":"https:\/\/shop.kustom.ch\/en\/wp-json\/wp\/v2\/product\/647385"}],"collection":[{"href":"https:\/\/shop.kustom.ch\/en\/wp-json\/wp\/v2\/product"}],"about":[{"href":"https:\/\/shop.kustom.ch\/en\/wp-json\/wp\/v2\/types\/product"}],"wp:featuredmedia":[{"embeddable":true,"href":"https:\/\/shop.kustom.ch\/en\/wp-json\/wp\/v2\/media\/647422"}],"wp:attachment":[{"href":"https:\/\/shop.kustom.ch\/en\/wp-json\/wp\/v2\/media?parent=647385"}],"wp:term":[{"taxonomy":"product_brand","embeddable":true,"href":"https:\/\/shop.kustom.ch\/en\/wp-json\/wp\/v2\/product_brand?post=647385"},{"taxonomy":"product_cat","embeddable":true,"href":"https:\/\/shop.kustom.ch\/en\/wp-json\/wp\/v2\/product_cat?post=647385"},{"taxonomy":"product_tag","embeddable":true,"href":"https:\/\/shop.kustom.ch\/en\/wp-json\/wp\/v2\/product_tag?post=647385"}],"curies":[{"name":"wp","href":"https:\/\/api.w.org\/{rel}","templated":true}]}}