{"id":647322,"date":"2025-04-05T01:33:10","date_gmt":"2025-04-05T00:33:10","guid":{"rendered":"https:\/\/shop.kustom.ch\/?post_type=product&#038;p=647322"},"modified":"2026-03-31T10:35:11","modified_gmt":"2026-03-31T09:35:11","slug":"valley-vest","status":"publish","type":"product","link":"https:\/\/shop.kustom.ch\/en\/product\/valley-vest\/","title":{"rendered":"Valley Vest"},"content":{"rendered":"<p>The Valley waistcoat is a comfortable softshell waistcoat with bonding, made from certified recycled polyester and elastane. With its two zipped pockets on the sides and two inside pockets, it offers practical storage options. The chin guard provides additional comfort and protection from the elements, while the stretch fabric ensures freedom of movement. Packed in a bio-based, compostable bag.<\/p>\n<p>Material: Outer fabric: 96% recycled polyester, 4% elastane. 4-way stretch combined with 100% recycled polyester fleece, C.0 DWR . Oeko-Tex Standard 100<\/p>","protected":false},"excerpt":{"rendered":"<p>Die Valley Weste ist eine bequeme Softshell-Weste mit Bonding, hergestellt aus zertifiziertem Recycling-Polyester und Elasthan. Mit ihren zwei Reissverschlusstaschen an den Seiten und zwei Innentaschen bietet sie praktische Aufbewahrungsm\u00f6glichkeiten. Der Kinnschutz sorgt f\u00fcr zus\u00e4tzlichen Komfort und Schutz vor den Elementen, w\u00e4hrend die Stretch-Qualit\u00e4t Bewegungsfreiheit gew\u00e4hrleistet. Verpackt in einem biobasierten, kompostierbaren Beutel. Material: Aussenstoff: 96% Recycling-Polyester, [&hellip;]<\/p>\n","protected":false},"featured_media":647341,"template":"","meta":[],"product_brand":[],"product_cat":[4208],"product_tag":[],"class_list":{"0":"post-647322","1":"product","2":"type-product","3":"status-publish","4":"has-post-thumbnail","6":"product_cat-westen","7":"pa_brand-harvest","8":"pa_brand-type-workwear","9":"pa_filter-color-blau","10":"pa_filter-color-grau","11":"pa_filter-color-rot","12":"pa_filter-color-schwarz","14":"first","15":"instock","16":"sale","17":"taxable","18":"shipping-taxable","19":"purchasable","20":"product-type-variable","21":"add-to-wishlist-before_image"},"exclude_global_add_ons":[],"addons":[],"acf":[],"_links":{"self":[{"href":"https:\/\/shop.kustom.ch\/en\/wp-json\/wp\/v2\/product\/647322"}],"collection":[{"href":"https:\/\/shop.kustom.ch\/en\/wp-json\/wp\/v2\/product"}],"about":[{"href":"https:\/\/shop.kustom.ch\/en\/wp-json\/wp\/v2\/types\/product"}],"wp:featuredmedia":[{"embeddable":true,"href":"https:\/\/shop.kustom.ch\/en\/wp-json\/wp\/v2\/media\/647341"}],"wp:attachment":[{"href":"https:\/\/shop.kustom.ch\/en\/wp-json\/wp\/v2\/media?parent=647322"}],"wp:term":[{"taxonomy":"product_brand","embeddable":true,"href":"https:\/\/shop.kustom.ch\/en\/wp-json\/wp\/v2\/product_brand?post=647322"},{"taxonomy":"product_cat","embeddable":true,"href":"https:\/\/shop.kustom.ch\/en\/wp-json\/wp\/v2\/product_cat?post=647322"},{"taxonomy":"product_tag","embeddable":true,"href":"https:\/\/shop.kustom.ch\/en\/wp-json\/wp\/v2\/product_tag?post=647322"}],"curies":[{"name":"wp","href":"https:\/\/api.w.org\/{rel}","templated":true}]}}