{"id":647213,"date":"2025-04-05T01:32:29","date_gmt":"2025-04-05T00:32:29","guid":{"rendered":"https:\/\/shop.kustom.ch\/?post_type=product&#038;p=647213"},"modified":"2026-03-31T10:35:36","modified_gmt":"2026-03-31T09:35:36","slug":"atlantis-woman","status":"publish","type":"product","link":"https:\/\/shop.kustom.ch\/en\/product\/atlantis-woman\/","title":{"rendered":"Atlantis Woman"},"content":{"rendered":"<p>With excellent stretch and a modern fit, the Atlantis jeans offer freedom of movement throughout the day. With two front pockets and two back pockets, they combine functionality with style. Made from a blend of 59.5% pre-consumer recycled cotton, 22% certified recycled polyester, 16% post-consumer recycled cotton and 2.5% elastane, these jeans offer both comfort and environmental awareness. Available in a wide size range with a total of 24 different sizes, there is a perfect fit for everyone. Packaged in a compostable organic bag.<\/p>\n<p>Material: 59.5% pre-consumer recycled cotton, 22% recycled polyester, 16% post-consumer recycled cotton, 2.5% elastane. 400g\/m2<\/p>","protected":false},"excerpt":{"rendered":"<p>Mit einer hervorragenden Dehnbarkeit und einer modernen Passform bieten die Atlantis-Jeans Bewegungsfreiheit f\u00fcr den ganzen Tag. Mit zwei Vordertaschen und zwei Ges\u00e4sstaschen kombinieren sie Funktionalit\u00e4t mit Stil. Hergestellt aus einem Mix von 59,5% vorverbrauchte recycelte Baumwolle, 22% zertifiziertem recyceltem Polyester, 16% nachverbrauchtem Recycling-Baumwolle und 2,5% Elasthan, bieten diese Jeans sowohl Komfort als auch Umweltbewusstsein. Erh\u00e4ltlich [&hellip;]<\/p>\n","protected":false},"featured_media":647264,"template":"","meta":[],"product_brand":[],"product_cat":[4185],"product_tag":[],"class_list":{"0":"post-647213","1":"product","2":"type-product","3":"status-publish","4":"has-post-thumbnail","6":"product_cat-hosen","7":"pa_brand-harvest","8":"pa_brand-type-workwear","9":"pa_filter-color-blau","11":"first","12":"instock","13":"sale","14":"taxable","15":"shipping-taxable","16":"purchasable","17":"product-type-variable","18":"add-to-wishlist-before_image"},"exclude_global_add_ons":[],"addons":[],"acf":[],"_links":{"self":[{"href":"https:\/\/shop.kustom.ch\/en\/wp-json\/wp\/v2\/product\/647213"}],"collection":[{"href":"https:\/\/shop.kustom.ch\/en\/wp-json\/wp\/v2\/product"}],"about":[{"href":"https:\/\/shop.kustom.ch\/en\/wp-json\/wp\/v2\/types\/product"}],"wp:featuredmedia":[{"embeddable":true,"href":"https:\/\/shop.kustom.ch\/en\/wp-json\/wp\/v2\/media\/647264"}],"wp:attachment":[{"href":"https:\/\/shop.kustom.ch\/en\/wp-json\/wp\/v2\/media?parent=647213"}],"wp:term":[{"taxonomy":"product_brand","embeddable":true,"href":"https:\/\/shop.kustom.ch\/en\/wp-json\/wp\/v2\/product_brand?post=647213"},{"taxonomy":"product_cat","embeddable":true,"href":"https:\/\/shop.kustom.ch\/en\/wp-json\/wp\/v2\/product_cat?post=647213"},{"taxonomy":"product_tag","embeddable":true,"href":"https:\/\/shop.kustom.ch\/en\/wp-json\/wp\/v2\/product_tag?post=647213"}],"curies":[{"name":"wp","href":"https:\/\/api.w.org\/{rel}","templated":true}]}}