{"id":647212,"date":"2025-04-05T01:32:24","date_gmt":"2025-04-05T00:32:24","guid":{"rendered":"https:\/\/shop.kustom.ch\/produkt\/freehold-woman\/"},"modified":"2026-03-31T10:34:38","modified_gmt":"2026-03-31T09:34:38","slug":"freehold-woman","status":"publish","type":"product","link":"https:\/\/shop.kustom.ch\/en\/product\/freehold-woman\/","title":{"rendered":"Freehold Woman"},"content":{"rendered":"<p>Discover ultimate comfort and timeless style with our Freehold chino, crafted from 97% organic cotton and 3% spandex for superior stretch and a modern fit. The waistband features a concealed press stud, hook and eye fastening, drawstring and side elasticated panels for added comfort. With two front pockets and two back pockets, this chino offers both style and functionality. With a wide range of sizes, 16 different sizes in total, there is the perfect fit for everyone. Packed in a compostable organic bag.<\/p>\n<p>Material: 97% organic cotton, 3% elastane.  230g\/m2<\/p>","protected":false},"excerpt":{"rendered":"<p>Entdecken Sie ultimativen Komfort und zeitlosen Stil mit unserem Freehold-Chino, das aus 97% Organic-Baumwolle und 3% Elasthan gefertigt ist, um eine hervorragende Dehnbarkeit und eine moderne Passform zu gew\u00e4hrleisten. Der Bund ist mit einem versteckten Druckknopf, einer Haken- und \u00d6sen-Verschluss, einem Kordelzug und seitlichen Elastikeins\u00e4tzen f\u00fcr zus\u00e4tzlichen Komfort ausgestattet. Mit zwei Vordertaschen und zwei Ges\u00e4sstaschen [&hellip;]<\/p>\n","protected":false},"featured_media":647211,"template":"","meta":[],"product_brand":[],"product_cat":[4185],"product_tag":[],"class_list":{"0":"post-647212","1":"product","2":"type-product","3":"status-publish","4":"has-post-thumbnail","6":"product_cat-hosen","7":"pa_brand-harvest","8":"pa_brand-type-workwear","9":"pa_filter-color-beige","10":"pa_filter-color-blau","11":"pa_filter-color-schwarz","13":"first","14":"instock","15":"sale","16":"taxable","17":"shipping-taxable","18":"purchasable","19":"product-type-variable","20":"add-to-wishlist-before_image"},"exclude_global_add_ons":[],"addons":[],"acf":[],"_links":{"self":[{"href":"https:\/\/shop.kustom.ch\/en\/wp-json\/wp\/v2\/product\/647212"}],"collection":[{"href":"https:\/\/shop.kustom.ch\/en\/wp-json\/wp\/v2\/product"}],"about":[{"href":"https:\/\/shop.kustom.ch\/en\/wp-json\/wp\/v2\/types\/product"}],"wp:featuredmedia":[{"embeddable":true,"href":"https:\/\/shop.kustom.ch\/en\/wp-json\/wp\/v2\/media\/647211"}],"wp:attachment":[{"href":"https:\/\/shop.kustom.ch\/en\/wp-json\/wp\/v2\/media?parent=647212"}],"wp:term":[{"taxonomy":"product_brand","embeddable":true,"href":"https:\/\/shop.kustom.ch\/en\/wp-json\/wp\/v2\/product_brand?post=647212"},{"taxonomy":"product_cat","embeddable":true,"href":"https:\/\/shop.kustom.ch\/en\/wp-json\/wp\/v2\/product_cat?post=647212"},{"taxonomy":"product_tag","embeddable":true,"href":"https:\/\/shop.kustom.ch\/en\/wp-json\/wp\/v2\/product_tag?post=647212"}],"curies":[{"name":"wp","href":"https:\/\/api.w.org\/{rel}","templated":true}]}}