{"id":647074,"date":"2025-04-05T01:31:22","date_gmt":"2025-04-05T00:31:22","guid":{"rendered":"https:\/\/shop.kustom.ch\/?post_type=product&#038;p=647074"},"modified":"2026-03-31T10:41:38","modified_gmt":"2026-03-31T09:41:38","slug":"american-t-shirt-dress-women","status":"publish","type":"product","link":"https:\/\/shop.kustom.ch\/en\/product\/american-t-shirt-dress-women\/","title":{"rendered":"American T-shirt Dress Women"},"content":{"rendered":"<p>Enter the world of casual chic with the American T-shirt dress, designed for an uncomplicated yet stylish look. Made from 100% combed organic cotton. With a relaxed round neckline and stylish turn-up sleeves, it embodies a casual vibe that's ideal for everyday wear. The slit on the left side adds ease of movement and a modern touch.<\/p>\n<p>Material: 100% ring-spun, combed and enzyme-washed organic cotton<\/p>","protected":false},"excerpt":{"rendered":"<p>Betreten Sie die Welt des l\u00e4ssigen Chics mit dem American T-Shirt-Kleid, entworfen f\u00fcr einen unkomplizierten und dennoch stylischen Look. Hergestellt aus 100% gek\u00e4mmter Bio-Baumwolle. Mit einem entspannten Rundhalsausschnitt und stilvoll umgeschlagenen \u00c4rmeln verk\u00f6rpert es eine l\u00e4ssige Ausstrahlung, die ideal f\u00fcr den Alltag ist. Der Schlitz auf der linken Seite verleiht eine leichte Bewegung und einen [&hellip;]<\/p>\n","protected":false},"featured_media":647107,"template":"","meta":[],"product_brand":[],"product_cat":[4201],"product_tag":[],"class_list":{"0":"post-647074","1":"product","2":"type-product","3":"status-publish","4":"has-post-thumbnail","6":"product_cat-t-shirts","7":"pa_brand-harvest","8":"pa_brand-type-workwear","9":"pa_filter-color-blau","10":"pa_filter-color-grau","11":"pa_filter-color-gruen","12":"pa_filter-color-rot","13":"pa_filter-color-schwarz","14":"pa_filter-color-weiss","16":"first","17":"instock","18":"sale","19":"taxable","20":"shipping-taxable","21":"purchasable","22":"product-type-variable","23":"add-to-wishlist-before_image"},"exclude_global_add_ons":[],"addons":[],"acf":[],"_links":{"self":[{"href":"https:\/\/shop.kustom.ch\/en\/wp-json\/wp\/v2\/product\/647074"}],"collection":[{"href":"https:\/\/shop.kustom.ch\/en\/wp-json\/wp\/v2\/product"}],"about":[{"href":"https:\/\/shop.kustom.ch\/en\/wp-json\/wp\/v2\/types\/product"}],"wp:featuredmedia":[{"embeddable":true,"href":"https:\/\/shop.kustom.ch\/en\/wp-json\/wp\/v2\/media\/647107"}],"wp:attachment":[{"href":"https:\/\/shop.kustom.ch\/en\/wp-json\/wp\/v2\/media?parent=647074"}],"wp:term":[{"taxonomy":"product_brand","embeddable":true,"href":"https:\/\/shop.kustom.ch\/en\/wp-json\/wp\/v2\/product_brand?post=647074"},{"taxonomy":"product_cat","embeddable":true,"href":"https:\/\/shop.kustom.ch\/en\/wp-json\/wp\/v2\/product_cat?post=647074"},{"taxonomy":"product_tag","embeddable":true,"href":"https:\/\/shop.kustom.ch\/en\/wp-json\/wp\/v2\/product_tag?post=647074"}],"curies":[{"name":"wp","href":"https:\/\/api.w.org\/{rel}","templated":true}]}}