{"id":647065,"date":"2025-04-05T01:31:15","date_gmt":"2025-04-05T00:31:15","guid":{"rendered":"https:\/\/shop.kustom.ch\/?post_type=product&#038;p=647065"},"modified":"2026-03-31T10:40:14","modified_gmt":"2026-03-31T09:40:14","slug":"scarsdale-t-shirt-women","status":"publish","type":"product","link":"https:\/\/shop.kustom.ch\/en\/product\/scarsdale-t-shirt-women\/","title":{"rendered":"Scarsdale T-Shirt Women"},"content":{"rendered":"<p>Discover the Scarsdale T-shirt, made from the finest, long fibre, 100% ring-spun organic cotton for ultimate comfort. With its luxuriously soft interlock fabric, this shirt is designed for a perfect fit and will keep you comfortable all day long.<br \/>\nThe fabric is double pre-shrunk, enzyme washed and treated with silicone for a soft feel<\/p>\n<p>Material: 100% organic cotton<\/p>","protected":false},"excerpt":{"rendered":"<p>Entdecken Sie das Scarsdale T-Shirt, gefertigt aus feinster, langfaseriger, 100% ringgesponnener Bio-Baumwolle f\u00fcr h\u00f6chsten Komfort. Mit seinem luxuri\u00f6s weichen Interlock-Stoff ist dieses Shirt f\u00fcr eine perfekte Passform entworfen und h\u00e4lt Sie den ganzen Tag \u00fcber bequem. Der Stoff ist doppelt vorgeschrumpft, enzymgewaschen und mit einer Silikonbehandlung f\u00fcr ein weiches Tragegef\u00fchl versehen Material: 100% Bio-Baumwolle<\/p>","protected":false},"featured_media":647066,"template":"","meta":[],"product_brand":[],"product_cat":[4201],"product_tag":[],"class_list":{"0":"post-647065","1":"product","2":"type-product","3":"status-publish","4":"has-post-thumbnail","6":"product_cat-t-shirts","7":"pa_brand-harvest","8":"pa_brand-type-workwear","9":"pa_filter-color-blau","10":"pa_filter-color-braun","11":"pa_filter-color-schwarz","12":"pa_filter-color-weiss","14":"first","15":"instock","16":"sale","17":"taxable","18":"shipping-taxable","19":"purchasable","20":"product-type-variable","21":"add-to-wishlist-before_image"},"exclude_global_add_ons":[],"addons":[],"acf":[],"_links":{"self":[{"href":"https:\/\/shop.kustom.ch\/en\/wp-json\/wp\/v2\/product\/647065"}],"collection":[{"href":"https:\/\/shop.kustom.ch\/en\/wp-json\/wp\/v2\/product"}],"about":[{"href":"https:\/\/shop.kustom.ch\/en\/wp-json\/wp\/v2\/types\/product"}],"wp:featuredmedia":[{"embeddable":true,"href":"https:\/\/shop.kustom.ch\/en\/wp-json\/wp\/v2\/media\/647066"}],"wp:attachment":[{"href":"https:\/\/shop.kustom.ch\/en\/wp-json\/wp\/v2\/media?parent=647065"}],"wp:term":[{"taxonomy":"product_brand","embeddable":true,"href":"https:\/\/shop.kustom.ch\/en\/wp-json\/wp\/v2\/product_brand?post=647065"},{"taxonomy":"product_cat","embeddable":true,"href":"https:\/\/shop.kustom.ch\/en\/wp-json\/wp\/v2\/product_cat?post=647065"},{"taxonomy":"product_tag","embeddable":true,"href":"https:\/\/shop.kustom.ch\/en\/wp-json\/wp\/v2\/product_tag?post=647065"}],"curies":[{"name":"wp","href":"https:\/\/api.w.org\/{rel}","templated":true}]}}