{"id":646953,"date":"2025-04-05T01:30:13","date_gmt":"2025-04-05T00:30:13","guid":{"rendered":"https:\/\/shop.kustom.ch\/?post_type=product&#038;p=646953"},"modified":"2026-03-31T10:31:08","modified_gmt":"2026-03-31T09:31:08","slug":"zion-woman","status":"publish","type":"product","link":"https:\/\/shop.kustom.ch\/en\/product\/zion-woman\/","title":{"rendered":"Zion Woman"},"content":{"rendered":"<p>Introducing our versatile fleece jacket, made from certified recycled polyester and designed for comfort and style. This style features contrast topstitching for a modern touch and raglan sleeves for improved freedom of movement and a sporty look. The two zipped pockets on the sides offer convenient and secure storage for your essentials. This jacket offers warmth and durability. Packed in a bio-based, compostable bag.<\/p>\n<p>Material: 100% recycled polyester 230 gsm. Oeko-Tex Standard 100<\/p>","protected":false},"excerpt":{"rendered":"<p>Pr\u00e4sentieren wir Ihnen unsere vielseitige Fleece Jacke, hergestellt aus zertifiziertem Recycling-Polyester und designed f\u00fcr Komfort und Stil. Dieses Modell zeichnet sich durch Kontrast-Steppn\u00e4hte aus, die einen modernen Touch verleihen, sowie Raglan\u00e4rmel f\u00fcr verbesserte Bewegungsfreiheit und einen sportlichen Look. Die beiden Reissverschlusstaschen an den Seiten bieten bequeme und sichere Aufbewahrung f\u00fcr Ihre Essentials. Diese Jacke bietet [&hellip;]<\/p>\n","protected":false},"featured_media":646954,"template":"","meta":[],"product_brand":[],"product_cat":[4184],"product_tag":[],"class_list":{"0":"post-646953","1":"product","2":"type-product","3":"status-publish","4":"has-post-thumbnail","6":"product_cat-hoodies-pullover","7":"pa_brand-harvest","8":"pa_brand-type-workwear","9":"pa_filter-color-blau","10":"pa_filter-color-grau","11":"pa_filter-color-rot","12":"pa_filter-color-schwarz","14":"first","15":"instock","16":"sale","17":"taxable","18":"shipping-taxable","19":"purchasable","20":"product-type-variable","21":"add-to-wishlist-before_image"},"exclude_global_add_ons":[],"addons":[],"acf":[],"_links":{"self":[{"href":"https:\/\/shop.kustom.ch\/en\/wp-json\/wp\/v2\/product\/646953"}],"collection":[{"href":"https:\/\/shop.kustom.ch\/en\/wp-json\/wp\/v2\/product"}],"about":[{"href":"https:\/\/shop.kustom.ch\/en\/wp-json\/wp\/v2\/types\/product"}],"wp:featuredmedia":[{"embeddable":true,"href":"https:\/\/shop.kustom.ch\/en\/wp-json\/wp\/v2\/media\/646954"}],"wp:attachment":[{"href":"https:\/\/shop.kustom.ch\/en\/wp-json\/wp\/v2\/media?parent=646953"}],"wp:term":[{"taxonomy":"product_brand","embeddable":true,"href":"https:\/\/shop.kustom.ch\/en\/wp-json\/wp\/v2\/product_brand?post=646953"},{"taxonomy":"product_cat","embeddable":true,"href":"https:\/\/shop.kustom.ch\/en\/wp-json\/wp\/v2\/product_cat?post=646953"},{"taxonomy":"product_tag","embeddable":true,"href":"https:\/\/shop.kustom.ch\/en\/wp-json\/wp\/v2\/product_tag?post=646953"}],"curies":[{"name":"wp","href":"https:\/\/api.w.org\/{rel}","templated":true}]}}