{"id":646871,"date":"2025-04-05T01:29:24","date_gmt":"2025-04-05T00:29:24","guid":{"rendered":"https:\/\/shop.kustom.ch\/?post_type=product&#038;p=646871"},"modified":"2026-03-31T10:37:38","modified_gmt":"2026-03-31T09:37:38","slug":"scarsdale-jacket-women","status":"publish","type":"product","link":"https:\/\/shop.kustom.ch\/en\/product\/scarsdale-jacket-women\/","title":{"rendered":"Scarsdale Jacket Women"},"content":{"rendered":"<p>Meet the Scarsdale jacket - a modern interpretation of the timeless bomber look. Made from certified recycled polyester, this lightweight jacket is ideal for the cooler months and combines style and comfort. Like its counterpart, the waistcoat, it features elegant vertical topstitching for a contemporary look. The soft, ribbed collar, cuffs and hem with contrasting stripes from the collection's colour palette add a stylish and striking detail. It also features a water-repellent C0 Bionic Finish Eco coating.<\/p>\n<p>Material: Outer material: 100% recycled polyester. Padding: 95% recycled polyester, 5% polyester, Bluesign. Lining: 100% recycled polyester<\/p>","protected":false},"excerpt":{"rendered":"<p>Lernen Sie die Scarsdale Jacke kennen \u2013 eine moderne Interpretation des zeitlosen Bomber-Looks. Aus zertifiziertem recyceltem Polyester gefertigt, ist diese leichte Jacke ideal f\u00fcr die k\u00fchleren Monate und vereint Stil und Komfort. Wie ihr Pendant, die Weste, besticht sie durch elegante vertikale Steppn\u00e4hte f\u00fcr einen zeitgem\u00e4ssen Look. Der weiche, gerippte Kragen, die B\u00fcndchen und der [&hellip;]<\/p>\n","protected":false},"featured_media":646930,"template":"","meta":[],"product_brand":[],"product_cat":[4186],"product_tag":[],"class_list":{"0":"post-646871","1":"product","2":"type-product","3":"status-publish","4":"has-post-thumbnail","6":"product_cat-jacken","7":"pa_brand-harvest","8":"pa_brand-type-workwear","9":"pa_filter-color-blau","10":"pa_filter-color-schwarz","12":"first","13":"instock","14":"sale","15":"taxable","16":"shipping-taxable","17":"purchasable","18":"product-type-variable","19":"add-to-wishlist-before_image"},"exclude_global_add_ons":[],"addons":[],"acf":[],"_links":{"self":[{"href":"https:\/\/shop.kustom.ch\/en\/wp-json\/wp\/v2\/product\/646871"}],"collection":[{"href":"https:\/\/shop.kustom.ch\/en\/wp-json\/wp\/v2\/product"}],"about":[{"href":"https:\/\/shop.kustom.ch\/en\/wp-json\/wp\/v2\/types\/product"}],"wp:featuredmedia":[{"embeddable":true,"href":"https:\/\/shop.kustom.ch\/en\/wp-json\/wp\/v2\/media\/646930"}],"wp:attachment":[{"href":"https:\/\/shop.kustom.ch\/en\/wp-json\/wp\/v2\/media?parent=646871"}],"wp:term":[{"taxonomy":"product_brand","embeddable":true,"href":"https:\/\/shop.kustom.ch\/en\/wp-json\/wp\/v2\/product_brand?post=646871"},{"taxonomy":"product_cat","embeddable":true,"href":"https:\/\/shop.kustom.ch\/en\/wp-json\/wp\/v2\/product_cat?post=646871"},{"taxonomy":"product_tag","embeddable":true,"href":"https:\/\/shop.kustom.ch\/en\/wp-json\/wp\/v2\/product_tag?post=646871"}],"curies":[{"name":"wp","href":"https:\/\/api.w.org\/{rel}","templated":true}]}}