{"id":646818,"date":"2025-04-05T01:28:55","date_gmt":"2025-04-05T00:28:55","guid":{"rendered":"https:\/\/shop.kustom.ch\/?post_type=product&#038;p=646818"},"modified":"2026-03-31T10:49:55","modified_gmt":"2026-03-31T09:49:55","slug":"mammoth-woman","status":"publish","type":"product","link":"https:\/\/shop.kustom.ch\/en\/product\/mammoth-woman\/","title":{"rendered":"Mammoth Woman"},"content":{"rendered":"<p>A technical softshell jacket made from certified recycled polyester and elastane, offering both functionality and comfort. Two zipped side pockets, a zipped chest pocket and two additional inside pockets for maximum storage space. The sleeves are adjustable with Velcro, allowing for a customised fit to ward off wind and rain. The hem can be adjusted with an elasticated drawstring to ensure a close fit. The jacket also has a chin guard to increase comfort. This combination of features makes the jacket ideal for outdoor activities, offering both practicality and adaptability to changing weather conditions. Packed in a bio-based, compostable bag.<\/p>\n<p>Material: Outer fabric: 96% recycled polyester, 4% elastane. 4-way stretch combined with 100% recycled polyester fleece 330 g\/m2. Oeko-Tex Standard 100<\/p>","protected":false},"excerpt":{"rendered":"<p>Eine technische Softshell Jacke, hergestellt aus zertifiziertem Recycling-Polyester und Elasthan, und bietet sowohl Funktionalit\u00e4t als auch Komfort. Zwei Reissverschlusstaschen an den Seiten, eine Reissverschluss-Brusttasche und zwei zus\u00e4tzliche Innentaschen f\u00fcr maximalen Stauraum. Die \u00c4rmel sind mit Klettverschluss verstellbar, was eine individuelle Anpassung erm\u00f6glicht, um Wind und Regen abzuwehren. Der Saum kann mit einem elastischen Kordelzug verstellt [&hellip;]<\/p>\n","protected":false},"featured_media":646855,"template":"","meta":[],"product_brand":[],"product_cat":[4186],"product_tag":[],"class_list":{"0":"post-646818","1":"product","2":"type-product","3":"status-publish","4":"has-post-thumbnail","6":"product_cat-jacken","7":"pa_brand-harvest","8":"pa_brand-type-workwear","9":"pa_filter-color-blau","10":"pa_filter-color-grau","11":"pa_filter-color-rot","12":"pa_filter-color-schwarz","14":"first","15":"instock","16":"sale","17":"taxable","18":"shipping-taxable","19":"purchasable","20":"product-type-variable","21":"add-to-wishlist-before_image"},"exclude_global_add_ons":[],"addons":[],"acf":[],"_links":{"self":[{"href":"https:\/\/shop.kustom.ch\/en\/wp-json\/wp\/v2\/product\/646818"}],"collection":[{"href":"https:\/\/shop.kustom.ch\/en\/wp-json\/wp\/v2\/product"}],"about":[{"href":"https:\/\/shop.kustom.ch\/en\/wp-json\/wp\/v2\/types\/product"}],"wp:featuredmedia":[{"embeddable":true,"href":"https:\/\/shop.kustom.ch\/en\/wp-json\/wp\/v2\/media\/646855"}],"wp:attachment":[{"href":"https:\/\/shop.kustom.ch\/en\/wp-json\/wp\/v2\/media?parent=646818"}],"wp:term":[{"taxonomy":"product_brand","embeddable":true,"href":"https:\/\/shop.kustom.ch\/en\/wp-json\/wp\/v2\/product_brand?post=646818"},{"taxonomy":"product_cat","embeddable":true,"href":"https:\/\/shop.kustom.ch\/en\/wp-json\/wp\/v2\/product_cat?post=646818"},{"taxonomy":"product_tag","embeddable":true,"href":"https:\/\/shop.kustom.ch\/en\/wp-json\/wp\/v2\/product_tag?post=646818"}],"curies":[{"name":"wp","href":"https:\/\/api.w.org\/{rel}","templated":true}]}}