{"id":646688,"date":"2025-04-05T01:28:01","date_gmt":"2025-04-05T00:28:01","guid":{"rendered":"https:\/\/shop.kustom.ch\/?post_type=product&#038;p=646688"},"modified":"2026-03-31T10:34:26","modified_gmt":"2026-03-31T09:34:26","slug":"meadows-vest-woman","status":"publish","type":"product","link":"https:\/\/shop.kustom.ch\/en\/product\/meadows-vest-woman\/","title":{"rendered":"Meadows Vest Woman"},"content":{"rendered":"<p>The Meadows waistcoat is made from durable ripstop outer fabric, which is made from certified recycled polyamide. This modern waistcoat features two zipped side pockets and a zipped chest pocket for convenient and secure storage. The front yoke allows for easy personalisation, making the waistcoat unique. The elasticated edging at the armholes ensures a close fit, while the adjustable hem with elasticated drawstring offers individual comfort. The gilet also features an inner pocket with Velcro fastening and a chin guard for added comfort and protection. Packed in a bio-based, compostable bag.<\/p>\n<p>Material: Outer material: 100% recycled polyamide, ripstop 38 g\/m2. Lining: 100% recycled polyester 37 g\/m2. Filling: recycled quality 180 g\/m2. Oeko-Tex Standard 100<\/p>","protected":false},"excerpt":{"rendered":"<p>Die Meadows Weste ist aus strapazierf\u00e4higem Ripstop-Aussenstoff gefertigt, der aus zertifiziertem Recycling-Polyamid besteht. Diese moderne Weste verf\u00fcgt \u00fcber zwei Reissverschlusstaschen an den Seiten und eine Reissverschluss-Brusttasche f\u00fcr bequeme und sichere Aufbewahrung. Die vordere Passe erm\u00f6glicht eine einfache Personalisierung, sodass die Weste einzigartig wird. Die elastische Einfassung an den Arml\u00f6chern sorgt f\u00fcr eine enge Passform, w\u00e4hrend [&hellip;]<\/p>\n","protected":false},"featured_media":646747,"template":"","meta":[],"product_brand":[],"product_cat":[4186],"product_tag":[],"class_list":{"0":"post-646688","1":"product","2":"type-product","3":"status-publish","4":"has-post-thumbnail","6":"product_cat-jacken","7":"pa_brand-harvest","8":"pa_brand-type-workwear","9":"pa_filter-color-blau","10":"pa_filter-color-grau","11":"pa_filter-color-rot","12":"pa_filter-color-schwarz","14":"first","15":"instock","16":"sale","17":"taxable","18":"shipping-taxable","19":"purchasable","20":"product-type-variable","21":"add-to-wishlist-before_image"},"exclude_global_add_ons":[],"addons":[],"acf":[],"_links":{"self":[{"href":"https:\/\/shop.kustom.ch\/en\/wp-json\/wp\/v2\/product\/646688"}],"collection":[{"href":"https:\/\/shop.kustom.ch\/en\/wp-json\/wp\/v2\/product"}],"about":[{"href":"https:\/\/shop.kustom.ch\/en\/wp-json\/wp\/v2\/types\/product"}],"wp:featuredmedia":[{"embeddable":true,"href":"https:\/\/shop.kustom.ch\/en\/wp-json\/wp\/v2\/media\/646747"}],"wp:attachment":[{"href":"https:\/\/shop.kustom.ch\/en\/wp-json\/wp\/v2\/media?parent=646688"}],"wp:term":[{"taxonomy":"product_brand","embeddable":true,"href":"https:\/\/shop.kustom.ch\/en\/wp-json\/wp\/v2\/product_brand?post=646688"},{"taxonomy":"product_cat","embeddable":true,"href":"https:\/\/shop.kustom.ch\/en\/wp-json\/wp\/v2\/product_cat?post=646688"},{"taxonomy":"product_tag","embeddable":true,"href":"https:\/\/shop.kustom.ch\/en\/wp-json\/wp\/v2\/product_tag?post=646688"}],"curies":[{"name":"wp","href":"https:\/\/api.w.org\/{rel}","templated":true}]}}