{"id":646623,"date":"2025-04-05T01:27:25","date_gmt":"2025-04-05T00:27:25","guid":{"rendered":"https:\/\/shop.kustom.ch\/?post_type=product&#038;p=646623"},"modified":"2026-03-31T10:31:06","modified_gmt":"2026-03-31T09:31:06","slug":"northport-woman","status":"publish","type":"product","link":"https:\/\/shop.kustom.ch\/en\/product\/northport-woman\/","title":{"rendered":"Northport Woman"},"content":{"rendered":"<p>Our Northport jacket is designed to keep you warm and dry on icy winter days. Made from a blend of 62% certified recycled polyester and 38% polyester, this mid-length jacket combines durability and style. It features a water-repellent finish (C0 Bionic Finish Eco), waterproof zips and an easily adjustable hood with elasticated drawcord for optimum protection. Experience extra comfort and warmth thanks to the soft lining in the spacious front pockets, the sleeves with inner cuffs and thumbholes to keep the wind out, while the two-way zip and side slits allow effortless movement anywhere. Packed in a compostable organic bag.<\/p>\n<p>Material: Outer material: 62% recycled polyester, 38% polyester, 195 g\/m\u00b2. WP 5000 \/ MVP 5000. filling: 100% recycled polyester. Lining: 100% recycled polyamide, 38 g\/m\u00b2<\/p>","protected":false},"excerpt":{"rendered":"<p>Unsere Northport-Jacke ist darauf ausgelegt, Sie an eisigen Wintertagen warm und trocken zu halten. Hergestellt aus einer Mischung von 62% zertifiziertem Recycling-Polyester und 38% Polyester, vereint diese mittellange Jacke Haltbarkeit und Stil. Sie verf\u00fcgt \u00fcber eine wasserabweisende Ausr\u00fcstung (C0 Bionic Finish Eco), wasserdichte Reissverschl\u00fcsse und eine leicht verstellbare Kapuze mit elastischem Kordelzug f\u00fcr optimalen Schutz. [&hellip;]<\/p>\n","protected":false},"featured_media":646624,"template":"","meta":[],"product_brand":[],"product_cat":[4186],"product_tag":[],"class_list":{"0":"post-646623","1":"product","2":"type-product","3":"status-publish","4":"has-post-thumbnail","6":"product_cat-jacken","7":"pa_brand-harvest","8":"pa_brand-type-workwear","9":"pa_filter-color-blau","10":"pa_filter-color-schwarz","12":"first","13":"instock","14":"sale","15":"taxable","16":"shipping-taxable","17":"purchasable","18":"product-type-variable","19":"add-to-wishlist-before_image"},"exclude_global_add_ons":[],"addons":[],"acf":[],"_links":{"self":[{"href":"https:\/\/shop.kustom.ch\/en\/wp-json\/wp\/v2\/product\/646623"}],"collection":[{"href":"https:\/\/shop.kustom.ch\/en\/wp-json\/wp\/v2\/product"}],"about":[{"href":"https:\/\/shop.kustom.ch\/en\/wp-json\/wp\/v2\/types\/product"}],"wp:featuredmedia":[{"embeddable":true,"href":"https:\/\/shop.kustom.ch\/en\/wp-json\/wp\/v2\/media\/646624"}],"wp:attachment":[{"href":"https:\/\/shop.kustom.ch\/en\/wp-json\/wp\/v2\/media?parent=646623"}],"wp:term":[{"taxonomy":"product_brand","embeddable":true,"href":"https:\/\/shop.kustom.ch\/en\/wp-json\/wp\/v2\/product_brand?post=646623"},{"taxonomy":"product_cat","embeddable":true,"href":"https:\/\/shop.kustom.ch\/en\/wp-json\/wp\/v2\/product_cat?post=646623"},{"taxonomy":"product_tag","embeddable":true,"href":"https:\/\/shop.kustom.ch\/en\/wp-json\/wp\/v2\/product_tag?post=646623"}],"curies":[{"name":"wp","href":"https:\/\/api.w.org\/{rel}","templated":true}]}}