{"id":646301,"date":"2025-04-05T01:25:08","date_gmt":"2025-04-05T00:25:08","guid":{"rendered":"https:\/\/shop.kustom.ch\/?post_type=product&#038;p=646301"},"modified":"2026-03-31T10:32:42","modified_gmt":"2026-03-31T09:32:42","slug":"scarsdale-vest-men","status":"publish","type":"product","link":"https:\/\/shop.kustom.ch\/en\/product\/scarsdale-vest-men\/","title":{"rendered":"Scarsdale Vest Men"},"content":{"rendered":"<p>The Scarsdale waistcoat is your favourite for an elegant but functional look. Designed with vertical quilting, this waistcoat is ideal for layering over casual and business wear. Featuring a metal-coloured two-way zip for the main opening and concealed padded pockets, it offers a balance of style and practicality. The soft, ribbed collar with contrasting stripes from the collection's colour palette adds a subtle but striking accent. It also features a water-repellent C0 Bionic Finish Eco coating.<\/p>\n<p>Material: Outer material: 100% recycled polyester Padding: 95% recycled polyester, 5% polyester, Bluesign. Lining: 100% recycled polyester<\/p>","protected":false},"excerpt":{"rendered":"<p>Die Scarsdale Weste ist Ihr Favorit f\u00fcr einen eleganten, aber funktionalen Look. Mit vertikaler Steppung designt, eignet sich diese Weste ideal zum \u00dcberziehen \u00fcber Freizeit- und Businesskleidung. Ausgestattet mit einem metallfarbenen Zwei-Wege-Reissverschluss f\u00fcr die Haupt\u00f6ffnung und versteckten gepolsterten Taschen, bietet sie eine Balance aus Stil und Praktikabilit\u00e4t. Der weiche, gerippte Kragen mit kontrastierenden Streifen aus [&hellip;]<\/p>\n","protected":false},"featured_media":646323,"template":"","meta":[],"product_brand":[],"product_cat":[4208],"product_tag":[],"class_list":{"0":"post-646301","1":"product","2":"type-product","3":"status-publish","4":"has-post-thumbnail","6":"product_cat-westen","7":"pa_brand-harvest","8":"pa_brand-type-workwear","9":"pa_filter-color-blau","10":"pa_filter-color-schwarz","12":"first","13":"instock","14":"sale","15":"taxable","16":"shipping-taxable","17":"purchasable","18":"product-type-variable","19":"add-to-wishlist-before_image"},"exclude_global_add_ons":[],"addons":[],"acf":[],"_links":{"self":[{"href":"https:\/\/shop.kustom.ch\/en\/wp-json\/wp\/v2\/product\/646301"}],"collection":[{"href":"https:\/\/shop.kustom.ch\/en\/wp-json\/wp\/v2\/product"}],"about":[{"href":"https:\/\/shop.kustom.ch\/en\/wp-json\/wp\/v2\/types\/product"}],"wp:featuredmedia":[{"embeddable":true,"href":"https:\/\/shop.kustom.ch\/en\/wp-json\/wp\/v2\/media\/646323"}],"wp:attachment":[{"href":"https:\/\/shop.kustom.ch\/en\/wp-json\/wp\/v2\/media?parent=646301"}],"wp:term":[{"taxonomy":"product_brand","embeddable":true,"href":"https:\/\/shop.kustom.ch\/en\/wp-json\/wp\/v2\/product_brand?post=646301"},{"taxonomy":"product_cat","embeddable":true,"href":"https:\/\/shop.kustom.ch\/en\/wp-json\/wp\/v2\/product_cat?post=646301"},{"taxonomy":"product_tag","embeddable":true,"href":"https:\/\/shop.kustom.ch\/en\/wp-json\/wp\/v2\/product_tag?post=646301"}],"curies":[{"name":"wp","href":"https:\/\/api.w.org\/{rel}","templated":true}]}}