{"id":646233,"date":"2025-04-05T01:24:39","date_gmt":"2025-04-05T00:24:39","guid":{"rendered":"https:\/\/shop.kustom.ch\/?post_type=product&#038;p=646233"},"modified":"2026-03-31T10:40:24","modified_gmt":"2026-03-31T09:40:24","slug":"meadows","status":"publish","type":"product","link":"https:\/\/shop.kustom.ch\/en\/product\/meadows\/","title":{"rendered":"Meadows"},"content":{"rendered":"<p>The padded jacket with fixed hood is made from hard-wearing ripstop outer fabric, which is made from certified recycled polyamide. A stylish, warm jacket that offers exceptional comfort and functionality. This modern gilet features two zipped side pockets and a zipped chest pocket for convenient and secure storage. The front yoke allows for easy personalisation, making the waistcoat unique. The elasticated edging on the sleeves ensures a close fit, while the adjustable hem with elasticated drawstring offers individual comfort. The jacket also features an inner pocket with Velcro fastening and a chin guard for added comfort and protection. Packed in a bio-based, compostable bag.<\/p>\n<p>Material: Outer material: 100% recycled polyamide, ripstop 38 g\/m2. Lining: 100% recycled polyester 37 g\/m2. Filling: recycled quality 180 g\/m2. Oeko-Tex Standard 100<\/p>","protected":false},"excerpt":{"rendered":"<p>Die wattierte Jacke mit fester Kapuze ist aus strapazierf\u00e4higem Ripstop-Aussenstoff gefertigt, der aus zertifiziertem Recycling-Polyamid besteht. Eine stilvolle, warme Jacke, die aussergew\u00f6hnlichen Komfort und Funktionalit\u00e4t bietet. Diese moderne Weste verf\u00fcgt \u00fcber zwei Reissverschlusstaschen an den Seiten und eine Reissverschluss-Brusttasche f\u00fcr bequeme und sichere Aufbewahrung. Die vordere Passe erm\u00f6glicht eine einfache Personalisierung, sodass die Weste einzigartig [&hellip;]<\/p>\n","protected":false},"featured_media":646241,"template":"","meta":[],"product_brand":[],"product_cat":[4186],"product_tag":[],"class_list":{"0":"post-646233","1":"product","2":"type-product","3":"status-publish","4":"has-post-thumbnail","6":"product_cat-jacken","7":"pa_brand-harvest","8":"pa_brand-type-workwear","9":"pa_filter-color-blau","10":"pa_filter-color-grau","11":"pa_filter-color-rot","12":"pa_filter-color-schwarz","14":"first","15":"instock","16":"sale","17":"taxable","18":"shipping-taxable","19":"purchasable","20":"product-type-variable","21":"add-to-wishlist-before_image"},"exclude_global_add_ons":[],"addons":[],"acf":[],"_links":{"self":[{"href":"https:\/\/shop.kustom.ch\/en\/wp-json\/wp\/v2\/product\/646233"}],"collection":[{"href":"https:\/\/shop.kustom.ch\/en\/wp-json\/wp\/v2\/product"}],"about":[{"href":"https:\/\/shop.kustom.ch\/en\/wp-json\/wp\/v2\/types\/product"}],"wp:featuredmedia":[{"embeddable":true,"href":"https:\/\/shop.kustom.ch\/en\/wp-json\/wp\/v2\/media\/646241"}],"wp:attachment":[{"href":"https:\/\/shop.kustom.ch\/en\/wp-json\/wp\/v2\/media?parent=646233"}],"wp:term":[{"taxonomy":"product_brand","embeddable":true,"href":"https:\/\/shop.kustom.ch\/en\/wp-json\/wp\/v2\/product_brand?post=646233"},{"taxonomy":"product_cat","embeddable":true,"href":"https:\/\/shop.kustom.ch\/en\/wp-json\/wp\/v2\/product_cat?post=646233"},{"taxonomy":"product_tag","embeddable":true,"href":"https:\/\/shop.kustom.ch\/en\/wp-json\/wp\/v2\/product_tag?post=646233"}],"curies":[{"name":"wp","href":"https:\/\/api.w.org\/{rel}","templated":true}]}}