{"id":646141,"date":"2025-04-05T01:23:55","date_gmt":"2025-04-05T00:23:55","guid":{"rendered":"https:\/\/shop.kustom.ch\/?post_type=product&#038;p=646141"},"modified":"2026-03-31T10:40:53","modified_gmt":"2026-03-31T09:40:53","slug":"arches","status":"publish","type":"product","link":"https:\/\/shop.kustom.ch\/en\/product\/arches\/","title":{"rendered":"Arches"},"content":{"rendered":"<p>Padded jacket with concealed zip pockets and elasticated cuffs. Elasticated drawstring at the hem and an inner zip pocket. Made from lightweight, durable pongee material made from certified recycled polyester that feels soft against the skin. Channel quilted design filled with recycled synthetic insulation for exceptional warmth and comfort. Water repellent finish free from PFAS. Oeko-Tex 100 certified. Packed in a compostable organic bag.<\/p>\n<p>Material: Outer material : 100% recycled polyester 82 g\/m2. Lining : 100% recycled polyester 37 g\/m2. Filling : recycled quality. Oeko-Tex Standard 100. 160 g\/m2 body \/ 140 g\/m2 sleeves.<\/p>","protected":false},"excerpt":{"rendered":"<p>Wattierte Jacke mit versteckten Reissverschlusstaschen und elastischen B\u00fcndchen. Elastischer Kordelzug am Saum und eine innere Reissverschlusstasche. Hergestellt aus leichtem, strapazierf\u00e4higem Pongee-Material aus zertifiziertem Recycling-Polyester, das sich sanft auf der Haut anf\u00fchlt. Kanalgestepptes Design, gef\u00fcllt mit recyceltem synthetischen Isoliermaterial f\u00fcr aussergew\u00f6hnliche W\u00e4rme und Komfort. Wasserabweisende Ausr\u00fcstung frei von PFAS. Oeko-Tex 100 zertifiziert. Verpackt in einem kompostierbaren [&hellip;]<\/p>\n","protected":false},"featured_media":646158,"template":"","meta":[],"product_brand":[],"product_cat":[4186],"product_tag":[],"class_list":{"0":"post-646141","1":"product","2":"type-product","3":"status-publish","4":"has-post-thumbnail","6":"product_cat-jacken","7":"pa_brand-harvest","8":"pa_brand-type-workwear","9":"pa_filter-color-blau","10":"pa_filter-color-grau","11":"pa_filter-color-rot","12":"pa_filter-color-schwarz","14":"first","15":"instock","16":"sale","17":"taxable","18":"shipping-taxable","19":"purchasable","20":"product-type-variable","21":"add-to-wishlist-before_image"},"exclude_global_add_ons":[],"addons":[],"acf":[],"_links":{"self":[{"href":"https:\/\/shop.kustom.ch\/en\/wp-json\/wp\/v2\/product\/646141"}],"collection":[{"href":"https:\/\/shop.kustom.ch\/en\/wp-json\/wp\/v2\/product"}],"about":[{"href":"https:\/\/shop.kustom.ch\/en\/wp-json\/wp\/v2\/types\/product"}],"wp:featuredmedia":[{"embeddable":true,"href":"https:\/\/shop.kustom.ch\/en\/wp-json\/wp\/v2\/media\/646158"}],"wp:attachment":[{"href":"https:\/\/shop.kustom.ch\/en\/wp-json\/wp\/v2\/media?parent=646141"}],"wp:term":[{"taxonomy":"product_brand","embeddable":true,"href":"https:\/\/shop.kustom.ch\/en\/wp-json\/wp\/v2\/product_brand?post=646141"},{"taxonomy":"product_cat","embeddable":true,"href":"https:\/\/shop.kustom.ch\/en\/wp-json\/wp\/v2\/product_cat?post=646141"},{"taxonomy":"product_tag","embeddable":true,"href":"https:\/\/shop.kustom.ch\/en\/wp-json\/wp\/v2\/product_tag?post=646141"}],"curies":[{"name":"wp","href":"https:\/\/api.w.org\/{rel}","templated":true}]}}